{"id":1131,"date":"2022-03-15T17:52:51","date_gmt":"2022-03-15T17:52:51","guid":{"rendered":"https:\/\/energycitizens.org\/?page_id=1131"},"modified":"2022-03-23T19:13:35","modified_gmt":"2022-03-23T19:13:35","slug":"why-the-gulf-of-mexico-is-vital-for-us-energy-security","status":"publish","type":"page","link":"https:\/\/energycitizens.org\/es\/why-the-gulf-of-mexico-is-vital-for-us-energy-security\/","title":{"rendered":"Por qu\u00e9 el Golfo de M\u00e9xico es vital para la seguridad energ\u00e9tica de EE.UU."},"content":{"rendered":"","protected":false},"excerpt":{"rendered":"","protected":false},"author":8,"featured_media":1121,"parent":0,"menu_order":0,"comment_status":"closed","ping_status":"closed","template":"","meta":{"_acf_changed":false,"_editorskit_title_hidden":false,"_editorskit_reading_time":1,"_editorskit_is_block_options_detached":false,"_editorskit_block_options_position":"{}","inline_featured_image":false,"footnotes":""},"class_list":["post-1131","page","type-page","status-publish","has-post-thumbnail","hentry"],"acf":[],"yoast_head":"<!-- This site is optimized with the Yoast SEO plugin v27.2 - https:\/\/yoast.com\/product\/yoast-seo-wordpress\/ -->\n<title>Why the Gulf of Mexico is Vital for U.S. Energy Security - Energy Citizens<\/title>\n<meta name=\"description\" content=\"As geopolitical tensions rise and energy prices continue to climb higher, both in the U.S. and across Europe, the world is looking to America for energy leadership and stability. Instead, this administration continues to restrict access to America\u2019s oil and natural gas resources, and legal and regulatory uncertainty is hindering increased energy production right here at home.\" \/>\n<meta name=\"robots\" content=\"index, follow, max-snippet:-1, max-image-preview:large, max-video-preview:-1\" \/>\n<link rel=\"canonical\" href=\"https:\/\/energycitizens.org\/es\/why-the-gulf-of-mexico-is-vital-for-us-energy-security\/\" \/>\n<meta property=\"og:locale\" content=\"es_MX\" \/>\n<meta property=\"og:type\" content=\"article\" \/>\n<meta property=\"og:title\" content=\"Why the Gulf of Mexico is Vital for U.S. Energy Security - Energy Citizens\" \/>\n<meta property=\"og:description\" content=\"As geopolitical tensions rise and energy prices continue to climb higher, both in the U.S. and across Europe, the world is looking to America for energy leadership and stability. Instead, this administration continues to restrict access to America\u2019s oil and natural gas resources, and legal and regulatory uncertainty is hindering increased energy production right here at home.\" \/>\n<meta property=\"og:url\" content=\"https:\/\/energycitizens.org\/es\/why-the-gulf-of-mexico-is-vital-for-us-energy-security\/\" \/>\n<meta property=\"og:site_name\" content=\"Energy Citizens\" \/>\n<meta property=\"article:modified_time\" content=\"2022-03-23T19:13:35+00:00\" \/>\n<meta property=\"og:image\" content=\"https:\/\/energycitizens.org\/wp-content\/uploads\/2022\/03\/Picture7.png\" \/>\n\t<meta property=\"og:image:width\" content=\"1910\" \/>\n\t<meta property=\"og:image:height\" content=\"1273\" \/>\n\t<meta property=\"og:image:type\" content=\"image\/png\" \/>\n<meta name=\"twitter:card\" content=\"summary_large_image\" \/>\n<script type=\"application\/ld+json\" class=\"yoast-schema-graph\">{\"@context\":\"https:\/\/schema.org\",\"@graph\":[{\"@type\":\"WebPage\",\"@id\":\"https:\/\/energycitizens.org\/why-the-gulf-of-mexico-is-vital-for-us-energy-security\/\",\"url\":\"https:\/\/energycitizens.org\/why-the-gulf-of-mexico-is-vital-for-us-energy-security\/\",\"name\":\"Why the Gulf of Mexico is Vital for U.S. Energy Security - Energy Citizens\",\"isPartOf\":{\"@id\":\"https:\/\/energycitizens.org\/#website\"},\"primaryImageOfPage\":{\"@id\":\"https:\/\/energycitizens.org\/why-the-gulf-of-mexico-is-vital-for-us-energy-security\/#primaryimage\"},\"image\":{\"@id\":\"https:\/\/energycitizens.org\/why-the-gulf-of-mexico-is-vital-for-us-energy-security\/#primaryimage\"},\"thumbnailUrl\":\"https:\/\/energycitizens.org\/wp-content\/uploads\/2022\/03\/Picture7.png\",\"datePublished\":\"2022-03-15T17:52:51+00:00\",\"dateModified\":\"2022-03-23T19:13:35+00:00\",\"description\":\"As geopolitical tensions rise and energy prices continue to climb higher, both in the U.S. and across Europe, the world is looking to America for energy leadership and stability. Instead, this administration continues to restrict access to America\u2019s oil and natural gas resources, and legal and regulatory uncertainty is hindering increased energy production right here at home.\",\"breadcrumb\":{\"@id\":\"https:\/\/energycitizens.org\/why-the-gulf-of-mexico-is-vital-for-us-energy-security\/#breadcrumb\"},\"inLanguage\":\"es\",\"potentialAction\":[{\"@type\":\"ReadAction\",\"target\":[\"https:\/\/energycitizens.org\/why-the-gulf-of-mexico-is-vital-for-us-energy-security\/\"]}]},{\"@type\":\"ImageObject\",\"inLanguage\":\"es\",\"@id\":\"https:\/\/energycitizens.org\/why-the-gulf-of-mexico-is-vital-for-us-energy-security\/#primaryimage\",\"url\":\"https:\/\/energycitizens.org\/wp-content\/uploads\/2022\/03\/Picture7.png\",\"contentUrl\":\"https:\/\/energycitizens.org\/wp-content\/uploads\/2022\/03\/Picture7.png\",\"width\":1910,\"height\":1273,\"caption\":\"Workers in the oil and gas industry as they meet at sunrise. Two oil derricks pump for oil behind them.\"},{\"@type\":\"BreadcrumbList\",\"@id\":\"https:\/\/energycitizens.org\/why-the-gulf-of-mexico-is-vital-for-us-energy-security\/#breadcrumb\",\"itemListElement\":[{\"@type\":\"ListItem\",\"position\":1,\"name\":\"Home\",\"item\":\"https:\/\/energycitizens.org\/\"},{\"@type\":\"ListItem\",\"position\":2,\"name\":\"Why the Gulf of Mexico is Vital for U.S. Energy Security\"}]},{\"@type\":\"WebSite\",\"@id\":\"https:\/\/energycitizens.org\/#website\",\"url\":\"https:\/\/energycitizens.org\/\",\"name\":\"Energy Citizens\",\"description\":\"\",\"potentialAction\":[{\"@type\":\"SearchAction\",\"target\":{\"@type\":\"EntryPoint\",\"urlTemplate\":\"https:\/\/energycitizens.org\/?s={search_term_string}\"},\"query-input\":{\"@type\":\"PropertyValueSpecification\",\"valueRequired\":true,\"valueName\":\"search_term_string\"}}],\"inLanguage\":\"es\"}]}<\/script>\n<!-- \/ Yoast SEO plugin. -->","yoast_head_json":{"title":"Why the Gulf of Mexico is Vital for U.S. Energy Security - Energy Citizens","description":"Ante el aumento de las tensiones geopol\u00edticas y la continua subida de los precios de la energ\u00eda, tanto en Estados Unidos como en Europa, el mundo busca en Estados Unidos liderazgo y estabilidad en materia energ\u00e9tica. Sin embargo, esta administraci\u00f3n sigue restringiendo el acceso a los recursos de petr\u00f3leo y gas natural estadounidenses, y la incertidumbre legal y regulatoria obstaculiza el aumento de la producci\u00f3n energ\u00e9tica en el pa\u00eds.","robots":{"index":"index","follow":"follow","max-snippet":"max-snippet:-1","max-image-preview":"max-image-preview:large","max-video-preview":"max-video-preview:-1"},"canonical":"https:\/\/energycitizens.org\/es\/why-the-gulf-of-mexico-is-vital-for-us-energy-security\/","og_locale":"es_MX","og_type":"article","og_title":"Why the Gulf of Mexico is Vital for U.S. Energy Security - Energy Citizens","og_description":"As geopolitical tensions rise and energy prices continue to climb higher, both in the U.S. and across Europe, the world is looking to America for energy leadership and stability. Instead, this administration continues to restrict access to America\u2019s oil and natural gas resources, and legal and regulatory uncertainty is hindering increased energy production right here at home.","og_url":"https:\/\/energycitizens.org\/es\/why-the-gulf-of-mexico-is-vital-for-us-energy-security\/","og_site_name":"Energy Citizens","article_modified_time":"2022-03-23T19:13:35+00:00","og_image":[{"width":1910,"height":1273,"url":"https:\/\/energycitizens.org\/wp-content\/uploads\/2022\/03\/Picture7.png","type":"image\/png"}],"twitter_card":"summary_large_image","schema":{"@context":"https:\/\/schema.org","@graph":[{"@type":"WebPage","@id":"https:\/\/energycitizens.org\/why-the-gulf-of-mexico-is-vital-for-us-energy-security\/","url":"https:\/\/energycitizens.org\/why-the-gulf-of-mexico-is-vital-for-us-energy-security\/","name":"Why the Gulf of Mexico is Vital for U.S. Energy Security - Energy Citizens","isPartOf":{"@id":"https:\/\/energycitizens.org\/#website"},"primaryImageOfPage":{"@id":"https:\/\/energycitizens.org\/why-the-gulf-of-mexico-is-vital-for-us-energy-security\/#primaryimage"},"image":{"@id":"https:\/\/energycitizens.org\/why-the-gulf-of-mexico-is-vital-for-us-energy-security\/#primaryimage"},"thumbnailUrl":"https:\/\/energycitizens.org\/wp-content\/uploads\/2022\/03\/Picture7.png","datePublished":"2022-03-15T17:52:51+00:00","dateModified":"2022-03-23T19:13:35+00:00","description":"Ante el aumento de las tensiones geopol\u00edticas y la continua subida de los precios de la energ\u00eda, tanto en Estados Unidos como en Europa, el mundo busca en Estados Unidos liderazgo y estabilidad en materia energ\u00e9tica. Sin embargo, esta administraci\u00f3n sigue restringiendo el acceso a los recursos de petr\u00f3leo y gas natural estadounidenses, y la incertidumbre legal y regulatoria obstaculiza el aumento de la producci\u00f3n energ\u00e9tica en el pa\u00eds.","breadcrumb":{"@id":"https:\/\/energycitizens.org\/why-the-gulf-of-mexico-is-vital-for-us-energy-security\/#breadcrumb"},"inLanguage":"es","potentialAction":[{"@type":"ReadAction","target":["https:\/\/energycitizens.org\/why-the-gulf-of-mexico-is-vital-for-us-energy-security\/"]}]},{"@type":"ImageObject","inLanguage":"es","@id":"https:\/\/energycitizens.org\/why-the-gulf-of-mexico-is-vital-for-us-energy-security\/#primaryimage","url":"https:\/\/energycitizens.org\/wp-content\/uploads\/2022\/03\/Picture7.png","contentUrl":"https:\/\/energycitizens.org\/wp-content\/uploads\/2022\/03\/Picture7.png","width":1910,"height":1273,"caption":"Workers in the oil and gas industry as they meet at sunrise. Two oil derricks pump for oil behind them."},{"@type":"BreadcrumbList","@id":"https:\/\/energycitizens.org\/why-the-gulf-of-mexico-is-vital-for-us-energy-security\/#breadcrumb","itemListElement":[{"@type":"ListItem","position":1,"name":"Home","item":"https:\/\/energycitizens.org\/"},{"@type":"ListItem","position":2,"name":"Why the Gulf of Mexico is Vital for U.S. Energy Security"}]},{"@type":"WebSite","@id":"https:\/\/energycitizens.org\/#website","url":"https:\/\/energycitizens.org\/","name":"L\u00edderes de la Energ\u00eda","description":"","potentialAction":[{"@type":"SearchAction","target":{"@type":"EntryPoint","urlTemplate":"https:\/\/energycitizens.org\/?s={search_term_string}"},"query-input":{"@type":"PropertyValueSpecification","valueRequired":true,"valueName":"search_term_string"}}],"inLanguage":"es"}]}},"toolset-meta":{"page-options":{"page-header-description":{"type":"wysiwyg","raw":""},"page-content-background-image":{"type":"image","raw":"","attachment_id":null},"state-logo":{"type":"image","raw":"","attachment_id":null}}},"_links":{"self":[{"href":"https:\/\/energycitizens.org\/es\/wp-json\/wp\/v2\/pages\/1131","targetHints":{"allow":["GET"]}}],"collection":[{"href":"https:\/\/energycitizens.org\/es\/wp-json\/wp\/v2\/pages"}],"about":[{"href":"https:\/\/energycitizens.org\/es\/wp-json\/wp\/v2\/types\/page"}],"author":[{"embeddable":true,"href":"https:\/\/energycitizens.org\/es\/wp-json\/wp\/v2\/users\/8"}],"replies":[{"embeddable":true,"href":"https:\/\/energycitizens.org\/es\/wp-json\/wp\/v2\/comments?post=1131"}],"version-history":[{"count":0,"href":"https:\/\/energycitizens.org\/es\/wp-json\/wp\/v2\/pages\/1131\/revisions"}],"wp:featuredmedia":[{"embeddable":true,"href":"https:\/\/energycitizens.org\/es\/wp-json\/wp\/v2\/media\/1121"}],"wp:attachment":[{"href":"https:\/\/energycitizens.org\/es\/wp-json\/wp\/v2\/media?parent=1131"}],"curies":[{"name":"gracias","href":"https:\/\/api.w.org\/{rel}","templated":true}]}}