{"id":1155,"date":"2022-04-05T17:42:12","date_gmt":"2022-04-05T17:42:12","guid":{"rendered":"https:\/\/energycitizens.org\/?page_id=1155"},"modified":"2022-04-05T19:49:27","modified_gmt":"2022-04-05T19:49:27","slug":"energy-security-national-security","status":"publish","type":"page","link":"https:\/\/energycitizens.org\/es\/energy-security-national-security\/","title":{"rendered":"El papel fundamental de la seguridad energ\u00e9tica para garantizar nuestra seguridad nacional"},"content":{"rendered":"","protected":false},"excerpt":{"rendered":"","protected":false},"author":8,"featured_media":1156,"parent":0,"menu_order":0,"comment_status":"closed","ping_status":"closed","template":"","meta":{"_acf_changed":false,"_editorskit_title_hidden":false,"_editorskit_reading_time":1,"_editorskit_is_block_options_detached":false,"_editorskit_block_options_position":"{}","inline_featured_image":false,"footnotes":""},"class_list":["post-1155","page","type-page","status-publish","has-post-thumbnail","hentry"],"acf":[],"yoast_head":"<!-- This site is optimized with the Yoast SEO plugin v27.2 - https:\/\/yoast.com\/product\/yoast-seo-wordpress\/ -->\n<title>The Critical Role of Energy Security in Ensuring Our National Security - Energy Citizens<\/title>\n<meta name=\"description\" content=\"A strong American energy industry is key to our national security. Without reliable and affordable energy, our country is more dependent on foreign countries to power our daily lives. This is especially dangerous when global tensions are high and inflation is rising.\u00a0\" \/>\n<meta name=\"robots\" content=\"index, follow, max-snippet:-1, max-image-preview:large, max-video-preview:-1\" \/>\n<link rel=\"canonical\" href=\"https:\/\/energycitizens.org\/es\/energy-security-national-security\/\" \/>\n<meta property=\"og:locale\" content=\"es_MX\" \/>\n<meta property=\"og:type\" content=\"article\" \/>\n<meta property=\"og:title\" content=\"The Critical Role of Energy Security in Ensuring Our National Security - Energy Citizens\" \/>\n<meta property=\"og:description\" content=\"A strong American energy industry is key to our national security. Without reliable and affordable energy, our country is more dependent on foreign countries to power our daily lives. This is especially dangerous when global tensions are high and inflation is rising.\u00a0\" \/>\n<meta property=\"og:url\" content=\"https:\/\/energycitizens.org\/es\/energy-security-national-security\/\" \/>\n<meta property=\"og:site_name\" content=\"Energy Citizens\" \/>\n<meta property=\"article:modified_time\" content=\"2022-04-05T19:49:27+00:00\" \/>\n<meta property=\"og:image\" content=\"https:\/\/energycitizens.org\/wp-content\/uploads\/2022\/04\/GettyImages-1175927021-scaled.jpg\" \/>\n\t<meta property=\"og:image:width\" content=\"2560\" \/>\n\t<meta property=\"og:image:height\" content=\"1709\" \/>\n\t<meta property=\"og:image:type\" content=\"image\/jpeg\" \/>\n<meta name=\"twitter:card\" content=\"summary_large_image\" \/>\n<script type=\"application\/ld+json\" class=\"yoast-schema-graph\">{\"@context\":\"https:\/\/schema.org\",\"@graph\":[{\"@type\":\"WebPage\",\"@id\":\"https:\/\/energycitizens.org\/energy-security-national-security\/\",\"url\":\"https:\/\/energycitizens.org\/energy-security-national-security\/\",\"name\":\"The Critical Role of Energy Security in Ensuring Our National Security - Energy Citizens\",\"isPartOf\":{\"@id\":\"https:\/\/energycitizens.org\/#website\"},\"primaryImageOfPage\":{\"@id\":\"https:\/\/energycitizens.org\/energy-security-national-security\/#primaryimage\"},\"image\":{\"@id\":\"https:\/\/energycitizens.org\/energy-security-national-security\/#primaryimage\"},\"thumbnailUrl\":\"https:\/\/energycitizens.org\/wp-content\/uploads\/2022\/04\/GettyImages-1175927021-scaled.jpg\",\"datePublished\":\"2022-04-05T17:42:12+00:00\",\"dateModified\":\"2022-04-05T19:49:27+00:00\",\"description\":\"A strong American energy industry is key to our national security. Without reliable and affordable energy, our country is more dependent on foreign countries to power our daily lives. This is especially dangerous when global tensions are high and inflation is rising.\u00a0\",\"breadcrumb\":{\"@id\":\"https:\/\/energycitizens.org\/energy-security-national-security\/#breadcrumb\"},\"inLanguage\":\"es\",\"potentialAction\":[{\"@type\":\"ReadAction\",\"target\":[\"https:\/\/energycitizens.org\/energy-security-national-security\/\"]}]},{\"@type\":\"ImageObject\",\"inLanguage\":\"es\",\"@id\":\"https:\/\/energycitizens.org\/energy-security-national-security\/#primaryimage\",\"url\":\"https:\/\/energycitizens.org\/wp-content\/uploads\/2022\/04\/GettyImages-1175927021-scaled.jpg\",\"contentUrl\":\"https:\/\/energycitizens.org\/wp-content\/uploads\/2022\/04\/GettyImages-1175927021-scaled.jpg\",\"width\":2560,\"height\":1709,\"caption\":\"Sunrise scenery of inland drilling rig in drill site of oil field, petroleum industry\"},{\"@type\":\"BreadcrumbList\",\"@id\":\"https:\/\/energycitizens.org\/energy-security-national-security\/#breadcrumb\",\"itemListElement\":[{\"@type\":\"ListItem\",\"position\":1,\"name\":\"Home\",\"item\":\"https:\/\/energycitizens.org\/\"},{\"@type\":\"ListItem\",\"position\":2,\"name\":\"The Critical Role of Energy Security in Ensuring Our National Security\"}]},{\"@type\":\"WebSite\",\"@id\":\"https:\/\/energycitizens.org\/#website\",\"url\":\"https:\/\/energycitizens.org\/\",\"name\":\"Energy Citizens\",\"description\":\"\",\"potentialAction\":[{\"@type\":\"SearchAction\",\"target\":{\"@type\":\"EntryPoint\",\"urlTemplate\":\"https:\/\/energycitizens.org\/?s={search_term_string}\"},\"query-input\":{\"@type\":\"PropertyValueSpecification\",\"valueRequired\":true,\"valueName\":\"search_term_string\"}}],\"inLanguage\":\"es\"}]}<\/script>\n<!-- \/ Yoast SEO plugin. -->","yoast_head_json":{"title":"El papel fundamental de la seguridad energ\u00e9tica para garantizar nuestra seguridad nacional - Ciudadanos de la Energ\u00eda","description":"Una industria energ\u00e9tica estadounidense s\u00f3lida es fundamental para nuestra seguridad nacional. Sin energ\u00eda confiable y asequible, nuestro pa\u00eds depende cada vez m\u00e1s de otros pa\u00edses para abastecer nuestras necesidades energ\u00e9ticas diarias. Esto resulta especialmente peligroso en un contexto de alta tensi\u00f3n global e inflaci\u00f3n en aumento.\u00a0","robots":{"index":"index","follow":"follow","max-snippet":"max-snippet:-1","max-image-preview":"max-image-preview:large","max-video-preview":"max-video-preview:-1"},"canonical":"https:\/\/energycitizens.org\/es\/energy-security-national-security\/","og_locale":"es_MX","og_type":"article","og_title":"The Critical Role of Energy Security in Ensuring Our National Security - Energy Citizens","og_description":"A strong American energy industry is key to our national security. Without reliable and affordable energy, our country is more dependent on foreign countries to power our daily lives. This is especially dangerous when global tensions are high and inflation is rising.\u00a0","og_url":"https:\/\/energycitizens.org\/es\/energy-security-national-security\/","og_site_name":"Energy Citizens","article_modified_time":"2022-04-05T19:49:27+00:00","og_image":[{"width":2560,"height":1709,"url":"https:\/\/energycitizens.org\/wp-content\/uploads\/2022\/04\/GettyImages-1175927021-scaled.jpg","type":"image\/jpeg"}],"twitter_card":"summary_large_image","schema":{"@context":"https:\/\/schema.org","@graph":[{"@type":"WebPage","@id":"https:\/\/energycitizens.org\/energy-security-national-security\/","url":"https:\/\/energycitizens.org\/energy-security-national-security\/","name":"El papel fundamental de la seguridad energ\u00e9tica para garantizar nuestra seguridad nacional - Ciudadanos de la Energ\u00eda","isPartOf":{"@id":"https:\/\/energycitizens.org\/#website"},"primaryImageOfPage":{"@id":"https:\/\/energycitizens.org\/energy-security-national-security\/#primaryimage"},"image":{"@id":"https:\/\/energycitizens.org\/energy-security-national-security\/#primaryimage"},"thumbnailUrl":"https:\/\/energycitizens.org\/wp-content\/uploads\/2022\/04\/GettyImages-1175927021-scaled.jpg","datePublished":"2022-04-05T17:42:12+00:00","dateModified":"2022-04-05T19:49:27+00:00","description":"Una industria energ\u00e9tica estadounidense s\u00f3lida es fundamental para nuestra seguridad nacional. Sin energ\u00eda confiable y asequible, nuestro pa\u00eds depende cada vez m\u00e1s de otros pa\u00edses para abastecer nuestras necesidades energ\u00e9ticas diarias. Esto resulta especialmente peligroso en un contexto de alta tensi\u00f3n global e inflaci\u00f3n en aumento.\u00a0","breadcrumb":{"@id":"https:\/\/energycitizens.org\/energy-security-national-security\/#breadcrumb"},"inLanguage":"es","potentialAction":[{"@type":"ReadAction","target":["https:\/\/energycitizens.org\/energy-security-national-security\/"]}]},{"@type":"ImageObject","inLanguage":"es","@id":"https:\/\/energycitizens.org\/energy-security-national-security\/#primaryimage","url":"https:\/\/energycitizens.org\/wp-content\/uploads\/2022\/04\/GettyImages-1175927021-scaled.jpg","contentUrl":"https:\/\/energycitizens.org\/wp-content\/uploads\/2022\/04\/GettyImages-1175927021-scaled.jpg","width":2560,"height":1709,"caption":"Sunrise scenery of inland drilling rig in drill site of oil field, petroleum industry"},{"@type":"BreadcrumbList","@id":"https:\/\/energycitizens.org\/energy-security-national-security\/#breadcrumb","itemListElement":[{"@type":"ListItem","position":1,"name":"Home","item":"https:\/\/energycitizens.org\/"},{"@type":"ListItem","position":2,"name":"The Critical Role of Energy Security in Ensuring Our National Security"}]},{"@type":"WebSite","@id":"https:\/\/energycitizens.org\/#website","url":"https:\/\/energycitizens.org\/","name":"L\u00edderes de la Energ\u00eda","description":"","potentialAction":[{"@type":"SearchAction","target":{"@type":"EntryPoint","urlTemplate":"https:\/\/energycitizens.org\/?s={search_term_string}"},"query-input":{"@type":"PropertyValueSpecification","valueRequired":true,"valueName":"search_term_string"}}],"inLanguage":"es"}]}},"toolset-meta":{"page-options":{"page-header-description":{"type":"wysiwyg","raw":""},"page-content-background-image":{"type":"image","raw":"","attachment_id":null},"state-logo":{"type":"image","raw":"","attachment_id":null}}},"_links":{"self":[{"href":"https:\/\/energycitizens.org\/es\/wp-json\/wp\/v2\/pages\/1155","targetHints":{"allow":["GET"]}}],"collection":[{"href":"https:\/\/energycitizens.org\/es\/wp-json\/wp\/v2\/pages"}],"about":[{"href":"https:\/\/energycitizens.org\/es\/wp-json\/wp\/v2\/types\/page"}],"author":[{"embeddable":true,"href":"https:\/\/energycitizens.org\/es\/wp-json\/wp\/v2\/users\/8"}],"replies":[{"embeddable":true,"href":"https:\/\/energycitizens.org\/es\/wp-json\/wp\/v2\/comments?post=1155"}],"version-history":[{"count":0,"href":"https:\/\/energycitizens.org\/es\/wp-json\/wp\/v2\/pages\/1155\/revisions"}],"wp:featuredmedia":[{"embeddable":true,"href":"https:\/\/energycitizens.org\/es\/wp-json\/wp\/v2\/media\/1156"}],"wp:attachment":[{"href":"https:\/\/energycitizens.org\/es\/wp-json\/wp\/v2\/media?parent=1155"}],"curies":[{"name":"gracias","href":"https:\/\/api.w.org\/{rel}","templated":true}]}}