{"id":1716,"date":"2023-06-06T17:32:01","date_gmt":"2023-06-06T17:32:01","guid":{"rendered":"https:\/\/energycitizens.org\/?page_id=1716"},"modified":"2023-06-15T15:18:01","modified_gmt":"2023-06-15T15:18:01","slug":"join-us-in-thanking-representative-peltola","status":"publish","type":"page","link":"https:\/\/energycitizens.org\/es\/join-us-in-thanking-representative-peltola\/","title":{"rendered":"\u00a1\u00danase a nosotros para agradecer al Representante Peltola!"},"content":{"rendered":"<p>Complete el formulario a continuaci\u00f3n para enviar un mensaje de agradecimiento al Representante Peltola por votar S\u00cd al acuerdo presupuestario.<\/p>\n\n\n<p><script>\n  var style = 1, script = document.createElement(\"script\");\n  script.src=\"https:\/\/speak4.app\/s4.js?embedkey=g%2FcHIoMUwivubGFtvyKhlw%3D%3D&style=\" + (style ? 1 : 0) + \"&ts=\" + new Date().getTime();\n  document.currentScript.after(script);\n<\/script><\/p>\n\n\n\n<p class=\"has-small-font-size\">Gracias por unirte a nuestra campa\u00f1a. Al proporcionar su n\u00famero de tel\u00e9fono m\u00f3vil y direcci\u00f3n de correo electr\u00f3nico, usted acepta recibir mensajes de texto y correos electr\u00f3nicos recurrentes de nuestra organizaci\u00f3n que pueden enviarse a trav\u00e9s de un sistema automatizado, y tiene la intenci\u00f3n de que esto act\u00fae como su firma. Se pueden aplicar tarifas de mensajes y datos. Env\u00ede AYUDA para obtener informaci\u00f3n. Env\u00ede un mensaje de texto con STOP para optar por no participar. No se requiere compra. Hacer clic<strong> <a href=\"https:\/\/nam04.safelinks.protection.outlook.com\/?url=https%3A%2F%2Fwww.api.org%2Fprivacy&amp;data=05%7C01%7CMcGroryB%40api.org%7C53d3db78ef5842f6229708db6dacfe5d%7C2df2418fe75f46f0898d65f4eeecb14b%7C0%7C0%7C638224362014350083%7CUnknown%7CTWFpbGZsb3d8eyJWIjoiMC4wLjAwMDAiLCJQIjoiV2luMzIiLCJBTiI6Ik1haWwiLCJXVCI6Mn0%3D%7C3000%7C%7C%7C&amp;sdata=mRIWfmEQbtMQswV9OhYfZc1GuFNhTFIuR8UR0%2Fgsk1k%3D&amp;reserved=0\" target=\"_blank\" rel=\"noreferrer noopener\" class=\"ek-link\">su<\/a><\/strong><a href=\"https:\/\/nam04.safelinks.protection.outlook.com\/?url=https%3A%2F%2Fwww.api.org%2Fprivacy&amp;data=05%7C01%7CMcGroryB%40api.org%7C53d3db78ef5842f6229708db6dacfe5d%7C2df2418fe75f46f0898d65f4eeecb14b%7C0%7C0%7C638224362014350083%7CUnknown%7CTWFpbGZsb3d8eyJWIjoiMC4wLjAwMDAiLCJQIjoiV2luMzIiLCJBTiI6Ik1haWwiLCJXVCI6Mn0%3D%7C3000%7C%7C%7C&amp;sdata=mRIWfmEQbtMQswV9OhYfZc1GuFNhTFIuR8UR0%2Fgsk1k%3D&amp;reserved=0\" target=\"_blank\" rel=\"noreferrer noopener\" class=\"ek-link\"><strong>mi <\/strong>para leer nuestra Pol\u00edtica de Privacidad.<\/a><\/p>","protected":false},"excerpt":{"rendered":"<p>Fill out the form below to send a thank you message to Representative Peltola for voting YES on the budget deal! Thank you for joining our campaign. By providing your mobile phone number and email address you consent to receive recurring text messages and emails from our organization which may be sent via an automated [&hellip;]<\/p>\n","protected":false},"author":8,"featured_media":1592,"parent":0,"menu_order":0,"comment_status":"closed","ping_status":"closed","template":"","meta":{"_acf_changed":false,"_editorskit_title_hidden":false,"_editorskit_reading_time":0,"_editorskit_is_block_options_detached":false,"_editorskit_block_options_position":"{}","inline_featured_image":false,"footnotes":""},"class_list":["post-1716","page","type-page","status-publish","has-post-thumbnail","hentry"],"acf":[],"yoast_head":"<!-- This site is optimized with the Yoast SEO plugin v27.2 - https:\/\/yoast.com\/product\/yoast-seo-wordpress\/ -->\n<title>Join Us in Thanking Representative Peltola! - Energy Citizens<\/title>\n<meta name=\"robots\" content=\"index, follow, max-snippet:-1, max-image-preview:large, max-video-preview:-1\" \/>\n<link rel=\"canonical\" href=\"https:\/\/energycitizens.org\/es\/join-us-in-thanking-representative-peltola\/\" \/>\n<meta property=\"og:locale\" content=\"es_MX\" \/>\n<meta property=\"og:type\" content=\"article\" \/>\n<meta property=\"og:title\" content=\"Join Us in Thanking Representative Peltola! - Energy Citizens\" \/>\n<meta property=\"og:description\" content=\"Fill out the form below to send a thank you message to Representative Peltola for voting YES on the budget deal! Thank you for joining our campaign. By providing your mobile phone number and email address you consent to receive recurring text messages and emails from our organization which may be sent via an automated [&hellip;]\" \/>\n<meta property=\"og:url\" content=\"https:\/\/energycitizens.org\/es\/join-us-in-thanking-representative-peltola\/\" \/>\n<meta property=\"og:site_name\" content=\"Energy Citizens\" \/>\n<meta property=\"article:modified_time\" content=\"2023-06-15T15:18:01+00:00\" \/>\n<meta property=\"og:image\" content=\"https:\/\/energycitizens.org\/wp-content\/uploads\/2023\/05\/green-squiggle-bkgd.png\" \/>\n\t<meta property=\"og:image:width\" content=\"1728\" \/>\n\t<meta property=\"og:image:height\" content=\"942\" \/>\n\t<meta property=\"og:image:type\" content=\"image\/png\" \/>\n<meta name=\"twitter:card\" content=\"summary_large_image\" \/>\n<meta name=\"twitter:label1\" content=\"Tiempo de lectura\" \/>\n\t<meta name=\"twitter:data1\" content=\"1 minuto\" \/>\n<script type=\"application\/ld+json\" class=\"yoast-schema-graph\">{\"@context\":\"https:\/\/schema.org\",\"@graph\":[{\"@type\":\"WebPage\",\"@id\":\"https:\/\/energycitizens.org\/join-us-in-thanking-representative-peltola\/\",\"url\":\"https:\/\/energycitizens.org\/join-us-in-thanking-representative-peltola\/\",\"name\":\"Join Us in Thanking Representative Peltola! - Energy Citizens\",\"isPartOf\":{\"@id\":\"https:\/\/energycitizens.org\/#website\"},\"primaryImageOfPage\":{\"@id\":\"https:\/\/energycitizens.org\/join-us-in-thanking-representative-peltola\/#primaryimage\"},\"image\":{\"@id\":\"https:\/\/energycitizens.org\/join-us-in-thanking-representative-peltola\/#primaryimage\"},\"thumbnailUrl\":\"https:\/\/energycitizens.org\/wp-content\/uploads\/2023\/05\/green-squiggle-bkgd.png\",\"datePublished\":\"2023-06-06T17:32:01+00:00\",\"dateModified\":\"2023-06-15T15:18:01+00:00\",\"breadcrumb\":{\"@id\":\"https:\/\/energycitizens.org\/join-us-in-thanking-representative-peltola\/#breadcrumb\"},\"inLanguage\":\"es\",\"potentialAction\":[{\"@type\":\"ReadAction\",\"target\":[\"https:\/\/energycitizens.org\/join-us-in-thanking-representative-peltola\/\"]}]},{\"@type\":\"ImageObject\",\"inLanguage\":\"es\",\"@id\":\"https:\/\/energycitizens.org\/join-us-in-thanking-representative-peltola\/#primaryimage\",\"url\":\"https:\/\/energycitizens.org\/wp-content\/uploads\/2023\/05\/green-squiggle-bkgd.png\",\"contentUrl\":\"https:\/\/energycitizens.org\/wp-content\/uploads\/2023\/05\/green-squiggle-bkgd.png\",\"width\":1728,\"height\":942},{\"@type\":\"BreadcrumbList\",\"@id\":\"https:\/\/energycitizens.org\/join-us-in-thanking-representative-peltola\/#breadcrumb\",\"itemListElement\":[{\"@type\":\"ListItem\",\"position\":1,\"name\":\"Home\",\"item\":\"https:\/\/energycitizens.org\/\"},{\"@type\":\"ListItem\",\"position\":2,\"name\":\"Join Us in Thanking Representative Peltola!\"}]},{\"@type\":\"WebSite\",\"@id\":\"https:\/\/energycitizens.org\/#website\",\"url\":\"https:\/\/energycitizens.org\/\",\"name\":\"Energy Citizens\",\"description\":\"\",\"potentialAction\":[{\"@type\":\"SearchAction\",\"target\":{\"@type\":\"EntryPoint\",\"urlTemplate\":\"https:\/\/energycitizens.org\/?s={search_term_string}\"},\"query-input\":{\"@type\":\"PropertyValueSpecification\",\"valueRequired\":true,\"valueName\":\"search_term_string\"}}],\"inLanguage\":\"es\"}]}<\/script>\n<!-- \/ Yoast SEO plugin. -->","yoast_head_json":{"title":"Join Us in Thanking Representative Peltola! - Energy Citizens","robots":{"index":"index","follow":"follow","max-snippet":"max-snippet:-1","max-image-preview":"max-image-preview:large","max-video-preview":"max-video-preview:-1"},"canonical":"https:\/\/energycitizens.org\/es\/join-us-in-thanking-representative-peltola\/","og_locale":"es_MX","og_type":"article","og_title":"Join Us in Thanking Representative Peltola! - Energy Citizens","og_description":"Fill out the form below to send a thank you message to Representative Peltola for voting YES on the budget deal! Thank you for joining our campaign. By providing your mobile phone number and email address you consent to receive recurring text messages and emails from our organization which may be sent via an automated [&hellip;]","og_url":"https:\/\/energycitizens.org\/es\/join-us-in-thanking-representative-peltola\/","og_site_name":"Energy Citizens","article_modified_time":"2023-06-15T15:18:01+00:00","og_image":[{"width":1728,"height":942,"url":"https:\/\/energycitizens.org\/wp-content\/uploads\/2023\/05\/green-squiggle-bkgd.png","type":"image\/png"}],"twitter_card":"summary_large_image","twitter_misc":{"Tiempo de lectura":"1 minuto"},"schema":{"@context":"https:\/\/schema.org","@graph":[{"@type":"WebPage","@id":"https:\/\/energycitizens.org\/join-us-in-thanking-representative-peltola\/","url":"https:\/\/energycitizens.org\/join-us-in-thanking-representative-peltola\/","name":"Join Us in Thanking Representative Peltola! - Energy Citizens","isPartOf":{"@id":"https:\/\/energycitizens.org\/#website"},"primaryImageOfPage":{"@id":"https:\/\/energycitizens.org\/join-us-in-thanking-representative-peltola\/#primaryimage"},"image":{"@id":"https:\/\/energycitizens.org\/join-us-in-thanking-representative-peltola\/#primaryimage"},"thumbnailUrl":"https:\/\/energycitizens.org\/wp-content\/uploads\/2023\/05\/green-squiggle-bkgd.png","datePublished":"2023-06-06T17:32:01+00:00","dateModified":"2023-06-15T15:18:01+00:00","breadcrumb":{"@id":"https:\/\/energycitizens.org\/join-us-in-thanking-representative-peltola\/#breadcrumb"},"inLanguage":"es","potentialAction":[{"@type":"ReadAction","target":["https:\/\/energycitizens.org\/join-us-in-thanking-representative-peltola\/"]}]},{"@type":"ImageObject","inLanguage":"es","@id":"https:\/\/energycitizens.org\/join-us-in-thanking-representative-peltola\/#primaryimage","url":"https:\/\/energycitizens.org\/wp-content\/uploads\/2023\/05\/green-squiggle-bkgd.png","contentUrl":"https:\/\/energycitizens.org\/wp-content\/uploads\/2023\/05\/green-squiggle-bkgd.png","width":1728,"height":942},{"@type":"BreadcrumbList","@id":"https:\/\/energycitizens.org\/join-us-in-thanking-representative-peltola\/#breadcrumb","itemListElement":[{"@type":"ListItem","position":1,"name":"Home","item":"https:\/\/energycitizens.org\/"},{"@type":"ListItem","position":2,"name":"Join Us in Thanking Representative Peltola!"}]},{"@type":"WebSite","@id":"https:\/\/energycitizens.org\/#website","url":"https:\/\/energycitizens.org\/","name":"L\u00edderes de la Energ\u00eda","description":"","potentialAction":[{"@type":"SearchAction","target":{"@type":"EntryPoint","urlTemplate":"https:\/\/energycitizens.org\/?s={search_term_string}"},"query-input":{"@type":"PropertyValueSpecification","valueRequired":true,"valueName":"search_term_string"}}],"inLanguage":"es"}]}},"toolset-meta":{"page-options":{"page-header-description":{"type":"wysiwyg","raw":""},"page-content-background-image":{"type":"image","raw":"","attachment_id":null},"state-logo":{"type":"image","raw":"","attachment_id":null}}},"_links":{"self":[{"href":"https:\/\/energycitizens.org\/es\/wp-json\/wp\/v2\/pages\/1716","targetHints":{"allow":["GET"]}}],"collection":[{"href":"https:\/\/energycitizens.org\/es\/wp-json\/wp\/v2\/pages"}],"about":[{"href":"https:\/\/energycitizens.org\/es\/wp-json\/wp\/v2\/types\/page"}],"author":[{"embeddable":true,"href":"https:\/\/energycitizens.org\/es\/wp-json\/wp\/v2\/users\/8"}],"replies":[{"embeddable":true,"href":"https:\/\/energycitizens.org\/es\/wp-json\/wp\/v2\/comments?post=1716"}],"version-history":[{"count":0,"href":"https:\/\/energycitizens.org\/es\/wp-json\/wp\/v2\/pages\/1716\/revisions"}],"wp:featuredmedia":[{"embeddable":true,"href":"https:\/\/energycitizens.org\/es\/wp-json\/wp\/v2\/media\/1592"}],"wp:attachment":[{"href":"https:\/\/energycitizens.org\/es\/wp-json\/wp\/v2\/media?parent=1716"}],"curies":[{"name":"gracias","href":"https:\/\/api.w.org\/{rel}","templated":true}]}}