{"id":1766,"date":"2023-07-26T14:39:55","date_gmt":"2023-07-26T14:39:55","guid":{"rendered":"https:\/\/energycitizens.org\/?page_id=1766"},"modified":"2023-08-02T15:44:02","modified_gmt":"2023-08-02T15:44:02","slug":"oppose-the-epas-proposed-pm-standards-in-colorado","status":"publish","type":"page","link":"https:\/\/energycitizens.org\/es\/oppose-the-epas-proposed-pm-standards-in-colorado\/","title":{"rendered":"\u00a1Oponerse a los est\u00e1ndares de PM propuestos por la EPA en Colorado!"},"content":{"rendered":"<p>La Agencia de Protecci\u00f3n Ambiental (EPA) est\u00e1 considerando reducir el est\u00e1ndar regulatorio para part\u00edculas (PM), lo que podr\u00eda afectar significativamente a empresas e individuos en todo el pa\u00eds. <strong><em>Esta pol\u00edtica es innecesaria y podr\u00eda tener graves consecuencias aqu\u00ed en Colorado y en todo el pa\u00eds.<\/em><\/strong>\u00a0<\/p>\n\n\n\n<p><strong>La ciencia:<\/strong> Nuestras normas actuales ya son efectivas. Durante la \u00faltima d\u00e9cada, ha habido una mejora de 14% en las concentraciones promedio nacionales de PM. A pesar de esto, la EPA quiere hacer que el est\u00e1ndar sea a\u00fan m\u00e1s estricto, lo que podr\u00eda afectar la financiaci\u00f3n federal para proyectos de infraestructura estatales como carreteras si las \u00e1reas afectadas no pueden cumplir.&nbsp;<\/p>\n\n\n\n<p><strong>Fuera de nuestro control: <\/strong>El Denver Metro\/North Front Range (DMNFR) es un ejemplo perfecto de los defectos de este sistema. El DMNFR es un \u00e1rea de incumplimiento grave para el ozono. Sin embargo, <strong>Hasta el 60 por ciento de los niveles de ozono en el \u00e1rea de incumplimiento del DMNFR est\u00e1n en realidad m\u00e1s all\u00e1 de nuestra capacidad de control.<\/strong> De hecho, en ciertos lugares de monitoreo (Chatfield, NREL, Rocky Flats, etc.), donde el aire se detiene y flota a lo largo de las monta\u00f1as en los calurosos d\u00edas de verano, el 75 por ciento del ozono califica como fondo. Esto hace que los problemas de incumplimiento del ozono en Colorado sean una tarea extremadamente dif\u00edcil para toda la econom\u00eda, ya que s\u00f3lo una fracci\u00f3n de las emisiones en el \u00e1rea de incumplimiento son producidas por la actividad humana en Colorado.&nbsp;<\/p>\n\n\n\n<p><strong>El momento no es el adecuado: <\/strong>La reconsideraci\u00f3n actual de los est\u00e1ndares de PM es discrecional y no es requerida por la Ley de Aire Limpio.&nbsp;<\/p>\n\n\n\n<p><strong>Mayores costos: <\/strong>Cumplir con est\u00e1ndares m\u00e1s estrictos podr\u00eda aumentar los costos de los bienes y servicios, lo que har\u00eda m\u00e1s dif\u00edcil para las empresas y familias de Colorado llegar a fin de mes.&nbsp;&nbsp;&nbsp;<\/p>\n\n\n\n<p><strong>Impactos en las empresas y la econom\u00eda: <\/strong>La propuesta de la EPA podr\u00eda resultar en un aumento de hasta 32 veces en el n\u00famero de condados que no cumplen con los est\u00e1ndares. Esto ser\u00eda una carga para los gobiernos estatales y locales, amenazar\u00eda nuestra competitividad y afectar\u00eda a los consumidores. Tambi\u00e9n podr\u00eda costarle a Estados Unidos cientos de miles de millones de d\u00f3lares alcanzar estos est\u00e1ndares innecesarios, lo que en \u00faltima instancia afectar\u00eda a los consumidores durante un per\u00edodo econ\u00f3mico fr\u00e1gil.<\/p>\n\n\n\n<p><strong>Act\u00fae ahora: complete el formulario anterior para mantenerse actualizado sobre todo lo relacionado con la energ\u00eda de Colorado.<\/strong>!<\/p>\n\n\n<style>.wForm form{text-align: left;}<\/style><!-- FORM: HEAD SECTION -->\n    <meta http-equiv=\"Content-Type\" content=\"text\/html; charset=utf-8\" \/>\n    <meta name=\"referrer\" content=\"no-referrer-when-downgrade\">\n    <!-- THIS SCRIPT NEEDS TO BE LOADED FIRST BEFORE wforms.js -->\n    <script type=\"text\/javascript\" data-for=\"FA__DOMContentLoadedEventDispatch\" src=\"https:\/\/www.tfaforms.com\/js\/FA__DOMContentLoadedEventDispatcher.js\" defer><\/script>\n        <script type=\"text\/javascript\">\n        document.addEventListener(\"FA__DOMContentLoaded\", function(){\n            const FORM_TIME_START = Math.floor((new Date).getTime()\/1000);\n            let formElement = document.getElementById(\"tfa_0\");\n            if (null === formElement) {\n                formElement = document.getElementById(\"0\");\n            }\n            let appendJsTimerElement = function(){\n                let formTimeDiff = Math.floor((new Date).getTime()\/1000) - FORM_TIME_START;\n                let cumulatedTimeElement = document.getElementById(\"tfa_dbCumulatedTime\");\n                if (null !== cumulatedTimeElement) {\n                    let cumulatedTime = parseInt(cumulatedTimeElement.value);\n                    if (null !== cumulatedTime && cumulatedTime > 0) {\n                        formTimeDiff += cumulatedTime;\n                    }\n                }\n                let jsTimeInput = document.createElement(\"input\");\n                jsTimeInput.setAttribute(\"type\", \"hidden\");\n                jsTimeInput.setAttribute(\"value\", formTimeDiff.toString());\n                jsTimeInput.setAttribute(\"name\", \"tfa_dbElapsedJsTime\");\n                jsTimeInput.setAttribute(\"id\", \"tfa_dbElapsedJsTime\");\n                jsTimeInput.setAttribute(\"autocomplete\", \"off\");\n                if (null !== formElement) {\n                    formElement.appendChild(jsTimeInput);\n                }\n            };\n            if (null !== formElement) {\n                if(formElement.addEventListener){\n                    formElement.addEventListener('submit', appendJsTimerElement, false);\n                } else if(formElement.attachEvent){\n                    formElement.attachEvent('onsubmit', appendJsTimerElement);\n                }\n            }\n        });\n    <\/script>\n\n    <link href=\"https:\/\/www.tfaforms.com\/dist\/form-builder\/5.0.0\/wforms-layout.css?v=1775731457\" rel=\"stylesheet\" type=\"text\/css\" \/>\n\n    <link href=\"https:\/\/www.tfaforms.com\/uploads\/themes\/theme-90895.css\" rel=\"stylesheet\" type=\"text\/css\" \/>\n    <link href=\"https:\/\/www.tfaforms.com\/dist\/form-builder\/5.0.0\/wforms-jsonly.css?v=1775731457\" rel=\"alternate stylesheet\" title=\"This stylesheet activated by javascript\" type=\"text\/css\" \/>\n    <script type=\"text\/javascript\" src=\"https:\/\/www.tfaforms.com\/wForms\/3.11\/js\/wforms.js?v=1775731457\"><\/script>\n    <script type=\"text\/javascript\">\n        if(wFORMS.behaviors.prefill) wFORMS.behaviors.prefill.skip = true;\n    <\/script>\n    <script type=\"text\/javascript\" src=\"https:\/\/www.tfaforms.com\/wForms\/3.11\/js\/localization-en_US.js?v=1775731457\"><\/script>\n\n<!-- FORM: BODY SECTION -->\n<div class=\"wFormContainer\" style=\"max-width: 1000px; width: auto;\">\n    <div class=\"wFormHeader\"><\/div>\n    <style type=\"text\/css\"><\/style><div class=\"\"><div class=\"wForm\" id=\"5078759-WRPR\" data-language=\"en_US\" dir=\"ltr\">\n<div class=\"codesection\" id=\"code-5078759\"><\/div>\n<h3 class=\"wFormTitle\" data-testid=\"form-title\" id=\"5078759-T\">Firme su oposici\u00f3n<\/h3>\n<form method=\"post\" action=\"https:\/\/www.tfaforms.com\/api_v2\/rest\/workflow\/processor\" class=\"hintsSide labelsAbove\" id=\"5078759\">\n<div class=\"oneField field-container-D\" id=\"tfa_1-D\">\n<label id=\"tfa_1-L\" class=\"label preField reqMark\" for=\"tfa_1\">Nombre<\/label><br><div class=\"inputWrapper\"><input aria-required=\"true\" type=\"text\" id=\"tfa_1\" name=\"tfa_1\" value=\"\" title=\"Nombre\" class=\"required\"><\/div>\n<\/div>\n<div class=\"oneField field-container-D\" id=\"tfa_2-D\">\n<label id=\"tfa_2-L\" class=\"label preField reqMark\" for=\"tfa_2\">Apellido<\/label><br><div class=\"inputWrapper\"><input aria-required=\"true\" type=\"text\" id=\"tfa_2\" name=\"tfa_2\" value=\"\" title=\"Apellido\" class=\"required\"><\/div>\n<\/div>\n<div class=\"oneField field-container-D\" id=\"tfa_3-D\">\n<label id=\"tfa_3-L\" class=\"label preField reqMark\" for=\"tfa_3\">Correo electr\u00f3nico<\/label><br><div class=\"inputWrapper\"><input aria-required=\"true\" type=\"text\" id=\"tfa_3\" name=\"tfa_3\" value=\"\" title=\"Correo electr\u00f3nico\" class=\"required\"><\/div>\n<\/div>\n<div class=\"oneField field-container-D\" id=\"tfa_4-D\">\n<label id=\"tfa_4-L\" class=\"label preField reqMark\" for=\"tfa_4\">Tel\u00e9fono<\/label><br><div class=\"inputWrapper\"><input aria-required=\"true\" type=\"text\" id=\"tfa_4\" name=\"tfa_4\" value=\"\" title=\"Tel\u00e9fono\" class=\"required\"><\/div>\n<\/div>\n<div class=\"oneField field-container-D\" id=\"tfa_7-D\">\n<label id=\"tfa_7-L\" class=\"label preField reqMark\" for=\"tfa_7\">DIRECCI\u00d3N<\/label><br><div class=\"inputWrapper\"><input aria-required=\"true\" type=\"text\" id=\"tfa_7\" name=\"tfa_7\" value=\"\" title=\"DIRECCI\u00d3N\" class=\"required\"><\/div>\n<\/div>\n<div class=\"oneField field-container-D\" id=\"tfa_5-D\">\n<label id=\"tfa_5-L\" class=\"label preField reqMark\" for=\"tfa_5\">C\u00f3digo postal<\/label><br><div class=\"inputWrapper\"><input aria-required=\"true\" type=\"text\" id=\"tfa_5\" name=\"tfa_5\" value=\"\" title=\"C\u00f3digo postal\" class=\"required\"><\/div>\n<\/div>\n<div class=\"htmlSection\" id=\"tfa_6\"><div class=\"htmlContent\" id=\"tfa_6-HTML\"><p class=\"xmsonormal\"><span style=\"color: rgb(34, 34, 34); font-family: Montserrat; font-size: 14.4px; background-image: initial; background-position: initial; background-size: initial; background-repeat: initial; background-attachment: initial; background-origin: initial; background-clip: initial; border: 1pt none windowtext; padding: 0in;\">Gracias por unirte a nuestra campa\u00f1a. Al proporcionar su n\u00famero de tel\u00e9fono y direcci\u00f3n de correo electr\u00f3nico, usted acepta recibir llamadas, mensajes de texto, correos electr\u00f3nicos y\/o mensajes pregrabados autom\u00e1ticos peri\u00f3dicos a ese n\u00famero de nuestra organizaci\u00f3n. Su consentimiento no es una condici\u00f3n para comprar. Se pueden aplicar tarifas de mensajes y datos. Env\u00ede AYUDA para obtener ayuda. Env\u00ede un mensaje de texto con STOP para optar por no participar. Hacer clic<\/span><span style=\"font-weight: 700; color: rgb(81, 94, 89); font-size: 14.4px;\">&nbsp;<span style=\"font-size: 14.4px; background-image: initial; background-position: initial; background-size: initial; background-repeat: initial; background-attachment: initial; background-origin: initial; background-clip: initial; color: rgb(81, 94, 89) !important;\"><\/span><\/span><span style=\"font-weight: 700; color: rgb(81, 94, 89); font-size: 14.4px;\"><span style=\"font-family: Montserrat; font-size: 14.4px; border: 1pt none windowtext; padding: 0in; background-image: initial; background-position: initial; background-size: initial; background-repeat: initial; background-attachment: initial; background-origin: initial; background-clip: initial; color: rgb(81, 94, 89) !important;\"><a href=\"https:\/\/nam04.safelinks.protection.outlook.com\/?url=https%3A%2F%2Fwww.api.org%2Fprivacy&amp;data=05%7C01%7CMcGroryB%40api.org%7C53d3db78ef5842f6229708db6dacfe5d%7C2df2418fe75f46f0898d65f4eeecb14b%7C0%7C0%7C638224362014350083%7CUnknown%7CTWFpbGZsb3d8eyJWIjoiMC4wLjAwMDAiLCJQIjoiV2luMzIiLCJBTiI6Ik1haWwiLCJXVCI6Mn0%3D%7C3000%7C%7C%7C&amp;sdata=mRIWfmEQbtMQswV9OhYfZc1GuFNhTFIuR8UR0%2Fgsk1k%3D&amp;reserved=0\" target=\"_blank\"><span style=\"color: rgb(0, 86, 173); font-size: 14.4px;\">su<span style=\"color: rgb(0, 86, 173); font-size: 14.4px;\">mi<\/span><\/span><\/a><\/span><\/span><span style=\"font-weight: 700; color: rgb(81, 94, 89); font-size: 14.4px;\">&nbsp;<\/span><span style=\"color: rgb(34, 34, 34); font-family: Montserrat; font-size: 14.4px; background-image: initial; background-position: initial; background-size: initial; background-repeat: initial; background-attachment: initial; background-origin: initial; background-clip: initial; border: 1pt none windowtext; padding: 0in;\">para leer nuestra Pol\u00edtica de Privacidad.<\/span><\/p><p class=\"xxmsonormal\" style=\"margin-left:.5in\"><\/p><\/div><\/div>\n<div class=\"actions\" id=\"5078759-A\" data-contentid=\"submit_button\"><input type=\"submit\" data-label=\"Submit\" class=\"primaryAction\" id=\"submit_button\" value=\"Entregar\"><\/div>\n<div style=\"clear:both\"><\/div>\n<input type=\"hidden\" value=\"817-d88e0a6c3d2141fb877a8fd84503d58d\" name=\"tfa_dbCounters\" id=\"tfa_dbCounters\" autocomplete=\"off\"><input type=\"hidden\" value=\"5078759\" name=\"tfa_dbFormId\" id=\"tfa_dbFormId\"><input type=\"hidden\" value=\"\" name=\"tfa_dbResponseId\" id=\"tfa_dbResponseId\"><input type=\"hidden\" value=\"34310f3ee74d133ea6eaca64a7a4a766\" name=\"tfa_dbControl\" id=\"tfa_dbControl\"><input type=\"hidden\" value=\"\" name=\"tfa_dbWorkflowSessionUuid\" id=\"tfa_dbWorkflowSessionUuid\"><input type=\"hidden\" value=\"1775731457\" name=\"tfa_dbTimeStarted\" id=\"tfa_dbTimeStarted\" autocomplete=\"off\"><input type=\"hidden\" value=\"4\" name=\"tfa_dbVersionId\" id=\"tfa_dbVersionId\"><input type=\"hidden\" value=\"\" name=\"tfa_switchedoff\" id=\"tfa_switchedoff\">\n<\/form>\n<\/div><\/div><div class=\"wFormFooter\"><p class=\"supportInfo\"><br><\/p><\/div>\n  <p class=\"supportInfo\" >\n      <\/p>\n <\/div>\n\n\n\n\n<p class=\"has-small-font-size\">&nbsp;Gracias por unirte a nuestra campa\u00f1a. Al proporcionar su n\u00famero de tel\u00e9fono m\u00f3vil y direcci\u00f3n de correo electr\u00f3nico, usted acepta recibir mensajes de texto y correos electr\u00f3nicos recurrentes de nuestra organizaci\u00f3n que pueden enviarse a trav\u00e9s de un sistema automatizado, y tiene la intenci\u00f3n de que esto act\u00fae como su firma. Se pueden aplicar tarifas de mensajes y datos. Env\u00ede AYUDA para obtener informaci\u00f3n. Env\u00ede un mensaje de texto con STOP para optar por no participar. No se requiere compra. Hacer clic<strong>&nbsp;<a href=\"https:\/\/nam04.safelinks.protection.outlook.com\/?url=https%3A%2F%2Fwww.api.org%2Fprivacy&amp;data=05%7C01%7CMcGroryB%40api.org%7C53d3db78ef5842f6229708db6dacfe5d%7C2df2418fe75f46f0898d65f4eeecb14b%7C0%7C0%7C638224362014350083%7CUnknown%7CTWFpbGZsb3d8eyJWIjoiMC4wLjAwMDAiLCJQIjoiV2luMzIiLCJBTiI6Ik1haWwiLCJXVCI6Mn0%3D%7C3000%7C%7C%7C&amp;sdata=mRIWfmEQbtMQswV9OhYfZc1GuFNhTFIuR8UR0%2Fgsk1k%3D&amp;reserved=0\" target=\"_blank\" rel=\"noreferrer noopener\">aqu\u00ed<\/a>&nbsp;<\/strong>para leer nuestra Pol\u00edtica de Privacidad.<\/p>\n\n\n\n<p><strong>.<\/strong><\/p>","protected":false},"excerpt":{"rendered":"<p>The Environmental Protection Agency (EPA) is considering lowering the regulatory standard for Particulate Matter (PM), which could significantly impact businesses and individuals across the country. This policy is unnecessary and could have serious consequences here in Colorado and around the country.\u00a0 The Science: Our current standards are already effective.&nbsp; Over the last decade, there has [&hellip;]<\/p>\n","protected":false},"author":8,"featured_media":1786,"parent":0,"menu_order":0,"comment_status":"closed","ping_status":"closed","template":"","meta":{"_acf_changed":false,"_editorskit_title_hidden":false,"_editorskit_reading_time":0,"_editorskit_is_block_options_detached":false,"_editorskit_block_options_position":"{}","inline_featured_image":false,"footnotes":""},"class_list":["post-1766","page","type-page","status-publish","has-post-thumbnail","hentry"],"acf":[],"yoast_head":"<!-- This site is optimized with the Yoast SEO plugin v27.2 - https:\/\/yoast.com\/product\/yoast-seo-wordpress\/ -->\n<title>Oppose the EPA&#039;s Proposed PM Standards in Colorado! - Energy Citizens<\/title>\n<meta name=\"robots\" content=\"index, follow, max-snippet:-1, max-image-preview:large, max-video-preview:-1\" \/>\n<link rel=\"canonical\" href=\"https:\/\/energycitizens.org\/es\/oppose-the-epas-proposed-pm-standards-in-colorado\/\" \/>\n<meta property=\"og:locale\" content=\"es_MX\" \/>\n<meta property=\"og:type\" content=\"article\" \/>\n<meta property=\"og:title\" content=\"Oppose the EPA&#039;s Proposed PM Standards in Colorado! - Energy Citizens\" \/>\n<meta property=\"og:description\" content=\"The Environmental Protection Agency (EPA) is considering lowering the regulatory standard for Particulate Matter (PM), which could significantly impact businesses and individuals across the country. This policy is unnecessary and could have serious consequences here in Colorado and around the country.\u00a0 The Science: Our current standards are already effective.&nbsp; Over the last decade, there has [&hellip;]\" \/>\n<meta property=\"og:url\" content=\"https:\/\/energycitizens.org\/es\/oppose-the-epas-proposed-pm-standards-in-colorado\/\" \/>\n<meta property=\"og:site_name\" content=\"Energy Citizens\" \/>\n<meta property=\"article:modified_time\" content=\"2023-08-02T15:44:02+00:00\" \/>\n<meta property=\"og:image\" content=\"https:\/\/energycitizens.org\/wp-content\/uploads\/2023\/08\/GettyImages-1435560677-1024x502.jpg\" \/>\n\t<meta property=\"og:image:width\" content=\"1024\" \/>\n\t<meta property=\"og:image:height\" content=\"502\" \/>\n\t<meta property=\"og:image:type\" content=\"image\/jpeg\" \/>\n<meta name=\"twitter:card\" content=\"summary_large_image\" \/>\n<meta name=\"twitter:label1\" content=\"Tiempo de lectura\" \/>\n\t<meta name=\"twitter:data1\" content=\"2 minutos\" \/>\n<script type=\"application\/ld+json\" class=\"yoast-schema-graph\">{\"@context\":\"https:\/\/schema.org\",\"@graph\":[{\"@type\":\"WebPage\",\"@id\":\"https:\/\/energycitizens.org\/oppose-the-epas-proposed-pm-standards-in-colorado\/\",\"url\":\"https:\/\/energycitizens.org\/oppose-the-epas-proposed-pm-standards-in-colorado\/\",\"name\":\"Oppose the EPA's Proposed PM Standards in Colorado! - Energy Citizens\",\"isPartOf\":{\"@id\":\"https:\/\/energycitizens.org\/#website\"},\"primaryImageOfPage\":{\"@id\":\"https:\/\/energycitizens.org\/oppose-the-epas-proposed-pm-standards-in-colorado\/#primaryimage\"},\"image\":{\"@id\":\"https:\/\/energycitizens.org\/oppose-the-epas-proposed-pm-standards-in-colorado\/#primaryimage\"},\"thumbnailUrl\":\"https:\/\/energycitizens.org\/wp-content\/uploads\/2023\/08\/GettyImages-1435560677.jpg\",\"datePublished\":\"2023-07-26T14:39:55+00:00\",\"dateModified\":\"2023-08-02T15:44:02+00:00\",\"breadcrumb\":{\"@id\":\"https:\/\/energycitizens.org\/oppose-the-epas-proposed-pm-standards-in-colorado\/#breadcrumb\"},\"inLanguage\":\"es\",\"potentialAction\":[{\"@type\":\"ReadAction\",\"target\":[\"https:\/\/energycitizens.org\/oppose-the-epas-proposed-pm-standards-in-colorado\/\"]}]},{\"@type\":\"ImageObject\",\"inLanguage\":\"es\",\"@id\":\"https:\/\/energycitizens.org\/oppose-the-epas-proposed-pm-standards-in-colorado\/#primaryimage\",\"url\":\"https:\/\/energycitizens.org\/wp-content\/uploads\/2023\/08\/GettyImages-1435560677.jpg\",\"contentUrl\":\"https:\/\/energycitizens.org\/wp-content\/uploads\/2023\/08\/GettyImages-1435560677.jpg\",\"width\":2472,\"height\":1213,\"caption\":\"Beautiful fall morning near Ouray, CO after a fresh snowfall.\"},{\"@type\":\"BreadcrumbList\",\"@id\":\"https:\/\/energycitizens.org\/oppose-the-epas-proposed-pm-standards-in-colorado\/#breadcrumb\",\"itemListElement\":[{\"@type\":\"ListItem\",\"position\":1,\"name\":\"Home\",\"item\":\"https:\/\/energycitizens.org\/\"},{\"@type\":\"ListItem\",\"position\":2,\"name\":\"Oppose the EPA&#8217;s Proposed PM Standards in Colorado!\"}]},{\"@type\":\"WebSite\",\"@id\":\"https:\/\/energycitizens.org\/#website\",\"url\":\"https:\/\/energycitizens.org\/\",\"name\":\"Energy Citizens\",\"description\":\"\",\"potentialAction\":[{\"@type\":\"SearchAction\",\"target\":{\"@type\":\"EntryPoint\",\"urlTemplate\":\"https:\/\/energycitizens.org\/?s={search_term_string}\"},\"query-input\":{\"@type\":\"PropertyValueSpecification\",\"valueRequired\":true,\"valueName\":\"search_term_string\"}}],\"inLanguage\":\"es\"}]}<\/script>\n<!-- \/ Yoast SEO plugin. -->","yoast_head_json":{"title":"\u00a1Op\u00f3ngase a las normas de PM propuestas por la EPA en Colorado! - Ciudadanos de la Energ\u00eda","robots":{"index":"index","follow":"follow","max-snippet":"max-snippet:-1","max-image-preview":"max-image-preview:large","max-video-preview":"max-video-preview:-1"},"canonical":"https:\/\/energycitizens.org\/es\/oppose-the-epas-proposed-pm-standards-in-colorado\/","og_locale":"es_MX","og_type":"article","og_title":"Oppose the EPA's Proposed PM Standards in Colorado! - Energy Citizens","og_description":"The Environmental Protection Agency (EPA) is considering lowering the regulatory standard for Particulate Matter (PM), which could significantly impact businesses and individuals across the country. This policy is unnecessary and could have serious consequences here in Colorado and around the country.\u00a0 The Science: Our current standards are already effective.&nbsp; Over the last decade, there has [&hellip;]","og_url":"https:\/\/energycitizens.org\/es\/oppose-the-epas-proposed-pm-standards-in-colorado\/","og_site_name":"Energy Citizens","article_modified_time":"2023-08-02T15:44:02+00:00","og_image":[{"width":1024,"height":502,"url":"https:\/\/energycitizens.org\/wp-content\/uploads\/2023\/08\/GettyImages-1435560677-1024x502.jpg","type":"image\/jpeg"}],"twitter_card":"summary_large_image","twitter_misc":{"Tiempo de lectura":"2 minutos"},"schema":{"@context":"https:\/\/schema.org","@graph":[{"@type":"WebPage","@id":"https:\/\/energycitizens.org\/oppose-the-epas-proposed-pm-standards-in-colorado\/","url":"https:\/\/energycitizens.org\/oppose-the-epas-proposed-pm-standards-in-colorado\/","name":"\u00a1Op\u00f3ngase a las normas de PM propuestas por la EPA en Colorado! - Ciudadanos de la Energ\u00eda","isPartOf":{"@id":"https:\/\/energycitizens.org\/#website"},"primaryImageOfPage":{"@id":"https:\/\/energycitizens.org\/oppose-the-epas-proposed-pm-standards-in-colorado\/#primaryimage"},"image":{"@id":"https:\/\/energycitizens.org\/oppose-the-epas-proposed-pm-standards-in-colorado\/#primaryimage"},"thumbnailUrl":"https:\/\/energycitizens.org\/wp-content\/uploads\/2023\/08\/GettyImages-1435560677.jpg","datePublished":"2023-07-26T14:39:55+00:00","dateModified":"2023-08-02T15:44:02+00:00","breadcrumb":{"@id":"https:\/\/energycitizens.org\/oppose-the-epas-proposed-pm-standards-in-colorado\/#breadcrumb"},"inLanguage":"es","potentialAction":[{"@type":"ReadAction","target":["https:\/\/energycitizens.org\/oppose-the-epas-proposed-pm-standards-in-colorado\/"]}]},{"@type":"ImageObject","inLanguage":"es","@id":"https:\/\/energycitizens.org\/oppose-the-epas-proposed-pm-standards-in-colorado\/#primaryimage","url":"https:\/\/energycitizens.org\/wp-content\/uploads\/2023\/08\/GettyImages-1435560677.jpg","contentUrl":"https:\/\/energycitizens.org\/wp-content\/uploads\/2023\/08\/GettyImages-1435560677.jpg","width":2472,"height":1213,"caption":"Beautiful fall morning near Ouray, CO after a fresh snowfall."},{"@type":"BreadcrumbList","@id":"https:\/\/energycitizens.org\/oppose-the-epas-proposed-pm-standards-in-colorado\/#breadcrumb","itemListElement":[{"@type":"ListItem","position":1,"name":"Home","item":"https:\/\/energycitizens.org\/"},{"@type":"ListItem","position":2,"name":"Oppose the EPA&#8217;s Proposed PM Standards in Colorado!"}]},{"@type":"WebSite","@id":"https:\/\/energycitizens.org\/#website","url":"https:\/\/energycitizens.org\/","name":"L\u00edderes de la Energ\u00eda","description":"","potentialAction":[{"@type":"SearchAction","target":{"@type":"EntryPoint","urlTemplate":"https:\/\/energycitizens.org\/?s={search_term_string}"},"query-input":{"@type":"PropertyValueSpecification","valueRequired":true,"valueName":"search_term_string"}}],"inLanguage":"es"}]}},"toolset-meta":{"page-options":{"page-header-description":{"type":"wysiwyg","raw":""},"page-content-background-image":{"type":"image","raw":"","attachment_id":null},"state-logo":{"type":"image","raw":"","attachment_id":null}}},"_links":{"self":[{"href":"https:\/\/energycitizens.org\/es\/wp-json\/wp\/v2\/pages\/1766","targetHints":{"allow":["GET"]}}],"collection":[{"href":"https:\/\/energycitizens.org\/es\/wp-json\/wp\/v2\/pages"}],"about":[{"href":"https:\/\/energycitizens.org\/es\/wp-json\/wp\/v2\/types\/page"}],"author":[{"embeddable":true,"href":"https:\/\/energycitizens.org\/es\/wp-json\/wp\/v2\/users\/8"}],"replies":[{"embeddable":true,"href":"https:\/\/energycitizens.org\/es\/wp-json\/wp\/v2\/comments?post=1766"}],"version-history":[{"count":0,"href":"https:\/\/energycitizens.org\/es\/wp-json\/wp\/v2\/pages\/1766\/revisions"}],"wp:featuredmedia":[{"embeddable":true,"href":"https:\/\/energycitizens.org\/es\/wp-json\/wp\/v2\/media\/1786"}],"wp:attachment":[{"href":"https:\/\/energycitizens.org\/es\/wp-json\/wp\/v2\/media?parent=1766"}],"curies":[{"name":"gracias","href":"https:\/\/api.w.org\/{rel}","templated":true}]}}