{"id":1768,"date":"2023-07-26T14:53:04","date_gmt":"2023-07-26T14:53:04","guid":{"rendered":"https:\/\/energycitizens.org\/?page_id=1768"},"modified":"2023-09-28T15:03:22","modified_gmt":"2023-09-28T15:03:22","slug":"severance-taxes-bad-for-pennsylvania-businesses","status":"publish","type":"page","link":"https:\/\/energycitizens.org\/es\/severance-taxes-bad-for-pennsylvania-businesses\/","title":{"rendered":"\u00a1Act\u00fae ahora para decir NO a los nuevos impuestos sobre el gas natural de Pensilvania!"},"content":{"rendered":"<p class=\"has-medium-font-size\"><strong>\u00a1Actuar ahora! Firme su nombre para unirse a nuestra lista de partidarios que se oponen a nuevos impuestos a la producci\u00f3n de gas natural. &nbsp;<\/strong><\/p>\n\n\n\n<p class=\"has-medium-font-size\">Algunos legisladores de Harrisburg buscan imponer un nuevo impuesto a los recursos de gas natural extra\u00eddos de nuestro estado.&nbsp;<\/p>\n\n\n\n<p class=\"has-medium-font-size\"><strong><span style=\"text-decoration: underline;\" class=\"ek-underline\">Esto podr\u00eda tener graves consecuencias:&nbsp;&nbsp;<\/span><\/strong><\/p>\n\n\n\n<p class=\"has-medium-font-size\"><strong>Empleos y nuestra econom\u00eda:<\/strong> La industria del gas natural y el petr\u00f3leo sigue siendo un motor econ\u00f3mico importante para Pensilvania, ya que genera m\u00e1s de 400.000 puestos de trabajo y aporta millones de d\u00f3lares anualmente a los gobiernos estatales y locales. Un nuevo impuesto a la industria del gas natural, que ya paga m\u00e1s de lo que le corresponde a trav\u00e9s de la tarifa de impacto, podr\u00eda provocar recortes de empleos para los residentes de Pensilvania.&nbsp;&nbsp;&nbsp;<\/p>\n\n\n\n<p class=\"has-medium-font-size\"><strong>Este Impuesto es Duplicativo:<\/strong> Adem\u00e1s de los impuestos comerciales, la industria del gas natural paga un impuesto \u00fanico \u2013la tarifa de impacto\u2013 que ha generado m\u00e1s de $2.5 mil millones en financiamiento para programas ambientales y de conservaci\u00f3n, carreteras y puentes, infraestructura, seguridad p\u00fablica y otros proyectos cr\u00edticos desde 2012.\u00a0\u00a0<\/p>\n\n\n<style>.wForm form{text-align: left;}<\/style><!-- FORM: HEAD SECTION -->\n    <meta http-equiv=\"Content-Type\" content=\"text\/html; charset=utf-8\" \/>\n    <meta name=\"referrer\" content=\"no-referrer-when-downgrade\">\n    <!-- THIS SCRIPT NEEDS TO BE LOADED FIRST BEFORE wforms.js -->\n    <script type=\"text\/javascript\" data-for=\"FA__DOMContentLoadedEventDispatch\" src=\"https:\/\/www.tfaforms.com\/js\/FA__DOMContentLoadedEventDispatcher.js\" defer><\/script>\n        <script type=\"text\/javascript\">\n        document.addEventListener(\"FA__DOMContentLoaded\", function(){\n            const FORM_TIME_START = Math.floor((new Date).getTime()\/1000);\n            let formElement = document.getElementById(\"tfa_0\");\n            if (null === formElement) {\n                formElement = document.getElementById(\"0\");\n            }\n            let appendJsTimerElement = function(){\n                let formTimeDiff = Math.floor((new Date).getTime()\/1000) - FORM_TIME_START;\n                let cumulatedTimeElement = document.getElementById(\"tfa_dbCumulatedTime\");\n                if (null !== cumulatedTimeElement) {\n                    let cumulatedTime = parseInt(cumulatedTimeElement.value);\n                    if (null !== cumulatedTime && cumulatedTime > 0) {\n                        formTimeDiff += cumulatedTime;\n                    }\n                }\n                let jsTimeInput = document.createElement(\"input\");\n                jsTimeInput.setAttribute(\"type\", \"hidden\");\n                jsTimeInput.setAttribute(\"value\", formTimeDiff.toString());\n                jsTimeInput.setAttribute(\"name\", \"tfa_dbElapsedJsTime\");\n                jsTimeInput.setAttribute(\"id\", \"tfa_dbElapsedJsTime\");\n                jsTimeInput.setAttribute(\"autocomplete\", \"off\");\n                if (null !== formElement) {\n                    formElement.appendChild(jsTimeInput);\n                }\n            };\n            if (null !== formElement) {\n                if(formElement.addEventListener){\n                    formElement.addEventListener('submit', appendJsTimerElement, false);\n                } else if(formElement.attachEvent){\n                    formElement.attachEvent('onsubmit', appendJsTimerElement);\n                }\n            }\n        });\n    <\/script>\n\n    <link href=\"https:\/\/www.tfaforms.com\/dist\/form-builder\/5.0.0\/wforms-layout.css?v=1778825072\" rel=\"stylesheet\" type=\"text\/css\" \/>\n\n    <link href=\"https:\/\/www.tfaforms.com\/uploads\/themes\/theme-90895.css\" rel=\"stylesheet\" type=\"text\/css\" \/>\n    <link href=\"https:\/\/www.tfaforms.com\/dist\/form-builder\/5.0.0\/wforms-jsonly.css?v=1778825072\" rel=\"alternate stylesheet\" title=\"This stylesheet activated by javascript\" type=\"text\/css\" \/>\n    <script type=\"text\/javascript\" src=\"https:\/\/www.tfaforms.com\/wForms\/3.11\/js\/wforms.js?v=1778825072\"><\/script>\n    <script type=\"text\/javascript\">\n        if(wFORMS.behaviors.prefill) wFORMS.behaviors.prefill.skip = true;\n    <\/script>\n    <script type=\"text\/javascript\" src=\"https:\/\/www.tfaforms.com\/wForms\/3.11\/js\/localization-en_US.js?v=1778825072\"><\/script>\n\n<!-- FORM: BODY SECTION -->\n<div class=\"wFormContainer\" style=\"max-width: 1000px; width: auto;\">\n    <div class=\"wFormHeader\"><\/div>\n    <style type=\"text\/css\"><\/style><div class=\"\"><div class=\"wForm\" id=\"5078347-WRPR\" data-language=\"en_US\" dir=\"ltr\">\n<div class=\"codesection\" id=\"code-5078347\"><\/div>\n<h3 class=\"wFormTitle\" data-testid=\"form-title\" id=\"5078347-T\">\u00a1Firma tu oposici\u00f3n!<\/h3>\n<form method=\"post\" action=\"https:\/\/www.tfaforms.com\/api_v2\/rest\/workflow\/processor\" class=\"hintsSide labelsAbove\" id=\"5078347\">\n<div class=\"oneField field-container-D\" id=\"tfa_1-D\">\n<label id=\"tfa_1-L\" class=\"label preField reqMark\" for=\"tfa_1\">Nombre<\/label><br><div class=\"inputWrapper\"><input aria-required=\"true\" type=\"text\" id=\"tfa_1\" name=\"tfa_1\" value=\"\" title=\"Nombre\" class=\"required\"><\/div>\n<\/div>\n<div class=\"oneField field-container-D\" id=\"tfa_2-D\">\n<label id=\"tfa_2-L\" class=\"label preField reqMark\" for=\"tfa_2\">Apellido<\/label><br><div class=\"inputWrapper\"><input aria-required=\"true\" type=\"text\" id=\"tfa_2\" name=\"tfa_2\" value=\"\" title=\"Apellido\" class=\"required\"><\/div>\n<\/div>\n<div class=\"oneField field-container-D\" id=\"tfa_3-D\">\n<label id=\"tfa_3-L\" class=\"label preField reqMark\" for=\"tfa_3\">Correo electr\u00f3nico<\/label><br><div class=\"inputWrapper\"><input aria-required=\"true\" type=\"text\" id=\"tfa_3\" name=\"tfa_3\" value=\"\" title=\"Correo electr\u00f3nico\" class=\"required\"><\/div>\n<\/div>\n<div class=\"oneField field-container-D\" id=\"tfa_4-D\">\n<label id=\"tfa_4-L\" class=\"label preField reqMark\" for=\"tfa_4\">Tel\u00e9fono<\/label><br><div class=\"inputWrapper\"><input aria-required=\"true\" type=\"text\" id=\"tfa_4\" name=\"tfa_4\" value=\"\" title=\"Tel\u00e9fono\" class=\"required\"><\/div>\n<\/div>\n<div class=\"oneField field-container-D\" id=\"tfa_7-D\">\n<label id=\"tfa_7-L\" class=\"label preField reqMark\" for=\"tfa_7\">DIRECCI\u00d3N<\/label><br><div class=\"inputWrapper\"><input aria-required=\"true\" type=\"text\" id=\"tfa_7\" name=\"tfa_7\" value=\"\" title=\"DIRECCI\u00d3N\" class=\"required\"><\/div>\n<\/div>\n<div class=\"oneField field-container-D\" id=\"tfa_5-D\">\n<label id=\"tfa_5-L\" class=\"label preField reqMark\" for=\"tfa_5\">C\u00f3digo postal<\/label><br><div class=\"inputWrapper\"><input aria-required=\"true\" type=\"text\" id=\"tfa_5\" name=\"tfa_5\" value=\"\" title=\"C\u00f3digo postal\" class=\"required\"><\/div>\n<\/div>\n<div class=\"htmlSection\" id=\"tfa_6\"><div class=\"htmlContent\" id=\"tfa_6-HTML\"><p class=\"MsoNormal\"><span style=\"font-family: Montserrat; color: rgb(34, 34, 34); border: 1pt none windowtext; padding: 0in; background-image: initial; background-position: initial; background-size: initial; background-repeat: initial; background-attachment: initial; background-origin: initial; background-clip: initial;\">Gracias por unirte a nuestra campa\u00f1a. Al proporcionar su n\u00famero de tel\u00e9fono y direcci\u00f3n de correo electr\u00f3nico, usted acepta recibir llamadas, mensajes de texto, correos electr\u00f3nicos y\/o mensajes pregrabados autom\u00e1ticos peri\u00f3dicos a ese n\u00famero de nuestra organizaci\u00f3n. Su consentimiento no es una condici\u00f3n para comprar. Se pueden aplicar tarifas de mensajes y datos. Env\u00ede AYUDA para obtener ayuda. Env\u00ede un mensaje de texto con STOP para optar por no participar. Hacer clic<\/span><b><span style=\"background-image: initial; background-position: initial; background-size: initial; background-repeat: initial; background-attachment: initial; background-origin: initial; background-clip: initial;\"><span style=\"font-family: Montserrat; border: 1pt none windowtext; padding: 0in; background-image: initial; background-position: initial; background-size: initial; background-repeat: initial; background-attachment: initial; background-origin: initial; background-clip: initial;\">&nbsp;<span style=\"background-image: initial; background-position: initial; background-size: initial; background-repeat: initial; background-attachment: initial; background-origin: initial; background-clip: initial;\"><\/span><\/span><\/span><\/b><b><span style=\"font-family: Montserrat; color: rgb(81, 94, 89); border: 1pt none windowtext; padding: 0in; background-image: initial; background-position: initial; background-size: initial; background-repeat: initial; background-attachment: initial; background-origin: initial; background-clip: initial;\"><\/span><a href=\"https:\/\/nam04.safelinks.protection.outlook.com\/?url=https%3A%2F%2Fwww.api.org%2Fprivacy&amp;data=05%7C01%7CMcGroryB%40api.org%7C53d3db78ef5842f6229708db6dacfe5d%7C2df2418fe75f46f0898d65f4eeecb14b%7C0%7C0%7C638224362014350083%7CUnknown%7CTWFpbGZsb3d8eyJWIjoiMC4wLjAwMDAiLCJQIjoiV2luMzIiLCJBTiI6Ik1haWwiLCJXVCI6Mn0%3D%7C3000%7C%7C%7C&amp;sdata=mRIWfmEQbtMQswV9OhYfZc1GuFNhTFIuR8UR0%2Fgsk1k%3D&amp;reserved=0\" target=\"_blank\"><span style=\"color: rgb(0, 86, 173);\">\u00e9l<span style=\"color: rgb(0, 86, 173);\">r<span style=\"color: rgb(0, 86, 173);\">mi<\/span><\/span><\/span><\/a><\/b><b><span style=\"background-image: initial; background-position: initial; background-size: initial; background-repeat: initial; background-attachment: initial; background-origin: initial; background-clip: initial;\"><span style=\"font-family: Montserrat; border: 1pt none windowtext; padding: 0in; background-image: initial; background-position: initial; background-size: initial; background-repeat: initial; background-attachment: initial; background-origin: initial; background-clip: initial;\">&nbsp;<\/span><\/span><\/b><span style=\"font-family: Montserrat; color: rgb(34, 34, 34); border: 1pt none windowtext; padding: 0in; background-image: initial; background-position: initial; background-size: initial; background-repeat: initial; background-attachment: initial; background-origin: initial; background-clip: initial;\">para leer nuestra Pol\u00edtica de Privacidad.<\/span><o:p><\/o:p><\/p><p class=\"xxmsonormal\" style=\"margin-left:.5in\"><\/p><\/div><\/div>\n<div class=\"actions\" id=\"5078347-A\" data-contentid=\"submit_button\"><input type=\"submit\" data-label=\"Submit\" class=\"primaryAction\" id=\"submit_button\" value=\"Entregar\"><\/div>\n<div style=\"clear:both\"><\/div>\n<input type=\"hidden\" value=\"265-9f445db71d9a9a25f2ae8574ba38a3be\" name=\"tfa_dbCounters\" id=\"tfa_dbCounters\" autocomplete=\"off\"><input type=\"hidden\" value=\"5078347\" name=\"tfa_dbFormId\" id=\"tfa_dbFormId\"><input type=\"hidden\" value=\"\" name=\"tfa_dbResponseId\" id=\"tfa_dbResponseId\"><input type=\"hidden\" value=\"ca9c6e6c0e1d7a8ebef034bba677d106\" name=\"tfa_dbControl\" id=\"tfa_dbControl\"><input type=\"hidden\" value=\"\" name=\"tfa_dbWorkflowSessionUuid\" id=\"tfa_dbWorkflowSessionUuid\"><input type=\"hidden\" value=\"1778825072\" name=\"tfa_dbTimeStarted\" id=\"tfa_dbTimeStarted\" autocomplete=\"off\"><input type=\"hidden\" value=\"2\" name=\"tfa_dbVersionId\" id=\"tfa_dbVersionId\"><input type=\"hidden\" value=\"\" name=\"tfa_switchedoff\" id=\"tfa_switchedoff\">\n<\/form>\n<\/div><\/div><div class=\"wFormFooter\"><p class=\"supportInfo\"><br><\/p><\/div>\n  <p class=\"supportInfo\" >\n      <\/p>\n <\/div>\n\n<style> \n.wFormFooter {display:none;}\n.supportInfo {display:none;}\n<\/style>\n\n\n\n<p class=\"has-small-font-size\">Gracias por unirte a nuestra campa\u00f1a. Al proporcionar su n\u00famero de tel\u00e9fono m\u00f3vil y direcci\u00f3n de correo electr\u00f3nico, usted acepta recibir mensajes de texto y correos electr\u00f3nicos recurrentes de nuestra organizaci\u00f3n que pueden enviarse a trav\u00e9s de un sistema automatizado, y tiene la intenci\u00f3n de que esto act\u00fae como su firma. Se pueden aplicar tarifas de mensajes y datos. Env\u00ede AYUDA para obtener informaci\u00f3n. Env\u00ede un mensaje de texto con STOP para optar por no participar. No se requiere compra. Hacer clic<strong>&nbsp;<a href=\"https:\/\/nam04.safelinks.protection.outlook.com\/?url=https%3A%2F%2Fwww.api.org%2Fprivacy&amp;data=05%7C01%7CMcGroryB%40api.org%7C53d3db78ef5842f6229708db6dacfe5d%7C2df2418fe75f46f0898d65f4eeecb14b%7C0%7C0%7C638224362014350083%7CUnknown%7CTWFpbGZsb3d8eyJWIjoiMC4wLjAwMDAiLCJQIjoiV2luMzIiLCJBTiI6Ik1haWwiLCJXVCI6Mn0%3D%7C3000%7C%7C%7C&amp;sdata=mRIWfmEQbtMQswV9OhYfZc1GuFNhTFIuR8UR0%2Fgsk1k%3D&amp;reserved=0\" target=\"_blank\" rel=\"noreferrer noopener\">aqu\u00ed<\/a>&nbsp;<\/strong>para leer nuestra Pol\u00edtica de Privacidad.<\/p>\n\n\n\n<p class=\"has-medium-font-size\"><em>Simplemente pon<\/em>, no podemos darnos el lujo de imponer nuevos impuestos a la energ\u00eda. Un nuevo impuesto a la industria del gas natural, que ya paga m\u00e1s de lo que le corresponde a trav\u00e9s de la tarifa de impacto, podr\u00eda provocar recortes de empleos para los residentes de Pensilvania.&nbsp;&nbsp;<\/p>\n\n\n\n<p class=\"has-medium-font-size\">\u00bfAceptar? Complete el formulario para unirse a nuestra lista de seguidores y mant\u00e9ngase atento a cualquier nueva actualizaci\u00f3n.<\/p>","protected":false},"excerpt":{"rendered":"<p>Act Now! Sign your name to join our supporter list opposing new taxes on natural gas production. &nbsp; Some Harrisburg legislators seek to impose a new tax on the natural gas resources extracted from our state.&nbsp; This could have serious consequences:&nbsp;&nbsp; Jobs and Our Economy: The natural gas and oil industry continues to be a [&hellip;]<\/p>\n","protected":false},"author":8,"featured_media":322,"parent":0,"menu_order":0,"comment_status":"closed","ping_status":"closed","template":"","meta":{"_acf_changed":false,"_editorskit_title_hidden":false,"_editorskit_reading_time":0,"_editorskit_is_block_options_detached":false,"_editorskit_block_options_position":"{}","inline_featured_image":false,"footnotes":""},"class_list":["post-1768","page","type-page","status-publish","has-post-thumbnail","hentry"],"acf":[],"yoast_head":"<!-- This site is optimized with the Yoast SEO plugin v27.2 - https:\/\/yoast.com\/product\/yoast-seo-wordpress\/ -->\n<title>Act Now to Say NO To New Taxes on PA Natural Gas! - Energy Citizens<\/title>\n<meta name=\"robots\" content=\"index, follow, max-snippet:-1, max-image-preview:large, max-video-preview:-1\" \/>\n<link rel=\"canonical\" href=\"https:\/\/energycitizens.org\/es\/severance-taxes-bad-for-pennsylvania-businesses\/\" \/>\n<meta property=\"og:locale\" content=\"es_MX\" \/>\n<meta property=\"og:type\" content=\"article\" \/>\n<meta property=\"og:title\" content=\"Act Now to Say NO To New Taxes on PA Natural Gas! - Energy Citizens\" \/>\n<meta property=\"og:description\" content=\"Act Now! Sign your name to join our supporter list opposing new taxes on natural gas production. &nbsp; Some Harrisburg legislators seek to impose a new tax on the natural gas resources extracted from our state.&nbsp; This could have serious consequences:&nbsp;&nbsp; Jobs and Our Economy: The natural gas and oil industry continues to be a [&hellip;]\" \/>\n<meta property=\"og:url\" content=\"https:\/\/energycitizens.org\/es\/severance-taxes-bad-for-pennsylvania-businesses\/\" \/>\n<meta property=\"og:site_name\" content=\"Energy Citizens\" \/>\n<meta property=\"article:modified_time\" content=\"2023-09-28T15:03:22+00:00\" \/>\n<meta property=\"og:image\" content=\"https:\/\/energycitizens.org\/wp-content\/uploads\/2020\/10\/shutterstock_452275294_PA.jpg\" \/>\n\t<meta property=\"og:image:width\" content=\"1000\" \/>\n\t<meta property=\"og:image:height\" content=\"667\" \/>\n\t<meta property=\"og:image:type\" content=\"image\/jpeg\" \/>\n<meta name=\"twitter:card\" content=\"summary_large_image\" \/>\n<meta name=\"twitter:label1\" content=\"Tiempo de lectura\" \/>\n\t<meta name=\"twitter:data1\" content=\"2 minutos\" \/>\n<script type=\"application\/ld+json\" class=\"yoast-schema-graph\">{\"@context\":\"https:\/\/schema.org\",\"@graph\":[{\"@type\":\"WebPage\",\"@id\":\"https:\/\/energycitizens.org\/severance-taxes-bad-for-pennsylvania-businesses\/\",\"url\":\"https:\/\/energycitizens.org\/severance-taxes-bad-for-pennsylvania-businesses\/\",\"name\":\"Act Now to Say NO To New Taxes on PA Natural Gas! - Energy Citizens\",\"isPartOf\":{\"@id\":\"https:\/\/energycitizens.org\/#website\"},\"primaryImageOfPage\":{\"@id\":\"https:\/\/energycitizens.org\/severance-taxes-bad-for-pennsylvania-businesses\/#primaryimage\"},\"image\":{\"@id\":\"https:\/\/energycitizens.org\/severance-taxes-bad-for-pennsylvania-businesses\/#primaryimage\"},\"thumbnailUrl\":\"https:\/\/energycitizens.org\/wp-content\/uploads\/2020\/10\/shutterstock_452275294_PA.jpg\",\"datePublished\":\"2023-07-26T14:53:04+00:00\",\"dateModified\":\"2023-09-28T15:03:22+00:00\",\"breadcrumb\":{\"@id\":\"https:\/\/energycitizens.org\/severance-taxes-bad-for-pennsylvania-businesses\/#breadcrumb\"},\"inLanguage\":\"es\",\"potentialAction\":[{\"@type\":\"ReadAction\",\"target\":[\"https:\/\/energycitizens.org\/severance-taxes-bad-for-pennsylvania-businesses\/\"]}]},{\"@type\":\"ImageObject\",\"inLanguage\":\"es\",\"@id\":\"https:\/\/energycitizens.org\/severance-taxes-bad-for-pennsylvania-businesses\/#primaryimage\",\"url\":\"https:\/\/energycitizens.org\/wp-content\/uploads\/2020\/10\/shutterstock_452275294_PA.jpg\",\"contentUrl\":\"https:\/\/energycitizens.org\/wp-content\/uploads\/2020\/10\/shutterstock_452275294_PA.jpg\",\"width\":1000,\"height\":667},{\"@type\":\"BreadcrumbList\",\"@id\":\"https:\/\/energycitizens.org\/severance-taxes-bad-for-pennsylvania-businesses\/#breadcrumb\",\"itemListElement\":[{\"@type\":\"ListItem\",\"position\":1,\"name\":\"Home\",\"item\":\"https:\/\/energycitizens.org\/\"},{\"@type\":\"ListItem\",\"position\":2,\"name\":\"Act Now to Say NO To New Taxes on PA Natural Gas!\"}]},{\"@type\":\"WebSite\",\"@id\":\"https:\/\/energycitizens.org\/#website\",\"url\":\"https:\/\/energycitizens.org\/\",\"name\":\"Energy Citizens\",\"description\":\"\",\"potentialAction\":[{\"@type\":\"SearchAction\",\"target\":{\"@type\":\"EntryPoint\",\"urlTemplate\":\"https:\/\/energycitizens.org\/?s={search_term_string}\"},\"query-input\":{\"@type\":\"PropertyValueSpecification\",\"valueRequired\":true,\"valueName\":\"search_term_string\"}}],\"inLanguage\":\"es\"}]}<\/script>\n<!-- \/ Yoast SEO plugin. -->","yoast_head_json":{"title":"\u00a1Act\u00fae ahora y diga NO a los nuevos impuestos al gas natural de Pensilvania! - Energy Citizens","robots":{"index":"index","follow":"follow","max-snippet":"max-snippet:-1","max-image-preview":"max-image-preview:large","max-video-preview":"max-video-preview:-1"},"canonical":"https:\/\/energycitizens.org\/es\/severance-taxes-bad-for-pennsylvania-businesses\/","og_locale":"es_MX","og_type":"article","og_title":"Act Now to Say NO To New Taxes on PA Natural Gas! - Energy Citizens","og_description":"Act Now! Sign your name to join our supporter list opposing new taxes on natural gas production. &nbsp; Some Harrisburg legislators seek to impose a new tax on the natural gas resources extracted from our state.&nbsp; This could have serious consequences:&nbsp;&nbsp; Jobs and Our Economy: The natural gas and oil industry continues to be a [&hellip;]","og_url":"https:\/\/energycitizens.org\/es\/severance-taxes-bad-for-pennsylvania-businesses\/","og_site_name":"Energy Citizens","article_modified_time":"2023-09-28T15:03:22+00:00","og_image":[{"width":1000,"height":667,"url":"https:\/\/energycitizens.org\/wp-content\/uploads\/2020\/10\/shutterstock_452275294_PA.jpg","type":"image\/jpeg"}],"twitter_card":"summary_large_image","twitter_misc":{"Tiempo de lectura":"2 minutos"},"schema":{"@context":"https:\/\/schema.org","@graph":[{"@type":"WebPage","@id":"https:\/\/energycitizens.org\/severance-taxes-bad-for-pennsylvania-businesses\/","url":"https:\/\/energycitizens.org\/severance-taxes-bad-for-pennsylvania-businesses\/","name":"\u00a1Act\u00fae ahora y diga NO a los nuevos impuestos al gas natural de Pensilvania! - Energy Citizens","isPartOf":{"@id":"https:\/\/energycitizens.org\/#website"},"primaryImageOfPage":{"@id":"https:\/\/energycitizens.org\/severance-taxes-bad-for-pennsylvania-businesses\/#primaryimage"},"image":{"@id":"https:\/\/energycitizens.org\/severance-taxes-bad-for-pennsylvania-businesses\/#primaryimage"},"thumbnailUrl":"https:\/\/energycitizens.org\/wp-content\/uploads\/2020\/10\/shutterstock_452275294_PA.jpg","datePublished":"2023-07-26T14:53:04+00:00","dateModified":"2023-09-28T15:03:22+00:00","breadcrumb":{"@id":"https:\/\/energycitizens.org\/severance-taxes-bad-for-pennsylvania-businesses\/#breadcrumb"},"inLanguage":"es","potentialAction":[{"@type":"ReadAction","target":["https:\/\/energycitizens.org\/severance-taxes-bad-for-pennsylvania-businesses\/"]}]},{"@type":"ImageObject","inLanguage":"es","@id":"https:\/\/energycitizens.org\/severance-taxes-bad-for-pennsylvania-businesses\/#primaryimage","url":"https:\/\/energycitizens.org\/wp-content\/uploads\/2020\/10\/shutterstock_452275294_PA.jpg","contentUrl":"https:\/\/energycitizens.org\/wp-content\/uploads\/2020\/10\/shutterstock_452275294_PA.jpg","width":1000,"height":667},{"@type":"BreadcrumbList","@id":"https:\/\/energycitizens.org\/severance-taxes-bad-for-pennsylvania-businesses\/#breadcrumb","itemListElement":[{"@type":"ListItem","position":1,"name":"Home","item":"https:\/\/energycitizens.org\/"},{"@type":"ListItem","position":2,"name":"Act Now to Say NO To New Taxes on PA Natural Gas!"}]},{"@type":"WebSite","@id":"https:\/\/energycitizens.org\/#website","url":"https:\/\/energycitizens.org\/","name":"L\u00edderes de la Energ\u00eda","description":"","potentialAction":[{"@type":"SearchAction","target":{"@type":"EntryPoint","urlTemplate":"https:\/\/energycitizens.org\/?s={search_term_string}"},"query-input":{"@type":"PropertyValueSpecification","valueRequired":true,"valueName":"search_term_string"}}],"inLanguage":"es"}]}},"toolset-meta":{"page-options":{"page-header-description":{"type":"wysiwyg","raw":""},"page-content-background-image":{"type":"image","raw":"","attachment_id":null},"state-logo":{"type":"image","raw":"","attachment_id":null}}},"_links":{"self":[{"href":"https:\/\/energycitizens.org\/es\/wp-json\/wp\/v2\/pages\/1768","targetHints":{"allow":["GET"]}}],"collection":[{"href":"https:\/\/energycitizens.org\/es\/wp-json\/wp\/v2\/pages"}],"about":[{"href":"https:\/\/energycitizens.org\/es\/wp-json\/wp\/v2\/types\/page"}],"author":[{"embeddable":true,"href":"https:\/\/energycitizens.org\/es\/wp-json\/wp\/v2\/users\/8"}],"replies":[{"embeddable":true,"href":"https:\/\/energycitizens.org\/es\/wp-json\/wp\/v2\/comments?post=1768"}],"version-history":[{"count":0,"href":"https:\/\/energycitizens.org\/es\/wp-json\/wp\/v2\/pages\/1768\/revisions"}],"wp:featuredmedia":[{"embeddable":true,"href":"https:\/\/energycitizens.org\/es\/wp-json\/wp\/v2\/media\/322"}],"wp:attachment":[{"href":"https:\/\/energycitizens.org\/es\/wp-json\/wp\/v2\/media?parent=1768"}],"curies":[{"name":"gracias","href":"https:\/\/api.w.org\/{rel}","templated":true}]}}