{"id":1829,"date":"2023-08-15T15:23:08","date_gmt":"2023-08-15T15:23:08","guid":{"rendered":"https:\/\/energycitizens.org\/?page_id=1829"},"modified":"2023-08-15T15:23:08","modified_gmt":"2023-08-15T15:23:08","slug":"politica-de-privacidad","status":"publish","type":"page","link":"https:\/\/energycitizens.org\/es\/politica-de-privacidad\/","title":{"rendered":"Pol\u00edtica de Privacidad"},"content":{"rendered":"<p class=\"has-medium-font-size\"><strong>declaraci\u00f3n general de privacidad<\/strong><\/p>\n\n\n\n<p class=\"has-medium-font-size\">API se compromete a respetar su privacidad. Esta pol\u00edtica de privacidad describe la informaci\u00f3n que recopilamos sobre usted y c\u00f3mo la utilizamos, compartimos y protegemos.\u00a0\u00a0<\/p>\n\n\n\n<p class=\"has-medium-font-size\"><strong>Recolecci\u00f3n autom\u00e1tica de informaci\u00f3n<\/strong>\u00a0\u00a0<\/p>\n\n\n\n<p class=\"has-medium-font-size\">Nuestros servidores de red capturan autom\u00e1ticamente cierta informaci\u00f3n, como su direcci\u00f3n IP o el identificador de su dispositivo m\u00f3vil, el nombre de dominio de la p\u00e1gina web desde la que entr\u00f3 en nuestro sitio, las p\u00e1ginas que visita en nuestro sitio, el porcentaje de clics y el tiempo que pasa aqu\u00ed. Sin embargo, esta informaci\u00f3n no nos permite identificarle. Podemos utilizar y analizar estos datos para an\u00e1lisis, tendencias y para mejorar nuestro sitio. Si compartimos esta informaci\u00f3n con terceros, lo haremos de forma acumulada para que no identifique a ning\u00fan usuario individual.<\/p>\n\n\n\n<p class=\"has-medium-font-size\"><strong>Informaci\u00f3n que proporciona<\/strong><\/p>\n\n\n\n<p class=\"has-medium-font-size\">Si solicita informaci\u00f3n similar a API o participa en actividades en este sitio web, es posible que se le solicite que env\u00ede informaci\u00f3n personal a API. Esta informaci\u00f3n incluye datos como su nombre e informaci\u00f3n de contacto necesaria para responder a sus consultas. Si decide no proporcionar la informaci\u00f3n solicitada por API, podr\u00e1 seguir visitando el sitio, pero es posible que no pueda acceder a determinadas ofertas, servicios o p\u00e1ginas seguras.<\/p>\n\n\n\n<p class=\"has-medium-font-size\"><strong>Contenido que proporciona<\/strong><\/p>\n\n\n\n<p class=\"has-medium-font-size\">En la medida en que el sitio web proporciona boletines de anuncios u otros foros abiertos, usted entiende y acepta que API no es responsable de ninguna informaci\u00f3n que usted proporcione en estas plataformas y reconoce que otros pueden recopilar y utilizar cualquier informaci\u00f3n que usted proporcione.<\/p>\n\n\n\n<p class=\"has-medium-font-size\"><strong>C\u00f3mo utilizamos la informaci\u00f3n<\/strong><\/p>\n\n\n\n<p class=\"has-medium-font-size\">Utilizamos sus datos para responder a las solicitudes de informaci\u00f3n que nos haga llegar, para informarle sobre nuestros servicios e informaci\u00f3n relevante en los sectores a los que servimos, para informarle sobre eventos o para otros fines con su consentimiento.\u00a0<\/p>\n\n\n\n<p class=\"has-medium-font-size\"><strong>C\u00f3mo compartimos la informaci\u00f3n\u00a0<\/strong><\/p>\n\n\n\n<p class=\"has-medium-font-size\">API puede compartir su informaci\u00f3n con proveedores de servicios y vendedores que nos ayudan a administrar este sitio y responder a las consultas, pero estos proveedores de servicios y vendedores no est\u00e1n autorizados a utilizar sus datos para ning\u00fan prop\u00f3sito no relacionado con la prestaci\u00f3n de estos servicios. Tambi\u00e9n podemos compartir su informaci\u00f3n con terceros de confianza para fines limitados.<\/p>\n\n\n\n<p class=\"has-medium-font-size\">API tambi\u00e9n puede proporcionar informaci\u00f3n personal a las autoridades policiales o de otro tipo cuando API cree que esta divulgaci\u00f3n de informaci\u00f3n es necesaria: (1) para cumplir con los requisitos legales o cumplir con un proceso legal; (2) para proteger y defender los derechos o la propiedad de API y sus miembros y clientes o (3) para proteger a los dem\u00e1s usuarios del sitio o el p\u00fablico.<\/p>\n\n\n\n<p class=\"has-medium-font-size\">Si realizamos una venta o transferencia de activos, o nos vemos involucrados en una fusi\u00f3n o transferencia, podemos transferir su informaci\u00f3n a uno o m\u00e1s terceros como parte de esa transacci\u00f3n. Por \u00faltimo, adem\u00e1s de lo descrito en esta pol\u00edtica de privacidad, podemos compartir informaci\u00f3n sobre usted con terceros cuando usted lo autorice.<\/p>\n\n\n\n<p class=\"has-medium-font-size\"><strong>Privacidad de los menores<\/strong><\/p>\n\n\n\n<p class=\"has-medium-font-size\">\u00a0API no recopila ni utiliza conscientemente informaci\u00f3n de menores de 16 a\u00f1os sin el consentimiento de sus padres o tutores, salvo en los casos permitidos por la ley.<\/p>\n\n\n\n<p class=\"has-medium-font-size\"><strong>Cookies y se\u00f1ales \u201cNo rastrear\u201d<\/strong><\/p>\n\n\n\n<p class=\"has-medium-font-size\">Cuando visite nuestro sitio web, es posible que coloquemos una cookie en su computadora que nos permitir\u00e1 hacer un seguimiento de su visita a nuestro sitio y nos ayudar\u00e1 a mejorarlo. Las cookies son archivos que los sitios web env\u00edan a su computadora u otro dispositivo conectado a Internet para identificar de forma exclusiva su navegador o para almacenar informaci\u00f3n o ajustes en su dispositivo.<\/p>\n\n\n\n<p class=\"has-medium-font-size\">Nuestro sitio web no est\u00e1 dise\u00f1ado para responder a las se\u00f1ales \u201cdo not track\u201d de los navegadores. Su navegador puede indicarle c\u00f3mo ser notificado cuando ciertos tipos de cookies reciben y c\u00f3mo restringir o desactivar determinadas cookies. Tenga en cuenta, sin embargo, que sin cookies es posible que no pueda utilizar todas las funciones de nuestros sitios web.\u00a0<\/p>\n\n\n\n<p class=\"has-medium-font-size\"><strong>Otros sitios web y enlaces<\/strong><\/p>\n\n\n\n<p class=\"has-medium-font-size\">Este sitio web contiene enlaces a otros sitios web y puede proporcionar integraci\u00f3n con plataformas de redes sociales. Si decide utilizar cualquiera de estos enlaces o esta integraci\u00f3n, abandonar\u00e1 el sitio web de la API y se dirigir\u00e1 a un sitio web que no est\u00e1 controlado por nosotros. La protecci\u00f3n de su privacidad en estos sitios enlazados se regir\u00e1 por la pol\u00edtica de privacidad de ese sitio. T\u00f3mese su tiempo para leer las pol\u00edticas de privacidad de esos sitios. No nos hacemos responsables de las pr\u00e1cticas de privacidad de dichos sitios ni del uso de la informaci\u00f3n que usted proporciona.<\/p>\n\n\n\n<p class=\"has-medium-font-size\"><strong>Seguridad<\/strong><\/p>\n\n\n\n<p class=\"has-medium-font-size\">Utilizamos medidas f\u00edsicas, t\u00e9cnicas y administrativas para proteger su informaci\u00f3n contra p\u00e9rdida, robo y uso no autorizado, divulgaci\u00f3n o modificaci\u00f3n. Aunque nos esforzamos por proteger la informaci\u00f3n que mantenemos, no podemos asegurar ni garantizar la seguridad de ninguna informaci\u00f3n que nos transmita, ya que ning\u00fan m\u00e9todo de transmisi\u00f3n o almacenamiento de datos es 100% seguro.<\/p>\n\n\n\n<p class=\"has-medium-font-size\"><strong>Correo electr\u00f3nico<\/strong><\/p>\n\n\n\n<p class=\"has-medium-font-size\">Tiene derecho a dejar de recibir correos electr\u00f3nicos cuando lo desee ya recibir \u00fanicamente comunicaciones por correo electr\u00f3nico pertinentes y deseadas. Puede darse cuenta de baja de nuestra lista de correo electr\u00f3nico en cualquier momento y por cualquier motivo haciendo clic en la lista para darse cuenta de baja en cualquier correo electr\u00f3nico que haya recibido de nosotros.<\/p>\n\n\n\n<p class=\"has-medium-font-size\"><strong>visitantes europeos<\/strong>\u00a0<\/p>\n\n\n\n<p class=\"has-medium-font-size\">T\u00e9rminos legales. Trataremos sus datos personales (1) con su consentimiento; (2) para cumplir un contrato entre usted y nosotros, como una solicitud de informaci\u00f3n; (3) para cumplir una obligaci\u00f3n legal o (4) cuando tengamos un inter\u00e9s leg\u00edtimo para hacerlo, incluida la respuesta a sus solicitudes.<\/p>\n\n\n\n<p class=\"has-medium-font-size\">Retenci\u00f3n. Retendremos sus datos personales durante el tiempo que sea necesario para cumplir las multas para los que fueron recopilados y procesados, incluido el cumplimiento de cualquier requisito legal, normativo, contable o de informaci\u00f3n. Por lo general, conservamos los datos durante tres a\u00f1os, a menos que tengamos motivos leg\u00edtimos para retenerlos durante un per\u00edodo de tiempo m\u00e1s largo. En algunas circunstancias podemos anonimizar sus datos personales para que ya no puedan asociarse con usted, en cuyo caso dejan de ser datos personales. Una vez transcurrido el periodo de conservaci\u00f3n aplicable, destruiremos de forma segura sus datos personales de conformidad con las leyes y normativas aplicables.<\/p>\n\n\n\n<p class=\"has-medium-font-size\"><strong>Usuarios internacionales<\/strong><\/p>\n\n\n\n<p class=\"has-medium-font-size\">La informaci\u00f3n que nos env\u00ede o que obtengamos como resultado de su uso de nuestro sitio web puede ser recopilada en su pa\u00eds y posteriormente transferida a Estados Unidos. La legislaci\u00f3n de Estados Unidos puede ofrecer diferentes niveles de protecci\u00f3n de la informaci\u00f3n a los disponibles en su pa\u00eds. Al utilizar este sitio web, usted acepta la recolecci\u00f3n, transferencia internacional, almacenamiento y tratamiento de su informaci\u00f3n.<\/p>\n\n\n\n<p class=\"has-medium-font-size\"><strong>Cambios en la pol\u00edtica<\/strong><\/p>\n\n\n\n<p class=\"has-medium-font-size\">Esta pol\u00edtica puede cambiar con el tiempo. Su uso continuo del sitio despu\u00e9s de que se publiquen estos cambios constituye su aceptaci\u00f3n de los cambios con respecto a la informaci\u00f3n recopilada.<\/p>","protected":false},"excerpt":{"rendered":"<p>Declaraci\u00f3n general de privacidad API se compromete a respetar su privacidad.\u00a0 Esta pol\u00edtica de privacidad describe la informaci\u00f3n que recopilamos sobre usted y c\u00f3mo la utilizamos, compartimos y protegemos.\u00a0\u00a0 Recolecci\u00f3n autom\u00e1tica de informaci\u00f3n\u00a0\u00a0 Nuestros servidores de red capturan autom\u00e1ticamente cierta informaci\u00f3n, como su direcci\u00f3n IP o el identificador de su dispositivo m\u00f3vil, el nombre de [&hellip;]<\/p>\n","protected":false},"author":8,"featured_media":1592,"parent":0,"menu_order":0,"comment_status":"closed","ping_status":"closed","template":"","meta":{"_acf_changed":false,"_editorskit_title_hidden":false,"_editorskit_reading_time":0,"_editorskit_is_block_options_detached":false,"_editorskit_block_options_position":"{}","inline_featured_image":false,"footnotes":""},"class_list":["post-1829","page","type-page","status-publish","has-post-thumbnail","hentry"],"acf":[],"yoast_head":"<!-- This site is optimized with the Yoast SEO plugin v27.2 - https:\/\/yoast.com\/product\/yoast-seo-wordpress\/ -->\n<title>Pol\u00edtica de Privacidad - Energy Citizens<\/title>\n<meta name=\"robots\" content=\"index, follow, max-snippet:-1, max-image-preview:large, max-video-preview:-1\" \/>\n<link rel=\"canonical\" href=\"https:\/\/energycitizens.org\/es\/politica-de-privacidad\/\" \/>\n<meta property=\"og:locale\" content=\"es_MX\" \/>\n<meta property=\"og:type\" content=\"article\" \/>\n<meta property=\"og:title\" content=\"Pol\u00edtica de Privacidad - Energy Citizens\" \/>\n<meta property=\"og:description\" content=\"Declaraci\u00f3n general de privacidad API se compromete a respetar su privacidad.\u00a0 Esta pol\u00edtica de privacidad describe la informaci\u00f3n que recopilamos sobre usted y c\u00f3mo la utilizamos, compartimos y protegemos.\u00a0\u00a0 Recolecci\u00f3n autom\u00e1tica de informaci\u00f3n\u00a0\u00a0 Nuestros servidores de red capturan autom\u00e1ticamente cierta informaci\u00f3n, como su direcci\u00f3n IP o el identificador de su dispositivo m\u00f3vil, el nombre de [&hellip;]\" \/>\n<meta property=\"og:url\" content=\"https:\/\/energycitizens.org\/es\/politica-de-privacidad\/\" \/>\n<meta property=\"og:site_name\" content=\"Energy Citizens\" \/>\n<meta property=\"og:image\" content=\"https:\/\/energycitizens.org\/wp-content\/uploads\/2023\/05\/green-squiggle-bkgd.png\" \/>\n\t<meta property=\"og:image:width\" content=\"1728\" \/>\n\t<meta property=\"og:image:height\" content=\"942\" \/>\n\t<meta property=\"og:image:type\" content=\"image\/png\" \/>\n<meta name=\"twitter:card\" content=\"summary_large_image\" \/>\n<meta name=\"twitter:label1\" content=\"Tiempo de lectura\" \/>\n\t<meta name=\"twitter:data1\" content=\"5 minutos\" \/>\n<script type=\"application\/ld+json\" class=\"yoast-schema-graph\">{\"@context\":\"https:\/\/schema.org\",\"@graph\":[{\"@type\":\"WebPage\",\"@id\":\"https:\/\/energycitizens.org\/politica-de-privacidad\/\",\"url\":\"https:\/\/energycitizens.org\/politica-de-privacidad\/\",\"name\":\"Pol\u00edtica de Privacidad - Energy Citizens\",\"isPartOf\":{\"@id\":\"https:\/\/energycitizens.org\/#website\"},\"primaryImageOfPage\":{\"@id\":\"https:\/\/energycitizens.org\/politica-de-privacidad\/#primaryimage\"},\"image\":{\"@id\":\"https:\/\/energycitizens.org\/politica-de-privacidad\/#primaryimage\"},\"thumbnailUrl\":\"https:\/\/energycitizens.org\/wp-content\/uploads\/2023\/05\/green-squiggle-bkgd.png\",\"datePublished\":\"2023-08-15T15:23:08+00:00\",\"breadcrumb\":{\"@id\":\"https:\/\/energycitizens.org\/politica-de-privacidad\/#breadcrumb\"},\"inLanguage\":\"es\",\"potentialAction\":[{\"@type\":\"ReadAction\",\"target\":[\"https:\/\/energycitizens.org\/politica-de-privacidad\/\"]}]},{\"@type\":\"ImageObject\",\"inLanguage\":\"es\",\"@id\":\"https:\/\/energycitizens.org\/politica-de-privacidad\/#primaryimage\",\"url\":\"https:\/\/energycitizens.org\/wp-content\/uploads\/2023\/05\/green-squiggle-bkgd.png\",\"contentUrl\":\"https:\/\/energycitizens.org\/wp-content\/uploads\/2023\/05\/green-squiggle-bkgd.png\",\"width\":1728,\"height\":942},{\"@type\":\"BreadcrumbList\",\"@id\":\"https:\/\/energycitizens.org\/politica-de-privacidad\/#breadcrumb\",\"itemListElement\":[{\"@type\":\"ListItem\",\"position\":1,\"name\":\"Home\",\"item\":\"https:\/\/energycitizens.org\/\"},{\"@type\":\"ListItem\",\"position\":2,\"name\":\"Pol\u00edtica de Privacidad\"}]},{\"@type\":\"WebSite\",\"@id\":\"https:\/\/energycitizens.org\/#website\",\"url\":\"https:\/\/energycitizens.org\/\",\"name\":\"Energy Citizens\",\"description\":\"\",\"potentialAction\":[{\"@type\":\"SearchAction\",\"target\":{\"@type\":\"EntryPoint\",\"urlTemplate\":\"https:\/\/energycitizens.org\/?s={search_term_string}\"},\"query-input\":{\"@type\":\"PropertyValueSpecification\",\"valueRequired\":true,\"valueName\":\"search_term_string\"}}],\"inLanguage\":\"es\"}]}<\/script>\n<!-- \/ Yoast SEO plugin. -->","yoast_head_json":{"title":"Pol\u00edtica de Privacidad - Energy Citizens","robots":{"index":"index","follow":"follow","max-snippet":"max-snippet:-1","max-image-preview":"max-image-preview:large","max-video-preview":"max-video-preview:-1"},"canonical":"https:\/\/energycitizens.org\/es\/politica-de-privacidad\/","og_locale":"es_MX","og_type":"article","og_title":"Pol\u00edtica de Privacidad - Energy Citizens","og_description":"Declaraci\u00f3n general de privacidad API se compromete a respetar su privacidad.\u00a0 Esta pol\u00edtica de privacidad describe la informaci\u00f3n que recopilamos sobre usted y c\u00f3mo la utilizamos, compartimos y protegemos.\u00a0\u00a0 Recolecci\u00f3n autom\u00e1tica de informaci\u00f3n\u00a0\u00a0 Nuestros servidores de red capturan autom\u00e1ticamente cierta informaci\u00f3n, como su direcci\u00f3n IP o el identificador de su dispositivo m\u00f3vil, el nombre de [&hellip;]","og_url":"https:\/\/energycitizens.org\/es\/politica-de-privacidad\/","og_site_name":"Energy Citizens","og_image":[{"width":1728,"height":942,"url":"https:\/\/energycitizens.org\/wp-content\/uploads\/2023\/05\/green-squiggle-bkgd.png","type":"image\/png"}],"twitter_card":"summary_large_image","twitter_misc":{"Tiempo de lectura":"5 minutos"},"schema":{"@context":"https:\/\/schema.org","@graph":[{"@type":"WebPage","@id":"https:\/\/energycitizens.org\/politica-de-privacidad\/","url":"https:\/\/energycitizens.org\/politica-de-privacidad\/","name":"Pol\u00edtica de Privacidad - Energy Citizens","isPartOf":{"@id":"https:\/\/energycitizens.org\/#website"},"primaryImageOfPage":{"@id":"https:\/\/energycitizens.org\/politica-de-privacidad\/#primaryimage"},"image":{"@id":"https:\/\/energycitizens.org\/politica-de-privacidad\/#primaryimage"},"thumbnailUrl":"https:\/\/energycitizens.org\/wp-content\/uploads\/2023\/05\/green-squiggle-bkgd.png","datePublished":"2023-08-15T15:23:08+00:00","breadcrumb":{"@id":"https:\/\/energycitizens.org\/politica-de-privacidad\/#breadcrumb"},"inLanguage":"es","potentialAction":[{"@type":"ReadAction","target":["https:\/\/energycitizens.org\/politica-de-privacidad\/"]}]},{"@type":"ImageObject","inLanguage":"es","@id":"https:\/\/energycitizens.org\/politica-de-privacidad\/#primaryimage","url":"https:\/\/energycitizens.org\/wp-content\/uploads\/2023\/05\/green-squiggle-bkgd.png","contentUrl":"https:\/\/energycitizens.org\/wp-content\/uploads\/2023\/05\/green-squiggle-bkgd.png","width":1728,"height":942},{"@type":"BreadcrumbList","@id":"https:\/\/energycitizens.org\/politica-de-privacidad\/#breadcrumb","itemListElement":[{"@type":"ListItem","position":1,"name":"Home","item":"https:\/\/energycitizens.org\/"},{"@type":"ListItem","position":2,"name":"Pol\u00edtica de Privacidad"}]},{"@type":"WebSite","@id":"https:\/\/energycitizens.org\/#website","url":"https:\/\/energycitizens.org\/","name":"L\u00edderes de la Energ\u00eda","description":"","potentialAction":[{"@type":"SearchAction","target":{"@type":"EntryPoint","urlTemplate":"https:\/\/energycitizens.org\/?s={search_term_string}"},"query-input":{"@type":"PropertyValueSpecification","valueRequired":true,"valueName":"search_term_string"}}],"inLanguage":"es"}]}},"toolset-meta":{"page-options":{"page-header-description":{"type":"wysiwyg","raw":""},"page-content-background-image":{"type":"image","raw":"","attachment_id":null},"state-logo":{"type":"image","raw":"","attachment_id":null}}},"_links":{"self":[{"href":"https:\/\/energycitizens.org\/es\/wp-json\/wp\/v2\/pages\/1829","targetHints":{"allow":["GET"]}}],"collection":[{"href":"https:\/\/energycitizens.org\/es\/wp-json\/wp\/v2\/pages"}],"about":[{"href":"https:\/\/energycitizens.org\/es\/wp-json\/wp\/v2\/types\/page"}],"author":[{"embeddable":true,"href":"https:\/\/energycitizens.org\/es\/wp-json\/wp\/v2\/users\/8"}],"replies":[{"embeddable":true,"href":"https:\/\/energycitizens.org\/es\/wp-json\/wp\/v2\/comments?post=1829"}],"version-history":[{"count":0,"href":"https:\/\/energycitizens.org\/es\/wp-json\/wp\/v2\/pages\/1829\/revisions"}],"wp:featuredmedia":[{"embeddable":true,"href":"https:\/\/energycitizens.org\/es\/wp-json\/wp\/v2\/media\/1592"}],"wp:attachment":[{"href":"https:\/\/energycitizens.org\/es\/wp-json\/wp\/v2\/media?parent=1829"}],"curies":[{"name":"gracias","href":"https:\/\/api.w.org\/{rel}","templated":true}]}}