{"id":2387,"date":"2024-03-20T20:02:24","date_gmt":"2024-03-20T20:02:24","guid":{"rendered":"https:\/\/energycitizens.org\/?page_id=2387"},"modified":"2024-03-20T20:02:26","modified_gmt":"2024-03-20T20:02:26","slug":"opt-out-of-targeted-advertising","status":"publish","type":"page","link":"https:\/\/energycitizens.org\/es\/opt-out-of-targeted-advertising\/","title":{"rendered":"Optar por no recibir publicidad dirigida"},"content":{"rendered":"<style>.wForm form{text-align: left;}<\/style><!-- FORM: HEAD SECTION -->\n    <meta http-equiv=\"Content-Type\" content=\"text\/html; charset=utf-8\" \/>\n    <meta name=\"referrer\" content=\"no-referrer-when-downgrade\">\n    <!-- THIS SCRIPT NEEDS TO BE LOADED FIRST BEFORE wforms.js -->\n    <script type=\"text\/javascript\" data-for=\"FA__DOMContentLoadedEventDispatch\" src=\"https:\/\/www.tfaforms.com\/js\/FA__DOMContentLoadedEventDispatcher.js\" defer><\/script>\n        <script type=\"text\/javascript\">\n        document.addEventListener(\"FA__DOMContentLoaded\", function(){\n            const FORM_TIME_START = Math.floor((new Date).getTime()\/1000);\n            let formElement = document.getElementById(\"tfa_0\");\n            if (null === formElement) {\n                formElement = document.getElementById(\"0\");\n            }\n            let appendJsTimerElement = function(){\n                let formTimeDiff = Math.floor((new Date).getTime()\/1000) - FORM_TIME_START;\n                let cumulatedTimeElement = document.getElementById(\"tfa_dbCumulatedTime\");\n                if (null !== cumulatedTimeElement) {\n                    let cumulatedTime = parseInt(cumulatedTimeElement.value);\n                    if (null !== cumulatedTime && cumulatedTime > 0) {\n                        formTimeDiff += cumulatedTime;\n                    }\n                }\n                let jsTimeInput = document.createElement(\"input\");\n                jsTimeInput.setAttribute(\"type\", \"hidden\");\n                jsTimeInput.setAttribute(\"value\", formTimeDiff.toString());\n                jsTimeInput.setAttribute(\"name\", \"tfa_dbElapsedJsTime\");\n                jsTimeInput.setAttribute(\"id\", \"tfa_dbElapsedJsTime\");\n                jsTimeInput.setAttribute(\"autocomplete\", \"off\");\n                if (null !== formElement) {\n                    formElement.appendChild(jsTimeInput);\n                }\n            };\n            if (null !== formElement) {\n                if(formElement.addEventListener){\n                    formElement.addEventListener('submit', appendJsTimerElement, false);\n                } else if(formElement.attachEvent){\n                    formElement.attachEvent('onsubmit', appendJsTimerElement);\n                }\n            }\n        });\n    <\/script>\n\n    <link href=\"https:\/\/www.tfaforms.com\/dist\/form-builder\/5.0.0\/wforms-layout.css?v=1776595248\" rel=\"stylesheet\" type=\"text\/css\" \/>\n\n    <link href=\"https:\/\/www.tfaforms.com\/uploads\/themes\/theme-68007.css\" rel=\"stylesheet\" type=\"text\/css\" \/>\n    <link href=\"https:\/\/www.tfaforms.com\/dist\/form-builder\/5.0.0\/wforms-jsonly.css?v=1776595248\" rel=\"alternate stylesheet\" title=\"This stylesheet activated by javascript\" type=\"text\/css\" \/>\n    <script type=\"text\/javascript\" src=\"https:\/\/www.tfaforms.com\/wForms\/3.11\/js\/wforms.js?v=1776595248\"><\/script>\n    <script type=\"text\/javascript\">\n        if(wFORMS.behaviors.prefill) wFORMS.behaviors.prefill.skip = true;\n    <\/script>\n    <script type=\"text\/javascript\" src=\"https:\/\/www.tfaforms.com\/wForms\/3.11\/js\/localization-en_US.js?v=1776595248\"><\/script>\n\n<!-- FORM: BODY SECTION -->\n<div class=\"wFormContainer\" >\n    <div class=\"wFormHeader\"><\/div>\n    <style type=\"text\/css\"><\/style><div class=\"\"><div class=\"wForm\" id=\"5097689-WRPR\" data-language=\"en_US\" dir=\"ltr\">\n<div class=\"codesection\" id=\"code-5097689\"><\/div>\n<form method=\"post\" action=\"https:\/\/www.tfaforms.com\/api_v2\/rest\/workflow\/processor\" class=\"hintsBelow labelsAbove\" id=\"5097689\">\n<div class=\"htmlSection\" id=\"tfa_1\"><div class=\"htmlContent\" id=\"tfa_1-HTML\"><span style=\"font-family: Montserrat; font-size: 14.6667px;\">Seg\u00fan varias leyes de privacidad estatales de EE. UU., es posible que tenga derecho a&nbsp;<\/span><span style=\"border: 0px; font-variant-numeric: inherit; font-variant-east-asian: inherit; font-variant-alternates: inherit; font-variant-position: inherit; font-stretch: inherit; font-size: 14.6667px; line-height: inherit; font-family: Montserrat; font-optical-sizing: inherit; font-kerning: inherit; font-feature-settings: inherit; font-variation-settings: inherit; margin: 0px; padding: 0px; vertical-align: baseline;\" data-ogsb=\"\" data-ogsc=\"\" data-ogab=\"\" data-ogac=\"\" class=\"markeuyahmuzs\" data-markjs=\"true\">optar<\/span><span style=\"font-family: Montserrat; font-size: 14.6667px;\">&nbsp;<\/span><span style=\"border: 0px; font-variant-numeric: inherit; font-variant-east-asian: inherit; font-variant-alternates: inherit; font-variant-position: inherit; font-stretch: inherit; font-size: 14.6667px; line-height: inherit; font-family: Montserrat; font-optical-sizing: inherit; font-kerning: inherit; font-feature-settings: inherit; font-variation-settings: inherit; margin: 0px; padding: 0px; vertical-align: baseline;\" data-ogsb=\"\" data-ogsc=\"\" data-ogab=\"\" data-ogac=\"\" class=\"markhece2u4a5\" data-markjs=\"true\">afuera<\/span><span style=\"font-family: Montserrat; font-size: 14.6667px;\">&nbsp;del procesamiento de su informaci\u00f3n para publicidad dirigida. Si a ti te gustar\u00eda&nbsp;<\/span><span style=\"border: 0px; font-variant-numeric: inherit; font-variant-east-asian: inherit; font-variant-alternates: inherit; font-variant-position: inherit; font-stretch: inherit; font-size: 14.6667px; line-height: inherit; font-family: Montserrat; font-optical-sizing: inherit; font-kerning: inherit; font-feature-settings: inherit; font-variation-settings: inherit; margin: 0px; padding: 0px; vertical-align: baseline;\" data-ogsb=\"\" data-ogsc=\"\" data-ogab=\"\" data-ogac=\"\" class=\"markeuyahmuzs\" data-markjs=\"true\">optar<\/span><span style=\"font-family: Montserrat; font-size: 14.6667px;\">&nbsp;<\/span><span style=\"border: 0px; font-variant-numeric: inherit; font-variant-east-asian: inherit; font-variant-alternates: inherit; font-variant-position: inherit; font-stretch: inherit; font-size: 14.6667px; line-height: inherit; font-family: Montserrat; font-optical-sizing: inherit; font-kerning: inherit; font-feature-settings: inherit; font-variation-settings: inherit; margin: 0px; padding: 0px; vertical-align: baseline;\" data-ogsb=\"\" data-ogsc=\"\" data-ogab=\"\" data-ogac=\"\" class=\"markhece2u4a5\" data-markjs=\"true\">afuera<\/span><span style=\"font-family: Montserrat; font-size: 14.6667px;\">&nbsp;de publicidad dirigida del Instituto Americano del Petr\u00f3leo, proporci\u00f3nenos la siguiente informaci\u00f3n para que podamos tomar medidas seg\u00fan su solicitud:<\/span><\/div><\/div>\n<div class=\"oneField field-container-D\" id=\"tfa_2-D\">\n<label id=\"tfa_2-L\" class=\"label preField reqMark\" for=\"tfa_2\">Nombre<\/label><br><div class=\"inputWrapper\"><input aria-required=\"true\" type=\"text\" id=\"tfa_2\" name=\"tfa_2\" value=\"\" title=\"Nombre\" class=\"required\"><\/div>\n<\/div>\n<div class=\"oneField field-container-D\" id=\"tfa_3-D\">\n<label id=\"tfa_3-L\" class=\"label preField reqMark\" for=\"tfa_3\">Apellido<\/label><br><div class=\"inputWrapper\"><input aria-required=\"true\" type=\"text\" id=\"tfa_3\" name=\"tfa_3\" value=\"\" title=\"Apellido\" class=\"required\"><\/div>\n<\/div>\n<div class=\"oneField field-container-D\" id=\"tfa_4-D\">\n<label id=\"tfa_4-L\" class=\"label preField reqMark\" for=\"tfa_4\">C\u00f3digo postal<\/label><br><div class=\"inputWrapper\"><input aria-required=\"true\" type=\"text\" id=\"tfa_4\" name=\"tfa_4\" value=\"\" title=\"C\u00f3digo postal\" class=\"required\"><\/div>\n<\/div>\n<div class=\"oneField field-container-D\" id=\"tfa_5-D\">\n<label id=\"tfa_5-L\" class=\"label preField reqMark\" for=\"tfa_5\">Correo electr\u00f3nico<\/label><br><div class=\"inputWrapper\"><input aria-required=\"true\" type=\"text\" id=\"tfa_5\" name=\"tfa_5\" value=\"\" title=\"Correo electr\u00f3nico\" class=\"validate-email required\"><\/div>\n<\/div>\n<div class=\"oneField field-container-D\" id=\"tfa_8-D\">\n<label id=\"tfa_8-L\" class=\"label preField\" for=\"tfa_8\">Tel\u00e9fono<\/label><br><div class=\"inputWrapper\"><input type=\"text\" id=\"tfa_8\" name=\"tfa_8\" value=\"\" title=\"Tel\u00e9fono\" class=\"\"><\/div>\n<\/div>\n<div class=\"htmlSection\" id=\"tfa_6\"><div class=\"htmlContent\" id=\"tfa_6-HTML\"><p style=\"color: rgb(36, 36, 36); font-size: 12pt; font-family: Aptos, sans-serif;\"><span style=\"border: 0px; font-style: inherit; font-variant: inherit; font-weight: inherit; font-stretch: inherit; font-size: 11pt; line-height: inherit; font-family: Montserrat; font-optical-sizing: inherit; font-kerning: inherit; font-feature-settings: inherit; font-variation-settings: inherit; margin: 0px; padding: 0px; vertical-align: baseline;\">Al enviar este formulario, usted acepta que el Instituto Americano del Petr\u00f3leo pueda comunicarse con usted para verificar o confirmar informaci\u00f3n sobre esta solicitud.<\/span><\/p><p style=\"color: rgb(36, 36, 36); font-size: 12pt; font-family: Aptos, sans-serif;\"><span style=\"border: 0px; font-style: inherit; font-variant: inherit; font-weight: inherit; font-stretch: inherit; font-size: 11pt; line-height: inherit; font-family: Montserrat; font-optical-sizing: inherit; font-kerning: inherit; font-feature-settings: inherit; font-variation-settings: inherit; margin: 0px; padding: 0px; vertical-align: baseline;\">&nbsp;<\/span><\/p><p style=\"color: rgb(36, 36, 36); font-size: 12pt; font-family: Aptos, sans-serif;\"><span style=\"border: 0px; font-style: inherit; font-variant: inherit; font-weight: inherit; font-stretch: inherit; font-size: 11pt; line-height: inherit; font-family: Montserrat; font-optical-sizing: inherit; font-kerning: inherit; font-feature-settings: inherit; font-variation-settings: inherit; margin: 0px; padding: 0px; vertical-align: baseline;\">Tenga en cuenta que&nbsp;<span style=\"border: 0px; font: inherit; margin: 0px; padding: 0px; vertical-align: baseline; color: inherit;\" data-ogsb=\"\" data-ogsc=\"\" data-ogab=\"\" data-ogac=\"\" class=\"markeuyahmuzs\" data-markjs=\"true\">optar<\/span>En g&nbsp;<span style=\"border: 0px; font: inherit; margin: 0px; padding: 0px; vertical-align: baseline; color: inherit;\" data-ogsb=\"\" data-ogsc=\"\" data-ogab=\"\" data-ogac=\"\" class=\"markhece2u4a5\" data-markjs=\"true\">afuera<\/span>&nbsp;de publicidad dirigida se aplica a la publicidad que ve en Internet y en aplicaciones m\u00f3viles. Seguir\u00e1 recibiendo correos electr\u00f3nicos de marketing o mensajes de texto para los cuales se haya suscrito y haya dado su consentimiento.&nbsp;<\/span><span style=\"font-family: Montserrat; font-size: 11pt; font-style: inherit; font-variant-ligatures: inherit; font-variant-caps: inherit; font-weight: inherit;\">recibir. Si ya no desea recibir ninguno de esos correos electr\u00f3nicos o mensajes de texto, simplemente siga el<\/span><span style=\"font-family: Montserrat; font-size: 11pt; font-style: inherit; font-variant-ligatures: inherit; font-variant-caps: inherit; font-weight: inherit;\">&nbsp;<\/span><span style=\"color: inherit; font: inherit; border: 0px; margin: 0px; padding: 0px; vertical-align: baseline;\" data-ogsb=\"\" data-ogsc=\"\" data-ogab=\"\" data-ogac=\"\" class=\"markeuyahmuzs\" data-markjs=\"true\">optar<\/span><span style=\"font-family: Montserrat; font-size: 11pt; font-style: inherit; font-variant-ligatures: inherit; font-variant-caps: inherit; font-weight: inherit;\">-<\/span><span style=\"color: inherit; font: inherit; border: 0px; margin: 0px; padding: 0px; vertical-align: baseline;\" data-ogsb=\"\" data-ogsc=\"\" data-ogab=\"\" data-ogac=\"\" class=\"markhece2u4a5\" data-markjs=\"true\">afuera<\/span><span style=\"font-family: Montserrat; font-size: 11pt; font-style: inherit; font-variant-ligatures: inherit; font-variant-caps: inherit; font-weight: inherit;\">&nbsp;<\/span><span style=\"font-family: Montserrat; font-size: 11pt; font-style: inherit; font-variant-ligatures: inherit; font-variant-caps: inherit; font-weight: inherit;\">instrucciones en cada mensaje.<\/span><\/p><\/div><\/div>\n<div class=\"actions\" id=\"5097689-A\" data-contentid=\"submit_button\"><input type=\"submit\" data-label=\"Submit\" class=\"primaryAction\" id=\"submit_button\" value=\"Entregar\"><\/div>\n<div style=\"clear:both\"><\/div>\n<input type=\"hidden\" value=\"40-8bbe24b1ffbbd9a9a328a64ad00da6d9\" name=\"tfa_dbCounters\" id=\"tfa_dbCounters\" autocomplete=\"off\"><input type=\"hidden\" value=\"5097689\" name=\"tfa_dbFormId\" id=\"tfa_dbFormId\"><input type=\"hidden\" value=\"\" name=\"tfa_dbResponseId\" id=\"tfa_dbResponseId\"><input type=\"hidden\" value=\"95a52cf6ff96e21ef31ade1154ab763a\" name=\"tfa_dbControl\" id=\"tfa_dbControl\"><input type=\"hidden\" value=\"\" name=\"tfa_dbWorkflowSessionUuid\" id=\"tfa_dbWorkflowSessionUuid\"><input type=\"hidden\" value=\"1776595248\" name=\"tfa_dbTimeStarted\" id=\"tfa_dbTimeStarted\" autocomplete=\"off\"><input type=\"hidden\" value=\"8\" name=\"tfa_dbVersionId\" id=\"tfa_dbVersionId\"><input type=\"hidden\" value=\"\" name=\"tfa_switchedoff\" id=\"tfa_switchedoff\">\n<\/form>\n<\/div><\/div><div class=\"wFormFooter\"><p class=\"supportInfo\"><br><\/p><\/div>\n  <p class=\"supportInfo\" >\n      <\/p>\n <\/div>","protected":false},"excerpt":{"rendered":"","protected":false},"author":11,"featured_media":0,"parent":0,"menu_order":0,"comment_status":"closed","ping_status":"closed","template":"page-blank.php","meta":{"_acf_changed":false,"_editorskit_title_hidden":false,"_editorskit_reading_time":0,"_editorskit_is_block_options_detached":false,"_editorskit_block_options_position":"{}","inline_featured_image":false,"footnotes":""},"class_list":["post-2387","page","type-page","status-publish","hentry"],"acf":[],"yoast_head":"<!-- This site is optimized with the Yoast SEO plugin v27.2 - https:\/\/yoast.com\/product\/yoast-seo-wordpress\/ -->\n<title>Opt Out of Targeted Advertising - Energy Citizens<\/title>\n<meta name=\"robots\" content=\"index, follow, max-snippet:-1, max-image-preview:large, max-video-preview:-1\" \/>\n<link rel=\"canonical\" href=\"https:\/\/energycitizens.org\/es\/opt-out-of-targeted-advertising\/\" \/>\n<meta property=\"og:locale\" content=\"es_MX\" \/>\n<meta property=\"og:type\" content=\"article\" \/>\n<meta property=\"og:title\" content=\"Opt Out of Targeted Advertising - Energy Citizens\" \/>\n<meta property=\"og:url\" content=\"https:\/\/energycitizens.org\/es\/opt-out-of-targeted-advertising\/\" \/>\n<meta property=\"og:site_name\" content=\"Energy Citizens\" \/>\n<meta property=\"article:modified_time\" content=\"2024-03-20T20:02:26+00:00\" \/>\n<meta property=\"og:image\" content=\"https:\/\/energycitizens.org\/wp-content\/uploads\/2020\/10\/api.energy-citizens.share2_.png\" \/>\n\t<meta property=\"og:image:width\" content=\"1200\" \/>\n\t<meta property=\"og:image:height\" content=\"630\" \/>\n\t<meta property=\"og:image:type\" content=\"image\/png\" \/>\n<meta name=\"twitter:card\" content=\"summary_large_image\" \/>\n<meta name=\"twitter:label1\" content=\"Tiempo de lectura\" \/>\n\t<meta name=\"twitter:data1\" content=\"1 minuto\" \/>\n<script type=\"application\/ld+json\" class=\"yoast-schema-graph\">{\"@context\":\"https:\/\/schema.org\",\"@graph\":[{\"@type\":\"WebPage\",\"@id\":\"https:\/\/energycitizens.org\/opt-out-of-targeted-advertising\/\",\"url\":\"https:\/\/energycitizens.org\/opt-out-of-targeted-advertising\/\",\"name\":\"Opt Out of Targeted Advertising - Energy Citizens\",\"isPartOf\":{\"@id\":\"https:\/\/energycitizens.org\/#website\"},\"datePublished\":\"2024-03-20T20:02:24+00:00\",\"dateModified\":\"2024-03-20T20:02:26+00:00\",\"breadcrumb\":{\"@id\":\"https:\/\/energycitizens.org\/opt-out-of-targeted-advertising\/#breadcrumb\"},\"inLanguage\":\"es\",\"potentialAction\":[{\"@type\":\"ReadAction\",\"target\":[\"https:\/\/energycitizens.org\/opt-out-of-targeted-advertising\/\"]}]},{\"@type\":\"BreadcrumbList\",\"@id\":\"https:\/\/energycitizens.org\/opt-out-of-targeted-advertising\/#breadcrumb\",\"itemListElement\":[{\"@type\":\"ListItem\",\"position\":1,\"name\":\"Home\",\"item\":\"https:\/\/energycitizens.org\/\"},{\"@type\":\"ListItem\",\"position\":2,\"name\":\"Opt Out of Targeted Advertising\"}]},{\"@type\":\"WebSite\",\"@id\":\"https:\/\/energycitizens.org\/#website\",\"url\":\"https:\/\/energycitizens.org\/\",\"name\":\"Energy Citizens\",\"description\":\"\",\"potentialAction\":[{\"@type\":\"SearchAction\",\"target\":{\"@type\":\"EntryPoint\",\"urlTemplate\":\"https:\/\/energycitizens.org\/?s={search_term_string}\"},\"query-input\":{\"@type\":\"PropertyValueSpecification\",\"valueRequired\":true,\"valueName\":\"search_term_string\"}}],\"inLanguage\":\"es\"}]}<\/script>\n<!-- \/ Yoast SEO plugin. -->","yoast_head_json":{"title":"C\u00f3mo optar por no recibir publicidad dirigida - Energy Citizens","robots":{"index":"index","follow":"follow","max-snippet":"max-snippet:-1","max-image-preview":"max-image-preview:large","max-video-preview":"max-video-preview:-1"},"canonical":"https:\/\/energycitizens.org\/es\/opt-out-of-targeted-advertising\/","og_locale":"es_MX","og_type":"article","og_title":"Opt Out of Targeted Advertising - Energy Citizens","og_url":"https:\/\/energycitizens.org\/es\/opt-out-of-targeted-advertising\/","og_site_name":"Energy Citizens","article_modified_time":"2024-03-20T20:02:26+00:00","og_image":[{"width":1200,"height":630,"url":"https:\/\/energycitizens.org\/wp-content\/uploads\/2020\/10\/api.energy-citizens.share2_.png","type":"image\/png"}],"twitter_card":"summary_large_image","twitter_misc":{"Tiempo de lectura":"1 minuto"},"schema":{"@context":"https:\/\/schema.org","@graph":[{"@type":"WebPage","@id":"https:\/\/energycitizens.org\/opt-out-of-targeted-advertising\/","url":"https:\/\/energycitizens.org\/opt-out-of-targeted-advertising\/","name":"C\u00f3mo optar por no recibir publicidad dirigida - Energy Citizens","isPartOf":{"@id":"https:\/\/energycitizens.org\/#website"},"datePublished":"2024-03-20T20:02:24+00:00","dateModified":"2024-03-20T20:02:26+00:00","breadcrumb":{"@id":"https:\/\/energycitizens.org\/opt-out-of-targeted-advertising\/#breadcrumb"},"inLanguage":"es","potentialAction":[{"@type":"ReadAction","target":["https:\/\/energycitizens.org\/opt-out-of-targeted-advertising\/"]}]},{"@type":"BreadcrumbList","@id":"https:\/\/energycitizens.org\/opt-out-of-targeted-advertising\/#breadcrumb","itemListElement":[{"@type":"ListItem","position":1,"name":"Home","item":"https:\/\/energycitizens.org\/"},{"@type":"ListItem","position":2,"name":"Opt Out of Targeted Advertising"}]},{"@type":"WebSite","@id":"https:\/\/energycitizens.org\/#website","url":"https:\/\/energycitizens.org\/","name":"L\u00edderes de la Energ\u00eda","description":"","potentialAction":[{"@type":"SearchAction","target":{"@type":"EntryPoint","urlTemplate":"https:\/\/energycitizens.org\/?s={search_term_string}"},"query-input":{"@type":"PropertyValueSpecification","valueRequired":true,"valueName":"search_term_string"}}],"inLanguage":"es"}]}},"toolset-meta":{"page-options":{"page-header-description":{"type":"wysiwyg","raw":""},"page-content-background-image":{"type":"image","raw":"","attachment_id":null},"state-logo":{"type":"image","raw":"","attachment_id":null}}},"_links":{"self":[{"href":"https:\/\/energycitizens.org\/es\/wp-json\/wp\/v2\/pages\/2387","targetHints":{"allow":["GET"]}}],"collection":[{"href":"https:\/\/energycitizens.org\/es\/wp-json\/wp\/v2\/pages"}],"about":[{"href":"https:\/\/energycitizens.org\/es\/wp-json\/wp\/v2\/types\/page"}],"author":[{"embeddable":true,"href":"https:\/\/energycitizens.org\/es\/wp-json\/wp\/v2\/users\/11"}],"replies":[{"embeddable":true,"href":"https:\/\/energycitizens.org\/es\/wp-json\/wp\/v2\/comments?post=2387"}],"version-history":[{"count":0,"href":"https:\/\/energycitizens.org\/es\/wp-json\/wp\/v2\/pages\/2387\/revisions"}],"wp:attachment":[{"href":"https:\/\/energycitizens.org\/es\/wp-json\/wp\/v2\/media?parent=2387"}],"curies":[{"name":"gracias","href":"https:\/\/api.w.org\/{rel}","templated":true}]}}