{"id":3017,"date":"2026-01-15T20:37:03","date_gmt":"2026-01-15T20:37:03","guid":{"rendered":"https:\/\/energycitizens.org\/?page_id=3017"},"modified":"2026-01-23T03:46:57","modified_gmt":"2026-01-23T03:46:57","slug":"michigan","status":"publish","type":"page","link":"https:\/\/energycitizens.org\/es\/michigan\/","title":{"rendered":"Apoye la energ\u00eda asequible y confiable para Michigan"},"content":{"rendered":"<p>La industria del petr\u00f3leo y el gas natural de Michigan fortalece a nuestro estado. Genera cientos de miles de empleos bien remunerados, ayuda a mantener la energ\u00eda asequible para las familias e impulsa la econom\u00eda competitiva y en crecimiento de nuestro estado.<\/p>\n\n\n\n<h3 class=\"wp-block-heading\"><strong><strong>Defender <strong>De Michigan<\/strong> Futuro energ\u00e9tico<\/strong><\/strong>&nbsp;<\/h3>\n\n\n\n<p>Tu voz puede tener un impacto real.&nbsp;<br>Convi\u00e9rtase en un ciudadano energ\u00e9tico hoy y \u00fanase a miles de habitantes de Michigan que abogan por pol\u00edticas energ\u00e9ticas inteligentes.<\/p>\n\n\n\n<div class=\"wp-block-columns is-layout-flex wp-container-core-columns-is-layout-9d6595d7 wp-block-columns-is-layout-flex\">\n<div class=\"wp-block-column is-layout-flow wp-block-column-is-layout-flow\">\n<script>\n  var style = 1, script = document.createElement(\"script\");\n  script.src=\"https:\/\/speak4.app\/lp\/as01psnw\/\" + (style ? \"styled\" : \"plain\") + \"\/index.js?ts=\" + new Date().getTime();\n  document.currentScript.after(script);\n<\/script>\n\n\n\n<p style=\"font-size:12px;line-height:1.2\">Gracias por unirte a nuestra campa\u00f1a. Al proporcionar su n\u00famero de tel\u00e9fono y direcci\u00f3n de correo electr\u00f3nico, usted acepta recibir llamadas, mensajes de texto, correos electr\u00f3nicos y\/o mensajes pregrabados autom\u00e1ticos peri\u00f3dicos a ese n\u00famero de nuestra organizaci\u00f3n. Su consentimiento no es una condici\u00f3n para comprar. Se pueden aplicar tarifas de mensajes y datos. Env\u00ede AYUDA para obtener ayuda. Env\u00ede un mensaje de texto con STOP para optar por no participar. Hacer clic&nbsp;<a href=\"https:\/\/www.api.org\/privacy\" target=\"_blank\" rel=\"noreferrer noopener\">aqu\u00ed<\/a>&nbsp;para leer nuestra Pol\u00edtica de Privacidad.<\/p>\n<\/div>\n\n\n\n<div class=\"wp-block-column is-layout-flow wp-block-column-is-layout-flow\">\n<div id=\"youtube-video-69e08761effe6\" class=\"youtube-video-block\">\n    <div class=\"container\">\n        <div class=\"video-wrapper\">\n                            <div class=\"cover-photo-container\" onclick=\"playYouTubeVideo('youtube-video-69e08761effe6')\">\n                    <img decoding=\"async\" src=\"https:\/\/energycitizens.org\/wp-content\/uploads\/2026\/01\/video-03-2x.jpg\" alt=\"Video Cover\" class=\"cover-photo\" \/>\n                    <div class=\"play-button\">\n                        <svg xmlns=\"http:\/\/www.w3.org\/2000\/svg\" viewbox=\"0 0 24 24\" fill=\"currentColor\">\n                            <path d=\"M8 5v14l11-7z\"\/>\n                        <\/svg>\n                    <\/div>\n                <\/div>\n                        \n                            <div class=\"video-container\" style=\"display: none;\">\n                    <iframe \n                        id=\"youtube-video-69e08761effe6-iframe\"\n                        src=\"\" \n                        data-src=\"https:\/\/www.youtube.com\/embed\/yvdXG9eRTAc\" \n                        frameborder=\"0\" \n                        allow=\"accelerometer; autoplay; clipboard-write; encrypted-media; gyroscope; picture-in-picture; web-share\" \n                        allowfullscreen>\n                    <\/iframe>\n                <\/div>\n                    <\/div>\n    <\/div>\n<\/div>\n\n<script>\nfunction playYouTubeVideo(blockId) {\n    var block = document.getElementById(blockId);\n    var coverContainer = block.querySelector('.cover-photo-container');\n    var videoContainer = block.querySelector('.video-container');\n    var iframe = videoContainer.querySelector('iframe');\n    \n    \/\/ Hide cover photo\n    coverContainer.style.display = 'none';\n    \n    \/\/ Show video container and load iframe with autoplay\n    videoContainer.style.display = 'block';\n    \n    \/\/ Load the video with autoplay\n    var videoSrc = iframe.getAttribute('data-src');\n    iframe.src = videoSrc + '?autoplay=1&rel=0';\n}\n<\/script>\n<\/div>\n<\/div>\n\n\n\n<div style=\"height:40px\" aria-hidden=\"true\" class=\"wp-block-spacer\"><\/div>\n\n\n\n<div style=\"background-image:url(&apos;https:\/\/energycitizens.org\/wp-content\/uploads\/2026\/01\/bolt-2x-1-scaled.jpg&apos;);background-size:cover;\" class=\"wp-block-group is-layout-constrained wp-block-group-is-layout-constrained has-background\">\n<div style=\"height:100px\" aria-hidden=\"true\" class=\"wp-block-spacer\"><\/div>\n\n\n\n<h2 class=\"wp-block-heading has-text-align-center\">Impacto de la industria en Michigan<\/h2>\n\n\n\n<div class=\"industry-impact-stat-block\">\n    <div class=\"container\">\n        <div class=\"stats-wrapper\">\n            <!-- Stat 1 -->\n            <div class=\"stat-item\">\n                <div class=\"stat-text\">$34.5B<\/div>\n                <div class=\"stat-label\">contribuy\u00f3 al PIB<\/div>\n            <\/div>\n\n            <!-- Stat 2 (Center - Sphere Effect) -->\n            <div class=\"stat-item stat-item-center\">\n                <div class=\"sphere\">\n                    <div class=\"stat-text\">232 mil empleos<\/div>\n                    <div class=\"stat-label stat-label-2\">apoyado en todo el estado<\/div>\n                <\/div> \n            <\/div>\n\n            <!-- Stat 3 -->\n            <div class=\"stat-item\">\n                <div class=\"stat-text\">5.1%<\/div>\n                <div class=\"stat-label\">de la econom\u00eda total<\/div>\n            <\/div>\n        <\/div>\n    <\/div>\n<\/div>\n\n\n\n<p class=\"has-text-align-center\">El petr\u00f3leo y el gas natural son la base del \u00e9xito econ\u00f3mico de Michigan.<\/p>\n\n\n\n<div style=\"height:100px\" aria-hidden=\"true\" class=\"wp-block-spacer\"><\/div>\n<\/div>","protected":false},"excerpt":{"rendered":"<p>Michigan\u2019s oil and natural gas industry makes our state strong. It powers hundreds of thousands of good-paying jobs, helps keep energy affordable for families, and fuels our state\u2019s competitive, growing economy. Stand up for Michigan\u2019s Energy Future&nbsp; Your voice can make a real impact.&nbsp;Become an Energy Citizen today and join thousands of Michiganders advocating for [&hellip;]<\/p>\n","protected":false},"author":5,"featured_media":2991,"parent":0,"menu_order":0,"comment_status":"closed","ping_status":"closed","template":"page-state-landing.php","meta":{"_acf_changed":false,"_editorskit_title_hidden":false,"_editorskit_reading_time":0,"_editorskit_is_block_options_detached":false,"_editorskit_block_options_position":"{}","inline_featured_image":false,"footnotes":""},"class_list":["post-3017","page","type-page","status-publish","has-post-thumbnail","hentry"],"acf":[],"yoast_head":"<!-- This site is optimized with the Yoast SEO plugin v27.2 - https:\/\/yoast.com\/product\/yoast-seo-wordpress\/ -->\n<title>Stand up for Michigan&#039;s Energy Future<\/title>\n<meta name=\"description\" content=\"Support Reliable, Affordable Energy for Michigan\" \/>\n<meta name=\"robots\" content=\"index, follow, max-snippet:-1, max-image-preview:large, max-video-preview:-1\" \/>\n<link rel=\"canonical\" href=\"https:\/\/energycitizens.org\/es\/michigan\/\" \/>\n<meta property=\"og:locale\" content=\"es_MX\" \/>\n<meta property=\"og:type\" content=\"article\" \/>\n<meta property=\"og:title\" content=\"Stand up for Michigan\u2019s Energy Future\" \/>\n<meta property=\"og:description\" content=\"Support Reliable, Affordable Energy for Michigan\" \/>\n<meta property=\"og:url\" content=\"https:\/\/energycitizens.org\/es\/michigan\/\" \/>\n<meta property=\"og:site_name\" content=\"Energy Citizens\" \/>\n<meta property=\"article:modified_time\" content=\"2026-01-23T03:46:57+00:00\" \/>\n<meta property=\"og:image\" content=\"https:\/\/energycitizens.org\/wp-content\/uploads\/2020\/10\/api.energy-citizens.share2_.png\" \/>\n\t<meta property=\"og:image:width\" content=\"1200\" \/>\n\t<meta property=\"og:image:height\" content=\"630\" \/>\n\t<meta property=\"og:image:type\" content=\"image\/png\" \/>\n<meta name=\"twitter:card\" content=\"summary_large_image\" \/>\n<meta name=\"twitter:title\" content=\"Stand up for North Carolina\u2019s Energy Future\" \/>\n<meta name=\"twitter:description\" content=\"Support Reliable, Affordable Energy for North Carolina\" \/>\n<meta name=\"twitter:image\" content=\"https:\/\/energycitizens.org\/wp-content\/uploads\/2020\/10\/api.energy-citizens.share2_.png\" \/>\n<meta name=\"twitter:label1\" content=\"Tiempo de lectura\" \/>\n\t<meta name=\"twitter:data1\" content=\"1 minuto\" \/>\n<script type=\"application\/ld+json\" class=\"yoast-schema-graph\">{\"@context\":\"https:\/\/schema.org\",\"@graph\":[{\"@type\":\"WebPage\",\"@id\":\"https:\/\/energycitizens.org\/michigan\/\",\"url\":\"https:\/\/energycitizens.org\/michigan\/\",\"name\":\"Stand up for Michigan's Energy Future\",\"isPartOf\":{\"@id\":\"https:\/\/energycitizens.org\/#website\"},\"primaryImageOfPage\":{\"@id\":\"https:\/\/energycitizens.org\/michigan\/#primaryimage\"},\"image\":{\"@id\":\"https:\/\/energycitizens.org\/michigan\/#primaryimage\"},\"thumbnailUrl\":\"https:\/\/energycitizens.org\/wp-content\/uploads\/2026\/01\/hero-2x-1-scaled.jpg\",\"datePublished\":\"2026-01-15T20:37:03+00:00\",\"dateModified\":\"2026-01-23T03:46:57+00:00\",\"description\":\"Support Reliable, Affordable Energy for Michigan\",\"breadcrumb\":{\"@id\":\"https:\/\/energycitizens.org\/michigan\/#breadcrumb\"},\"inLanguage\":\"es\",\"potentialAction\":[{\"@type\":\"ReadAction\",\"target\":[\"https:\/\/energycitizens.org\/michigan\/\"]}]},{\"@type\":\"ImageObject\",\"inLanguage\":\"es\",\"@id\":\"https:\/\/energycitizens.org\/michigan\/#primaryimage\",\"url\":\"https:\/\/energycitizens.org\/wp-content\/uploads\/2026\/01\/hero-2x-1-scaled.jpg\",\"contentUrl\":\"https:\/\/energycitizens.org\/wp-content\/uploads\/2026\/01\/hero-2x-1-scaled.jpg\",\"width\":2560,\"height\":963},{\"@type\":\"BreadcrumbList\",\"@id\":\"https:\/\/energycitizens.org\/michigan\/#breadcrumb\",\"itemListElement\":[{\"@type\":\"ListItem\",\"position\":1,\"name\":\"Home\",\"item\":\"https:\/\/energycitizens.org\/\"},{\"@type\":\"ListItem\",\"position\":2,\"name\":\"Support Affordable, Reliable Energy for Michigan\"}]},{\"@type\":\"WebSite\",\"@id\":\"https:\/\/energycitizens.org\/#website\",\"url\":\"https:\/\/energycitizens.org\/\",\"name\":\"Energy Citizens\",\"description\":\"\",\"potentialAction\":[{\"@type\":\"SearchAction\",\"target\":{\"@type\":\"EntryPoint\",\"urlTemplate\":\"https:\/\/energycitizens.org\/?s={search_term_string}\"},\"query-input\":{\"@type\":\"PropertyValueSpecification\",\"valueRequired\":true,\"valueName\":\"search_term_string\"}}],\"inLanguage\":\"es\"}]}<\/script>\n<!-- \/ Yoast SEO plugin. -->","yoast_head_json":{"title":"Defiende el futuro energ\u00e9tico de Michigan.","description":"Apoye la energ\u00eda confiable y asequible para Michigan.","robots":{"index":"index","follow":"follow","max-snippet":"max-snippet:-1","max-image-preview":"max-image-preview:large","max-video-preview":"max-video-preview:-1"},"canonical":"https:\/\/energycitizens.org\/es\/michigan\/","og_locale":"es_MX","og_type":"article","og_title":"Stand up for Michigan\u2019s Energy Future","og_description":"Support Reliable, Affordable Energy for Michigan","og_url":"https:\/\/energycitizens.org\/es\/michigan\/","og_site_name":"Energy Citizens","article_modified_time":"2026-01-23T03:46:57+00:00","og_image":[{"width":1200,"height":630,"url":"https:\/\/energycitizens.org\/wp-content\/uploads\/2020\/10\/api.energy-citizens.share2_.png","type":"image\/png"}],"twitter_card":"summary_large_image","twitter_title":"Stand up for North Carolina\u2019s Energy Future","twitter_description":"Support Reliable, Affordable Energy for North Carolina","twitter_image":"https:\/\/energycitizens.org\/wp-content\/uploads\/2020\/10\/api.energy-citizens.share2_.png","twitter_misc":{"Tiempo de lectura":"1 minuto"},"schema":{"@context":"https:\/\/schema.org","@graph":[{"@type":"WebPage","@id":"https:\/\/energycitizens.org\/michigan\/","url":"https:\/\/energycitizens.org\/michigan\/","name":"Defiende el futuro energ\u00e9tico de Michigan.","isPartOf":{"@id":"https:\/\/energycitizens.org\/#website"},"primaryImageOfPage":{"@id":"https:\/\/energycitizens.org\/michigan\/#primaryimage"},"image":{"@id":"https:\/\/energycitizens.org\/michigan\/#primaryimage"},"thumbnailUrl":"https:\/\/energycitizens.org\/wp-content\/uploads\/2026\/01\/hero-2x-1-scaled.jpg","datePublished":"2026-01-15T20:37:03+00:00","dateModified":"2026-01-23T03:46:57+00:00","description":"Apoye la energ\u00eda confiable y asequible para Michigan.","breadcrumb":{"@id":"https:\/\/energycitizens.org\/michigan\/#breadcrumb"},"inLanguage":"es","potentialAction":[{"@type":"ReadAction","target":["https:\/\/energycitizens.org\/michigan\/"]}]},{"@type":"ImageObject","inLanguage":"es","@id":"https:\/\/energycitizens.org\/michigan\/#primaryimage","url":"https:\/\/energycitizens.org\/wp-content\/uploads\/2026\/01\/hero-2x-1-scaled.jpg","contentUrl":"https:\/\/energycitizens.org\/wp-content\/uploads\/2026\/01\/hero-2x-1-scaled.jpg","width":2560,"height":963},{"@type":"BreadcrumbList","@id":"https:\/\/energycitizens.org\/michigan\/#breadcrumb","itemListElement":[{"@type":"ListItem","position":1,"name":"Home","item":"https:\/\/energycitizens.org\/"},{"@type":"ListItem","position":2,"name":"Support Affordable, Reliable Energy for Michigan"}]},{"@type":"WebSite","@id":"https:\/\/energycitizens.org\/#website","url":"https:\/\/energycitizens.org\/","name":"L\u00edderes de la Energ\u00eda","description":"","potentialAction":[{"@type":"SearchAction","target":{"@type":"EntryPoint","urlTemplate":"https:\/\/energycitizens.org\/?s={search_term_string}"},"query-input":{"@type":"PropertyValueSpecification","valueRequired":true,"valueName":"search_term_string"}}],"inLanguage":"es"}]}},"toolset-meta":{"page-options":{"page-header-description":{"type":"wysiwyg","raw":""},"page-content-background-image":{"type":"image","raw":"","attachment_id":null},"state-logo":{"type":"image","raw":"https:\/\/energycitizens.org\/wp-content\/uploads\/2026\/01\/mi-icon-2x.png","attachment_id":3019}}},"_links":{"self":[{"href":"https:\/\/energycitizens.org\/es\/wp-json\/wp\/v2\/pages\/3017","targetHints":{"allow":["GET"]}}],"collection":[{"href":"https:\/\/energycitizens.org\/es\/wp-json\/wp\/v2\/pages"}],"about":[{"href":"https:\/\/energycitizens.org\/es\/wp-json\/wp\/v2\/types\/page"}],"author":[{"embeddable":true,"href":"https:\/\/energycitizens.org\/es\/wp-json\/wp\/v2\/users\/5"}],"replies":[{"embeddable":true,"href":"https:\/\/energycitizens.org\/es\/wp-json\/wp\/v2\/comments?post=3017"}],"version-history":[{"count":0,"href":"https:\/\/energycitizens.org\/es\/wp-json\/wp\/v2\/pages\/3017\/revisions"}],"wp:featuredmedia":[{"embeddable":true,"href":"https:\/\/energycitizens.org\/es\/wp-json\/wp\/v2\/media\/2991"}],"wp:attachment":[{"href":"https:\/\/energycitizens.org\/es\/wp-json\/wp\/v2\/media?parent=3017"}],"curies":[{"name":"gracias","href":"https:\/\/api.w.org\/{rel}","templated":true}]}}