{"id":3043,"date":"2026-01-23T04:02:57","date_gmt":"2026-01-23T04:02:57","guid":{"rendered":"https:\/\/energycitizens.org\/?page_id=3043"},"modified":"2026-02-04T21:53:07","modified_gmt":"2026-02-04T21:53:07","slug":"louisiana","status":"publish","type":"page","link":"https:\/\/energycitizens.org\/es\/louisiana\/","title":{"rendered":"Apoye la energ\u00eda asequible y confiable para Luisiana"},"content":{"rendered":"<p>La industria del petr\u00f3leo y el gas natural de Luisiana fortalece a nuestro estado. Genera cientos de miles de empleos bien remunerados, ayuda a mantener la energ\u00eda asequible para las familias e impulsa la econom\u00eda competitiva y en crecimiento de nuestro estado.<\/p>\n\n\n\n<h3 class=\"wp-block-heading\"><strong><strong>Defender <\/strong>De Luisiana<strong> Futuro energ\u00e9tico<\/strong><\/strong>&nbsp;<\/h3>\n\n\n\n<p>Tu voz puede tener un impacto real.&nbsp;<br>Convi\u00e9rtase en un ciudadano energ\u00e9tico hoy y \u00fanase a miles de habitantes de Ohio que abogan por pol\u00edticas energ\u00e9ticas inteligentes.<\/p>\n\n\n\n<div class=\"wp-block-columns is-layout-flex wp-container-core-columns-is-layout-9d6595d7 wp-block-columns-is-layout-flex\">\n<div class=\"wp-block-column is-layout-flow wp-block-column-is-layout-flow\">\n<script>\n  var style = 1, script = document.createElement(\"script\");\n  script.src=\"https:\/\/speak4.app\/lp\/z201ds6y\/\" + (style ? \"styled\" : \"plain\") + \"\/index.js?ts=\" + new Date().getTime();\n  document.currentScript.after(script);\n<\/script>\n\n\n\n<p style=\"font-size:12px;line-height:1.2\">Gracias por unirte a nuestra campa\u00f1a. Al proporcionar su n\u00famero de tel\u00e9fono y direcci\u00f3n de correo electr\u00f3nico, usted acepta recibir llamadas, mensajes de texto, correos electr\u00f3nicos y\/o mensajes pregrabados autom\u00e1ticos peri\u00f3dicos a ese n\u00famero de nuestra organizaci\u00f3n. Su consentimiento no es una condici\u00f3n para comprar. Se pueden aplicar tarifas de mensajes y datos. Env\u00ede AYUDA para obtener ayuda. Env\u00ede un mensaje de texto con STOP para optar por no participar. Hacer clic&nbsp;<a href=\"https:\/\/www.api.org\/privacy\" target=\"_blank\" rel=\"noreferrer noopener\">aqu\u00ed<\/a>&nbsp;para leer nuestra Pol\u00edtica de Privacidad.<\/p>\n<\/div>\n\n\n\n<div class=\"wp-block-column is-layout-flow wp-block-column-is-layout-flow\">\n<div id=\"youtube-video-69df437bad473\" class=\"youtube-video-block\">\n    <div class=\"container\">\n        <div class=\"video-wrapper\">\n                            <div class=\"cover-photo-container\" onclick=\"playYouTubeVideo('youtube-video-69df437bad473')\">\n                    <img decoding=\"async\" src=\"https:\/\/energycitizens.org\/wp-content\/uploads\/2026\/02\/LA.png\" alt=\"Video Cover\" class=\"cover-photo\" \/>\n                    <div class=\"play-button\">\n                        <svg xmlns=\"http:\/\/www.w3.org\/2000\/svg\" viewbox=\"0 0 24 24\" fill=\"currentColor\">\n                            <path d=\"M8 5v14l11-7z\"\/>\n                        <\/svg>\n                    <\/div>\n                <\/div>\n                        \n                            <div class=\"video-container\" style=\"display: none;\">\n                    <iframe \n                        id=\"youtube-video-69df437bad473-iframe\"\n                        src=\"\" \n                        data-src=\"https:\/\/www.youtube.com\/embed\/JpZJpkBk1bw\" \n                        frameborder=\"0\" \n                        allow=\"accelerometer; autoplay; clipboard-write; encrypted-media; gyroscope; picture-in-picture; web-share\" \n                        allowfullscreen>\n                    <\/iframe>\n                <\/div>\n                    <\/div>\n    <\/div>\n<\/div>\n\n<script>\nfunction playYouTubeVideo(blockId) {\n    var block = document.getElementById(blockId);\n    var coverContainer = block.querySelector('.cover-photo-container');\n    var videoContainer = block.querySelector('.video-container');\n    var iframe = videoContainer.querySelector('iframe');\n    \n    \/\/ Hide cover photo\n    coverContainer.style.display = 'none';\n    \n    \/\/ Show video container and load iframe with autoplay\n    videoContainer.style.display = 'block';\n    \n    \/\/ Load the video with autoplay\n    var videoSrc = iframe.getAttribute('data-src');\n    iframe.src = videoSrc + '?autoplay=1&rel=0';\n}\n<\/script>\n<\/div>\n<\/div>\n\n\n\n<div style=\"height:40px\" aria-hidden=\"true\" class=\"wp-block-spacer\"><\/div>\n\n\n\n<div style=\"background-image:url(&apos;https:\/\/energycitizens.org\/wp-content\/uploads\/2026\/01\/bolt-2x-1-scaled.jpg&apos;);background-size:cover;\" class=\"wp-block-group is-layout-constrained wp-block-group-is-layout-constrained has-background\">\n<div style=\"height:100px\" aria-hidden=\"true\" class=\"wp-block-spacer\"><\/div>\n\n\n\n<h2 class=\"wp-block-heading has-text-align-center\">Impacto de la industria en <strong><strong>Louisiana<\/strong><\/strong><\/h2>\n\n\n\n<div class=\"industry-impact-stat-block\">\n    <div class=\"container\">\n        <div class=\"stats-wrapper\">\n            <!-- Stat 1 -->\n            <div class=\"stat-item\">\n                <div class=\"stat-text\">$66.8B<\/div>\n                <div class=\"stat-label\">contribuy\u00f3 al PIB<\/div>\n            <\/div>\n\n            <!-- Stat 2 (Center - Sphere Effect) -->\n            <div class=\"stat-item stat-item-center\">\n                <div class=\"sphere\">\n                    <div class=\"stat-text\">322.3 mil empleos<\/div>\n                    <div class=\"stat-label stat-label-2\">apoyado en todo el estado<\/div>\n                <\/div> \n            <\/div>\n\n            <!-- Stat 3 -->\n            <div class=\"stat-item\">\n                <div class=\"stat-text\">21.2%<\/div>\n                <div class=\"stat-label\">de la econom\u00eda total<\/div>\n            <\/div>\n        <\/div>\n    <\/div>\n<\/div>\n\n\n\n<p class=\"has-text-align-center\">El petr\u00f3leo y el gas natural son la base del \u00e9xito econ\u00f3mico de Luisiana.<\/p>\n\n\n\n<div style=\"height:100px\" aria-hidden=\"true\" class=\"wp-block-spacer\"><\/div>\n<\/div>\n\n\n\n<p><\/p>","protected":false},"excerpt":{"rendered":"<p>Louisiana\u2019s oil and natural gas industry makes our state strong. It powers hundreds of thousands of good-paying jobs, helps keep energy affordable for families, and fuels our state\u2019s competitive, growing economy. Stand up for Louisiana\u2019s Energy Future&nbsp; Your voice can make a real impact.&nbsp;Become an Energy Citizen today and join thousands of Ohioans advocating for [&hellip;]<\/p>\n","protected":false},"author":5,"featured_media":2991,"parent":0,"menu_order":0,"comment_status":"closed","ping_status":"closed","template":"page-state-landing.php","meta":{"_acf_changed":false,"_editorskit_title_hidden":false,"_editorskit_reading_time":0,"_editorskit_is_block_options_detached":false,"_editorskit_block_options_position":"{}","inline_featured_image":false,"footnotes":""},"class_list":["post-3043","page","type-page","status-publish","has-post-thumbnail","hentry"],"acf":[],"yoast_head":"<!-- This site is optimized with the Yoast SEO plugin v27.2 - https:\/\/yoast.com\/product\/yoast-seo-wordpress\/ -->\n<title>Support Affordable, Reliable Energy for Louisiana<\/title>\n<meta name=\"description\" content=\"Louisiana&#039;s natural gas and oil industry supports 322,320 jobs and contributes $66.8 billion to the economy statewide.\" \/>\n<meta name=\"robots\" content=\"index, follow, max-snippet:-1, max-image-preview:large, max-video-preview:-1\" \/>\n<link rel=\"canonical\" href=\"https:\/\/energycitizens.org\/es\/louisiana\/\" \/>\n<meta property=\"og:locale\" content=\"es_MX\" \/>\n<meta property=\"og:type\" content=\"article\" \/>\n<meta property=\"og:title\" content=\"Support Affordable, Reliable Energy for Louisiana\" \/>\n<meta property=\"og:description\" content=\"Louisiana&#039;s natural gas and oil industry supports 322,320 jobs and contributes $66.8 billion to the economy statewide.\" \/>\n<meta property=\"og:url\" content=\"https:\/\/energycitizens.org\/es\/louisiana\/\" \/>\n<meta property=\"og:site_name\" content=\"Energy Citizens\" \/>\n<meta property=\"article:modified_time\" content=\"2026-02-04T21:53:07+00:00\" \/>\n<meta property=\"og:image\" content=\"https:\/\/energycitizens.org\/wp-content\/uploads\/2020\/10\/api.energy-citizens.share2_.png\" \/>\n\t<meta property=\"og:image:width\" content=\"1200\" \/>\n\t<meta property=\"og:image:height\" content=\"630\" \/>\n\t<meta property=\"og:image:type\" content=\"image\/png\" \/>\n<meta name=\"twitter:card\" content=\"summary_large_image\" \/>\n<meta name=\"twitter:title\" content=\"Support Affordable, Reliable Energy for Louisiana\" \/>\n<meta name=\"twitter:description\" content=\"Louisiana&#039;s natural gas and oil industry supports 322,320 jobs and contributes $66.8 billion to the economy statewide.\" \/>\n<meta name=\"twitter:image\" content=\"https:\/\/energycitizens.org\/wp-content\/uploads\/2020\/10\/api.energy-citizens.share2_.png\" \/>\n<meta name=\"twitter:label1\" content=\"Tiempo de lectura\" \/>\n\t<meta name=\"twitter:data1\" content=\"1 minuto\" \/>\n<script type=\"application\/ld+json\" class=\"yoast-schema-graph\">{\"@context\":\"https:\/\/schema.org\",\"@graph\":[{\"@type\":\"WebPage\",\"@id\":\"https:\/\/energycitizens.org\/louisiana\/\",\"url\":\"https:\/\/energycitizens.org\/louisiana\/\",\"name\":\"Support Affordable, Reliable Energy for Louisiana\",\"isPartOf\":{\"@id\":\"https:\/\/energycitizens.org\/#website\"},\"primaryImageOfPage\":{\"@id\":\"https:\/\/energycitizens.org\/louisiana\/#primaryimage\"},\"image\":{\"@id\":\"https:\/\/energycitizens.org\/louisiana\/#primaryimage\"},\"thumbnailUrl\":\"https:\/\/energycitizens.org\/wp-content\/uploads\/2026\/01\/hero-2x-1-scaled.jpg\",\"datePublished\":\"2026-01-23T04:02:57+00:00\",\"dateModified\":\"2026-02-04T21:53:07+00:00\",\"description\":\"Louisiana's natural gas and oil industry supports 322,320 jobs and contributes $66.8 billion to the economy statewide.\",\"breadcrumb\":{\"@id\":\"https:\/\/energycitizens.org\/louisiana\/#breadcrumb\"},\"inLanguage\":\"es\",\"potentialAction\":[{\"@type\":\"ReadAction\",\"target\":[\"https:\/\/energycitizens.org\/louisiana\/\"]}]},{\"@type\":\"ImageObject\",\"inLanguage\":\"es\",\"@id\":\"https:\/\/energycitizens.org\/louisiana\/#primaryimage\",\"url\":\"https:\/\/energycitizens.org\/wp-content\/uploads\/2026\/01\/hero-2x-1-scaled.jpg\",\"contentUrl\":\"https:\/\/energycitizens.org\/wp-content\/uploads\/2026\/01\/hero-2x-1-scaled.jpg\",\"width\":2560,\"height\":963},{\"@type\":\"BreadcrumbList\",\"@id\":\"https:\/\/energycitizens.org\/louisiana\/#breadcrumb\",\"itemListElement\":[{\"@type\":\"ListItem\",\"position\":1,\"name\":\"Home\",\"item\":\"https:\/\/energycitizens.org\/\"},{\"@type\":\"ListItem\",\"position\":2,\"name\":\"Support Affordable, Reliable Energy for Louisiana\"}]},{\"@type\":\"WebSite\",\"@id\":\"https:\/\/energycitizens.org\/#website\",\"url\":\"https:\/\/energycitizens.org\/\",\"name\":\"Energy Citizens\",\"description\":\"\",\"potentialAction\":[{\"@type\":\"SearchAction\",\"target\":{\"@type\":\"EntryPoint\",\"urlTemplate\":\"https:\/\/energycitizens.org\/?s={search_term_string}\"},\"query-input\":{\"@type\":\"PropertyValueSpecification\",\"valueRequired\":true,\"valueName\":\"search_term_string\"}}],\"inLanguage\":\"es\"}]}<\/script>\n<!-- \/ Yoast SEO plugin. -->","yoast_head_json":{"title":"Apoye la energ\u00eda asequible y confiable para Luisiana","description":"La industria del petr\u00f3leo y el gas natural de Luisiana sustenta 322.320 puestos de trabajo y contribuye con 166.800 millones de d\u00f3lares a la econom\u00eda de todo el estado.","robots":{"index":"index","follow":"follow","max-snippet":"max-snippet:-1","max-image-preview":"max-image-preview:large","max-video-preview":"max-video-preview:-1"},"canonical":"https:\/\/energycitizens.org\/es\/louisiana\/","og_locale":"es_MX","og_type":"article","og_title":"Support Affordable, Reliable Energy for Louisiana","og_description":"Louisiana's natural gas and oil industry supports 322,320 jobs and contributes $66.8 billion to the economy statewide.","og_url":"https:\/\/energycitizens.org\/es\/louisiana\/","og_site_name":"Energy Citizens","article_modified_time":"2026-02-04T21:53:07+00:00","og_image":[{"width":1200,"height":630,"url":"https:\/\/energycitizens.org\/wp-content\/uploads\/2020\/10\/api.energy-citizens.share2_.png","type":"image\/png"}],"twitter_card":"summary_large_image","twitter_title":"Support Affordable, Reliable Energy for Louisiana","twitter_description":"Louisiana's natural gas and oil industry supports 322,320 jobs and contributes $66.8 billion to the economy statewide.","twitter_image":"https:\/\/energycitizens.org\/wp-content\/uploads\/2020\/10\/api.energy-citizens.share2_.png","twitter_misc":{"Tiempo de lectura":"1 minuto"},"schema":{"@context":"https:\/\/schema.org","@graph":[{"@type":"WebPage","@id":"https:\/\/energycitizens.org\/louisiana\/","url":"https:\/\/energycitizens.org\/louisiana\/","name":"Apoye la energ\u00eda asequible y confiable para Luisiana","isPartOf":{"@id":"https:\/\/energycitizens.org\/#website"},"primaryImageOfPage":{"@id":"https:\/\/energycitizens.org\/louisiana\/#primaryimage"},"image":{"@id":"https:\/\/energycitizens.org\/louisiana\/#primaryimage"},"thumbnailUrl":"https:\/\/energycitizens.org\/wp-content\/uploads\/2026\/01\/hero-2x-1-scaled.jpg","datePublished":"2026-01-23T04:02:57+00:00","dateModified":"2026-02-04T21:53:07+00:00","description":"La industria del petr\u00f3leo y el gas natural de Luisiana sustenta 322.320 puestos de trabajo y contribuye con 166.800 millones de d\u00f3lares a la econom\u00eda de todo el estado.","breadcrumb":{"@id":"https:\/\/energycitizens.org\/louisiana\/#breadcrumb"},"inLanguage":"es","potentialAction":[{"@type":"ReadAction","target":["https:\/\/energycitizens.org\/louisiana\/"]}]},{"@type":"ImageObject","inLanguage":"es","@id":"https:\/\/energycitizens.org\/louisiana\/#primaryimage","url":"https:\/\/energycitizens.org\/wp-content\/uploads\/2026\/01\/hero-2x-1-scaled.jpg","contentUrl":"https:\/\/energycitizens.org\/wp-content\/uploads\/2026\/01\/hero-2x-1-scaled.jpg","width":2560,"height":963},{"@type":"BreadcrumbList","@id":"https:\/\/energycitizens.org\/louisiana\/#breadcrumb","itemListElement":[{"@type":"ListItem","position":1,"name":"Home","item":"https:\/\/energycitizens.org\/"},{"@type":"ListItem","position":2,"name":"Support Affordable, Reliable Energy for Louisiana"}]},{"@type":"WebSite","@id":"https:\/\/energycitizens.org\/#website","url":"https:\/\/energycitizens.org\/","name":"L\u00edderes de la Energ\u00eda","description":"","potentialAction":[{"@type":"SearchAction","target":{"@type":"EntryPoint","urlTemplate":"https:\/\/energycitizens.org\/?s={search_term_string}"},"query-input":{"@type":"PropertyValueSpecification","valueRequired":true,"valueName":"search_term_string"}}],"inLanguage":"es"}]}},"toolset-meta":{"page-options":{"page-header-description":{"type":"wysiwyg","raw":""},"page-content-background-image":{"type":"image","raw":"","attachment_id":null},"state-logo":{"type":"image","raw":"https:\/\/energycitizens.org\/wp-content\/uploads\/2026\/01\/la-icon-2x.png","attachment_id":3045}}},"_links":{"self":[{"href":"https:\/\/energycitizens.org\/es\/wp-json\/wp\/v2\/pages\/3043","targetHints":{"allow":["GET"]}}],"collection":[{"href":"https:\/\/energycitizens.org\/es\/wp-json\/wp\/v2\/pages"}],"about":[{"href":"https:\/\/energycitizens.org\/es\/wp-json\/wp\/v2\/types\/page"}],"author":[{"embeddable":true,"href":"https:\/\/energycitizens.org\/es\/wp-json\/wp\/v2\/users\/5"}],"replies":[{"embeddable":true,"href":"https:\/\/energycitizens.org\/es\/wp-json\/wp\/v2\/comments?post=3043"}],"version-history":[{"count":0,"href":"https:\/\/energycitizens.org\/es\/wp-json\/wp\/v2\/pages\/3043\/revisions"}],"wp:featuredmedia":[{"embeddable":true,"href":"https:\/\/energycitizens.org\/es\/wp-json\/wp\/v2\/media\/2991"}],"wp:attachment":[{"href":"https:\/\/energycitizens.org\/es\/wp-json\/wp\/v2\/media?parent=3043"}],"curies":[{"name":"gracias","href":"https:\/\/api.w.org\/{rel}","templated":true}]}}