{"id":440,"date":"2020-10-29T23:42:25","date_gmt":"2020-10-29T23:42:25","guid":{"rendered":"https:\/\/energycitizens.org\/?page_id=440"},"modified":"2020-11-03T15:13:15","modified_gmt":"2020-11-03T15:13:15","slug":"definitions","status":"publish","type":"page","link":"https:\/\/energycitizens.org\/es\/definitions\/","title":{"rendered":"Definiciones"},"content":{"rendered":"<figure class=\"wp-block-table is-style-stripes\"><table><thead><tr><th><strong>T\u00e9rmino<\/strong><\/th><th><strong>Descripci\u00f3n<\/strong><\/th><\/tr><\/thead><tbody><tr><td><strong>Barril<\/strong><\/td><td>La unidad b\u00e1sica para medir el aceite. Un barril equivale a 42 galones estadounidenses.<\/td><\/tr><tr><td><strong>Poco<\/strong><\/td><td>Una herramienta de perforaci\u00f3n que corta el agujero. Los bits est\u00e1n dise\u00f1ados seg\u00fan dos principios b\u00e1sicos y diferentes. La broca de la herramienta de cable se mueve hacia arriba y hacia abajo para pulverizar. La broca giratoria gira para moler.<\/td><\/tr><tr><td><strong>Preventor de reventones<\/strong><\/td><td>Un control del cabezal de revestimiento pesado, lleno de compuertas o arietes especiales, que pueden cerrarse alrededor de la tuber\u00eda de perforaci\u00f3n o que cierra completamente la parte superior del revestimiento.<\/td><\/tr><tr><td><strong>Ley de Boyle<\/strong><\/td><td>Ley de la f\u00edsica que establece que cuando un gas se somete a compresi\u00f3n y se mantiene a una temperatura constante, el producto de la presi\u00f3n y el volumen es una cantidad constante, es decir, el volumen es inversamente proporcional a la presi\u00f3n.<\/td><\/tr><tr><td><strong>Unidad T\u00e9rmica Brit\u00e1nica (BTU)<\/strong><\/td><td>Una medida generalizada del poder calor\u00edfico, que tambi\u00e9n se utiliza para comparar el potencial energ\u00e9tico de diferentes tipos de combustibles.<\/td><\/tr><tr><td><strong>Butano<\/strong><\/td><td>Un gas hidrocarburo inflamable que es un componente del petr\u00f3leo y se utiliza en forma embotellada como combustible. Es miembro de la serie de los alcanos. El butano es un gas altamente inflamable, incoloro y f\u00e1cilmente licuado que se vaporiza r\u00e1pidamente a temperatura ambiente.<\/td><\/tr><tr><td><strong>Caja<\/strong><\/td><td>Tuber\u00eda de acero pesada que se utiliza para sellar los fluidos del orificio o para evitar que el orificio se hunda.<\/td><\/tr><tr><td><strong>cabeza de casing<\/strong><\/td><td>Un simple accesorio de metal soldado o atornillado en la parte superior de la carcasa o tuber\u00eda conductora y forma parte del sistema de boca del pozo. Este accesorio en la parte superior de un pozo de petr\u00f3leo o gas permite bombear, limpiar y separar el gas del petr\u00f3leo. Esta es la interfaz principal para el equipo de control de presi\u00f3n superficial, por ejemplo, los dispositivos de prevenci\u00f3n de explosiones o el \u00e1rbol de Navidad.<\/td><\/tr><tr><td><strong>Gas de cabezal de carcasa<\/strong><\/td><td>Gas producido con petr\u00f3leo en pozos petroleros. El gas se extrae del pozo a trav\u00e9s del cabezal de revestimiento situado en la parte superior del pozo.<\/td><\/tr><tr><td><strong>Craqueo catal\u00edtico<\/strong><\/td><td>Un proceso de refinaci\u00f3n para descomponer mol\u00e9culas de hidrocarburos grandes y complejas en otras m\u00e1s peque\u00f1as. Se utiliza un catalizador para acelerar las reacciones qu\u00edmicas en el proceso de craqueo.<\/td><\/tr><tr><td><strong>\u00c1rbol de Navidad<\/strong><\/td><td>El conjunto de v\u00e1lvulas, tuber\u00edas y accesorios utilizados para controlar el flujo de petr\u00f3leo y gas desde el cabezal de carcasa.<\/td><\/tr><tr><td><strong>Derrick<\/strong><\/td><td>Una torre ahusada, generalmente de estructura de acero abierta, utilizada en la perforaci\u00f3n de pozos de petr\u00f3leo y gas como soporte para el equipo que se baja al pozo.<\/td><\/tr><tr><td><strong>Fuel\u00f3leos destilados<\/strong><\/td><td>Fuel\u00f3leos que son productos de destilaci\u00f3n. Incluyen los combustibles utilizados para el di\u00e9sel y la calefacci\u00f3n de espacios.<\/td><\/tr><tr><td><strong>Perforaci\u00f3n direccional<\/strong><\/td><td>La perforaci\u00f3n de un pozo que se desv\u00eda materialmente de la direcci\u00f3n vertical.<\/td><\/tr><tr><td><strong>R\u00edo abajo<\/strong><\/td><td>Aquellas actividades de la industria del petr\u00f3leo y del gas que se desarrollan fuera de la fuente de suministro. Las operaciones downstream com\u00fanmente incluyen esfuerzos de refinaci\u00f3n y marketing.<\/td><\/tr><tr><td><strong>Fluidos de perforaci\u00f3n<\/strong><\/td><td>Se introducen fluidos qu\u00edmicos especiales, generalmente llamados lodo, en el orificio para lubricar la acci\u00f3n de una broca giratoria, eliminar los recortes y evitar reventones.<\/td><\/tr><tr><td><strong>Gas seco<\/strong><\/td><td>Gas natural que no contiene hidrocarburos l\u00edquidos disueltos.<\/td><\/tr><tr><td><strong>Hoyo seco<\/strong><\/td><td>Un pozo terminado que no produce petr\u00f3leo y\/o gas o que no produce petr\u00f3leo o gas en cantidades pagables.<\/td><\/tr><tr><td><strong>Recuperaci\u00f3n mejorada<\/strong><\/td><td>La mayor recuperaci\u00f3n de un yacimiento de petr\u00f3leo lograda por medios artificiales o mediante la aplicaci\u00f3n de fuentes de energ\u00eda externas al yacimiento.<\/td><\/tr><tr><td><strong>Barriles equivalentes<\/strong><\/td><td>Cantidades de gas natural y l\u00edquidos de gas natural convertidas en barriles de petr\u00f3leo con el mismo contenido energ\u00e9tico. El contenido energ\u00e9tico de seis mil pies c\u00fabicos de gas (6 MCF) es el equivalente aproximado de un barril de petr\u00f3leo.<\/td><\/tr><tr><td><strong>Exploraci\u00f3n<\/strong><\/td><td>La b\u00fasqueda de petr\u00f3leo y gas. Las operaciones de exploraci\u00f3n incluyen reconocimientos a\u00e9reos, estudios geof\u00edsicos, estudios geol\u00f3gicos, pruebas de n\u00facleos y perforaci\u00f3n de pozos de prueba (salvajes).<\/td><\/tr><tr><td><strong>Trampa de falla<\/strong><\/td><td>Trampa estructural en la tierra, favorable para la retenci\u00f3n de petr\u00f3leo, formada por el agrietamiento y rotura de un plano de roca.<\/td><\/tr><tr><td><strong>Pozo de petr\u00f3leo<\/strong><\/td><td>Un pozo de petr\u00f3leo que entra con una presi\u00f3n tan grande que el petr\u00f3leo sale del cabezal del pozo hacia el aire. Este tipo de pozos sol\u00edan ser algo com\u00fan, pero con los m\u00e9todos de perforaci\u00f3n mejorados, en particular el uso de lodo de perforaci\u00f3n, los chorros son una rareza hoy en d\u00eda.<\/td><\/tr><tr><td><strong>Perforaci\u00f3n Horizontal<\/strong><\/td><td>Un m\u00e9todo de perforaci\u00f3n en el que la broca se gira en direcci\u00f3n horizontal para producir hidrocarburos en varias \u00e1reas ubicadas aproximadamente a la misma profundidad.<\/td><\/tr><tr><td><strong>Independiente<\/strong><\/td><td>Una empresa involucrada \u00fanicamente en la exploraci\u00f3n y producci\u00f3n de petr\u00f3leo y gas y posiblemente en el transporte. Un independiente no participar\u00e1 en la refinaci\u00f3n de petr\u00f3leo.<\/td><\/tr><tr><td><strong>Pozo de inyecci\u00f3n<\/strong><\/td><td>Pozo empleado para la introducci\u00f3n en un estrato subterr\u00e1neo de agua o gas a presi\u00f3n. Los pozos de inyecci\u00f3n se emplean para la eliminaci\u00f3n del agua producida por los pozos de petr\u00f3leo y gas.<\/td><\/tr><tr><td><strong>Empresa Integrada<\/strong><\/td><td>Una empresa involucrada en pr\u00e1cticamente todos los aspectos de la industria del petr\u00f3leo y el gas, incluida la exploraci\u00f3n, producci\u00f3n, transporte, refinaci\u00f3n y comercializaci\u00f3n. Estas empresas tambi\u00e9n se conocen como grandes compa\u00f1\u00edas petroleras.<\/td><\/tr><tr><td><strong>Alquiler<\/strong><\/td><td>El instrumento mediante el cual se crea un arrendatario o inter\u00e9s de explotaci\u00f3n en minerales.<\/td><\/tr><tr><td><strong>Gas Natural Licuado (GNL)<\/strong><\/td><td>El gas natural se vuelve l\u00edquido a una temperatura de menos 258 grados F y puede almacenarse y transportarse en estado l\u00edquido.<\/td><\/tr><tr><td><strong>MCF (Mil Pies C\u00fabicos)<\/strong><\/td><td>La unidad est\u00e1ndar para medir el volumen de gas natural.<\/td><\/tr><tr><td><strong>Gas natural<\/strong><\/td><td>Hidrocarburos, que en condiciones atmosf\u00e9ricas de temperatura y presi\u00f3n, se encuentran en fase gaseosa.<\/td><\/tr><tr><td><strong>L\u00edquidos de gas natural<\/strong><\/td><td>Hidrocarburos que se encuentran en el gas natural y que pueden extraerse o aislarse como gas licuado de petr\u00f3leo y gasolina natural.<\/td><\/tr><tr><td><strong>Plataforma continental exterior (OCS)<\/strong><\/td><td>Generalmente, el \u00e1rea fuera de los l\u00edmites territoriales del estado costero sobre la cual el gobierno federal ejerce control.<\/td><\/tr><tr><td><strong>Campo petrolero<\/strong><\/td><td>Un \u00e1rea sustentada por uno o m\u00e1s yacimientos que contienen petr\u00f3leo.<\/td><\/tr><tr><td><strong>Piscina de petr\u00f3leo<\/strong><\/td><td>Un dep\u00f3sito subterr\u00e1neo o trampa que contiene petr\u00f3leo.<\/td><\/tr><tr><td><strong>Agua al agua<\/strong><\/td><td>Otro nombre para el agua o salmuera producida a partir de pozos de petr\u00f3leo y gas.<\/td><\/tr><tr><td><strong>Plataforma<\/strong><\/td><td>Estructura utilizada en la perforaci\u00f3n marina sobre la cual se ubican la plataforma de perforaci\u00f3n, los alojamientos de la tripulaci\u00f3n y otros elementos relacionados.<\/td><\/tr><tr><td><strong>Taponamiento de Pozo<\/strong><\/td><td>Sellar los fluidos en el estrato atravesado por un pozo para que el fluido de un estrato no escape a otro o a la superficie.<\/td><\/tr><tr><td><strong>Reservas probables<\/strong><\/td><td>Una estimaci\u00f3n de las reservas teniendo en cuenta la geolog\u00eda conocida, la experiencia previa con tipos similares de yacimientos y datos s\u00edsmicos, si est\u00e1n disponibles.<\/td><\/tr><tr><td><strong>Planta procesadora<\/strong><\/td><td>Una planta para eliminar hidrocarburos licuables del gas h\u00famedo o del gas de casinghead. Este proceso produce propano, butano y otros productos extra\u00eddos del gas natural.<\/td><\/tr><tr><td><strong>Agua producida<\/strong><\/td><td>Agua que sale de un pozo con el petr\u00f3leo y el gas. El agua producida suele tener un alto contenido de salinidad. A menudo es la fuerza la que impulsa el petr\u00f3leo y el gas a la superficie. Despu\u00e9s de salir del pozo, el agua producida se separa del petr\u00f3leo y el gas. Tambi\u00e9n conocida como agua de borda, agua de formaci\u00f3n, agua salada y salmuera de yacimientos petrol\u00edferos.<\/td><\/tr><tr><td><strong>Propano<\/strong><\/td><td>Un gas alcano de tres carbonos, pesado e inflamable, a temperatura y presi\u00f3n est\u00e1ndar, pero comprimible hasta convertirse en un l\u00edquido transportable. Es un subproducto del procesamiento del gas natural y del refinado del petr\u00f3leo, y se utiliza habitualmente como combustible y en s\u00edntesis qu\u00edmica.<\/td><\/tr><tr><td><strong>Prorrateo<\/strong><\/td><td>La restricci\u00f3n de la producci\u00f3n por parte de una comisi\u00f3n reguladora estatal, generalmente basada en la demanda del mercado. El prorrateo del gas natural se utiliza para prevenir el desperdicio f\u00edsico y econ\u00f3mico y proteger los derechos correlativos.<\/td><\/tr><tr><td><strong>Reservas probadas<\/strong><\/td><td>Petr\u00f3leo que a\u00fan se encuentra bajo tierra, pero que ha sido localizado y determinado que es recuperable.<\/td><\/tr><tr><td><strong>Patio<\/strong><\/td><td>Un cuatrill\u00f3n de BTU. Esta unidad de medida se utiliza en relaci\u00f3n con el consumo de energ\u00eda. Un barril de petr\u00f3leo crudo contiene 5,8 millones de BTU. El gas natural contiene alrededor de un mill\u00f3n de BTU por MCF.<\/td><\/tr><tr><td><strong>Recompletar<\/strong><\/td><td>Mover la terminaci\u00f3n primaria de una zona a otra. Puede implicar volver a perforar, ejecutar otros tubulares o instalar un nuevo empacador.<\/td><\/tr><tr><td><strong>Im\u00e1genes de repetici\u00f3n<\/strong><\/td><td>Ocasionalmente, un agujero se pierde o se deshace y se puede perforar un segundo agujero desde la superficie muy cerca del primero. Las im\u00e1genes perforadas para el segundo hoyo se definen como \u201cmetrajes de nueva perforaci\u00f3n\u201d. Bajo estas circunstancias, el primer hoyo se reporta como un hoyo seco (explicativo o de desarrollo) y el metraje total se reporta como metraje de hoyo seco. El segundo pozo se informa como pozo de petr\u00f3leo, pozo de gas o pozo seco seg\u00fan el resultado. El metraje de repetici\u00f3n se incluye en la clasificaci\u00f3n apropiada del metraje total, pero no se informa como una clasificaci\u00f3n separada.<\/td><\/tr><tr><td><strong>Refiner\u00eda<\/strong><\/td><td>La instalaci\u00f3n donde se modifican las caracter\u00edsticas del petr\u00f3leo o de sus productos derivados.<\/td><\/tr><tr><td><strong>Reservorio<\/strong><\/td><td>Roca sedimentaria porosa y permeable que contiene cantidades comerciales de petr\u00f3leo y gas. Se encuentran tres tipos de reservorios, incluidas trampas estructurales, trampas estratigr\u00e1ficas y trampas combinadas.<\/td><\/tr><tr><td><strong>Plataforma<\/strong><\/td><td>Las estructuras y equipos utilizados en la perforaci\u00f3n de un pozo de petr\u00f3leo y gas, incluida la torre de perforaci\u00f3n, el motor, la sala de m\u00e1quinas y otros equipos.<\/td><\/tr><tr><td><strong>Mat\u00f3n<\/strong><\/td><td>Ayudante de un perforador y trabajador general en una plataforma de perforaci\u00f3n.<\/td><\/tr><tr><td><strong>Pe\u00f3n<\/strong><\/td><td>Un trabajador com\u00fan alrededor de una perforaci\u00f3n o un pozo productor.<\/td><\/tr><tr><td><strong>Realeza<\/strong><\/td><td>La participaci\u00f3n del propietario en la producci\u00f3n, antes de los gastos de producci\u00f3n.<\/td><\/tr><tr><td><strong>Impuesto de indemnizaci\u00f3n<\/strong><\/td><td>Un impuesto sobre la extracci\u00f3n de minerales del suelo. El impuesto puede recaudarse como impuesto sobre el volumen o como impuesto sobre el valor.<\/td><\/tr><tr><td><strong>Encerrar<\/strong><\/td><td>Cerrar temporalmente un pozo productor para reparaciones, limpieza, aumento de presi\u00f3n del yacimiento, falta de mercado, etc.<\/td><\/tr><tr><td><strong>Gas amargo<\/strong><\/td><td>Gas natural contaminado con impurezas qu\u00edmicas, en particular sulfuro de hidr\u00f3geno u otros compuestos de azufre, que provocan mal olor.<\/td><\/tr><tr><td><strong>Gravedad espec\u00edfica<\/strong><\/td><td>En el caso de los l\u00edquidos, relaci\u00f3n entre el peso de vol\u00famenes iguales de agua y otra sustancia, medida a temperatura est\u00e1ndar y donde al peso del agua se le asigna el valor 1. Sin embargo, la gravedad espec\u00edfica del petr\u00f3leo normalmente se expresa en industria en grados de gravedad API.<\/td><\/tr><tr><td><strong>Perforando<\/strong><\/td><td>La primera perforaci\u00f3n del agujero en la perforaci\u00f3n de un pozo petrolero.<\/td><\/tr><tr><td><strong>Estrato<\/strong><\/td><td>La primera perforaci\u00f3n del agujero en la perforaci\u00f3n de un pozo petrolero.<br>Una capa o una serie de capas de roca o suelo que se form\u00f3 en la superficie de la Tierra con caracter\u00edsticas que la distinguen de otras capas.<\/td><\/tr><tr><td><strong>Producci\u00f3n de decapantes<\/strong><\/td><td>La etapa final de producci\u00f3n en la vida de un pozo o campo petrolero. Esta etapa se caracteriza por bajos \u00edndices de producci\u00f3n, a veces no m\u00e1s de un barril de petr\u00f3leo por d\u00eda.<\/td><\/tr><tr><td><strong>Plataforma para piernas tensas<\/strong><\/td><td>Un tipo de plataforma utilizada generalmente en aguas profundas. En lugar de una plataforma estacionaria unida al fondo del oc\u00e9ano, la plataforma de superficie est\u00e1 atada a una plantilla en el fondo del oc\u00e9ano mediante tendones de acero flexibles.<\/td><\/tr><tr><td><strong>R\u00edo arriba<\/strong><\/td><td>Actividades de la industria del petr\u00f3leo y del gas que se desarrollan cerca del suministro. Esto normalmente incluye actividades de exploraci\u00f3n y producci\u00f3n.<\/td><\/tr><tr><td><strong>Bien<\/strong><\/td><td>Un agujero perforado en la tierra con el fin de encontrar o producir petr\u00f3leo crudo o gas natural o proporcionar servicios relacionados con la producci\u00f3n de petr\u00f3leo crudo o gas natural.<\/td><\/tr><tr><td><strong>boca de pozo<\/strong><\/td><td>T\u00e9rmino generalmente definido como estar en el \u00c1rbol de Navidad pero que, en circunstancias excepcionales, puede definirse como ubicado en alg\u00fan otro lugar.<\/td><\/tr><tr><td><strong>Ingresos de boca de pozo<\/strong><\/td><td>El valor total en d\u00f3lares del petr\u00f3leo crudo y el gas natural en la boca del pozo. Los ingresos en boca de pozo se calculan con base en los vol\u00famenes de producci\u00f3n de petr\u00f3leo crudo y gas natural, multiplicados por su respectivo precio promedio en boca de pozo.<\/td><\/tr><tr><td><strong>Gas h\u00famedo<\/strong><\/td><td>Gas natural que contiene hidrocarburos l\u00edquidos en soluci\u00f3n, que pueden eliminarse mediante reducci\u00f3n de temperatura y presi\u00f3n o mediante un proceso de extracci\u00f3n relativamente sencillo.<\/td><\/tr><tr><td><strong>Pozo mont\u00e9s<\/strong><\/td><td>Pozo exploratorio que se perfora en territorio no probado, es decir, en un horizonte en el que no hay producci\u00f3n en el \u00e1rea general.<\/td><\/tr><tr><td><strong>Trabajos extras<\/strong><\/td><td>Operaciones en un pozo productor para restaurar o aumentar la producci\u00f3n. Un trabajo t\u00edpico es limpiar un pozo que se ha enarenado.<\/td><\/tr><\/tbody><\/table><\/figure>","protected":false},"excerpt":{"rendered":"<p>Term Description Barrel The basic unit for measuring oil. A barrel is equal to 42 U.S. gallons. Bit A drilling tool that cuts the hole. Bits are designed on two basic and different principles. The cable tool bit moves up and down to pulverize. The rotary bit revolves to grind. Blow-Out Preventer A heavy casinghead [&hellip;]<\/p>\n","protected":false},"author":1,"featured_media":441,"parent":0,"menu_order":0,"comment_status":"closed","ping_status":"closed","template":"","meta":{"_acf_changed":false,"_editorskit_title_hidden":false,"_editorskit_reading_time":0,"_editorskit_is_block_options_detached":false,"_editorskit_block_options_position":"{}","inline_featured_image":false,"footnotes":""},"class_list":["post-440","page","type-page","status-publish","has-post-thumbnail","hentry"],"acf":[],"yoast_head":"<!-- This site is optimized with the Yoast SEO plugin v27.2 - https:\/\/yoast.com\/product\/yoast-seo-wordpress\/ -->\n<title>Definitions - Energy Citizens<\/title>\n<meta name=\"robots\" content=\"index, follow, max-snippet:-1, max-image-preview:large, max-video-preview:-1\" \/>\n<link rel=\"canonical\" href=\"https:\/\/energycitizens.org\/es\/definitions\/\" \/>\n<meta property=\"og:locale\" content=\"es_MX\" \/>\n<meta property=\"og:type\" content=\"article\" \/>\n<meta property=\"og:title\" content=\"Definitions - Energy Citizens\" \/>\n<meta property=\"og:description\" content=\"Term Description Barrel The basic unit for measuring oil. A barrel is equal to 42 U.S. gallons. Bit A drilling tool that cuts the hole. Bits are designed on two basic and different principles. The cable tool bit moves up and down to pulverize. The rotary bit revolves to grind. Blow-Out Preventer A heavy casinghead [&hellip;]\" \/>\n<meta property=\"og:url\" content=\"https:\/\/energycitizens.org\/es\/definitions\/\" \/>\n<meta property=\"og:site_name\" content=\"Energy Citizens\" \/>\n<meta property=\"article:modified_time\" content=\"2020-11-03T15:13:15+00:00\" \/>\n<meta property=\"og:image\" content=\"https:\/\/energycitizens.org\/wp-content\/uploads\/2020\/10\/9953ca303049c4009bc0c83973d10123-scaled.jpg\" \/>\n\t<meta property=\"og:image:width\" content=\"2560\" \/>\n\t<meta property=\"og:image:height\" content=\"1319\" \/>\n\t<meta property=\"og:image:type\" content=\"image\/jpeg\" \/>\n<meta name=\"twitter:card\" content=\"summary_large_image\" \/>\n<meta name=\"twitter:label1\" content=\"Tiempo de lectura\" \/>\n\t<meta name=\"twitter:data1\" content=\"9 minutos\" \/>\n<script type=\"application\/ld+json\" class=\"yoast-schema-graph\">{\"@context\":\"https:\/\/schema.org\",\"@graph\":[{\"@type\":\"WebPage\",\"@id\":\"https:\/\/energycitizens.org\/definitions\/\",\"url\":\"https:\/\/energycitizens.org\/definitions\/\",\"name\":\"Definitions - Energy Citizens\",\"isPartOf\":{\"@id\":\"https:\/\/energycitizens.org\/#website\"},\"primaryImageOfPage\":{\"@id\":\"https:\/\/energycitizens.org\/definitions\/#primaryimage\"},\"image\":{\"@id\":\"https:\/\/energycitizens.org\/definitions\/#primaryimage\"},\"thumbnailUrl\":\"https:\/\/energycitizens.org\/wp-content\/uploads\/2020\/10\/9953ca303049c4009bc0c83973d10123-scaled.jpg\",\"datePublished\":\"2020-10-29T23:42:25+00:00\",\"dateModified\":\"2020-11-03T15:13:15+00:00\",\"breadcrumb\":{\"@id\":\"https:\/\/energycitizens.org\/definitions\/#breadcrumb\"},\"inLanguage\":\"es\",\"potentialAction\":[{\"@type\":\"ReadAction\",\"target\":[\"https:\/\/energycitizens.org\/definitions\/\"]}]},{\"@type\":\"ImageObject\",\"inLanguage\":\"es\",\"@id\":\"https:\/\/energycitizens.org\/definitions\/#primaryimage\",\"url\":\"https:\/\/energycitizens.org\/wp-content\/uploads\/2020\/10\/9953ca303049c4009bc0c83973d10123-scaled.jpg\",\"contentUrl\":\"https:\/\/energycitizens.org\/wp-content\/uploads\/2020\/10\/9953ca303049c4009bc0c83973d10123-scaled.jpg\",\"width\":2560,\"height\":1319,\"caption\":\"woman energy engineer consulting with colleague\"},{\"@type\":\"BreadcrumbList\",\"@id\":\"https:\/\/energycitizens.org\/definitions\/#breadcrumb\",\"itemListElement\":[{\"@type\":\"ListItem\",\"position\":1,\"name\":\"Home\",\"item\":\"https:\/\/energycitizens.org\/\"},{\"@type\":\"ListItem\",\"position\":2,\"name\":\"Definitions\"}]},{\"@type\":\"WebSite\",\"@id\":\"https:\/\/energycitizens.org\/#website\",\"url\":\"https:\/\/energycitizens.org\/\",\"name\":\"Energy Citizens\",\"description\":\"\",\"potentialAction\":[{\"@type\":\"SearchAction\",\"target\":{\"@type\":\"EntryPoint\",\"urlTemplate\":\"https:\/\/energycitizens.org\/?s={search_term_string}\"},\"query-input\":{\"@type\":\"PropertyValueSpecification\",\"valueRequired\":true,\"valueName\":\"search_term_string\"}}],\"inLanguage\":\"es\"}]}<\/script>\n<!-- \/ Yoast SEO plugin. -->","yoast_head_json":{"title":"Definitions - Energy Citizens","robots":{"index":"index","follow":"follow","max-snippet":"max-snippet:-1","max-image-preview":"max-image-preview:large","max-video-preview":"max-video-preview:-1"},"canonical":"https:\/\/energycitizens.org\/es\/definitions\/","og_locale":"es_MX","og_type":"article","og_title":"Definitions - Energy Citizens","og_description":"Term Description Barrel The basic unit for measuring oil. A barrel is equal to 42 U.S. gallons. Bit A drilling tool that cuts the hole. Bits are designed on two basic and different principles. The cable tool bit moves up and down to pulverize. The rotary bit revolves to grind. Blow-Out Preventer A heavy casinghead [&hellip;]","og_url":"https:\/\/energycitizens.org\/es\/definitions\/","og_site_name":"Energy Citizens","article_modified_time":"2020-11-03T15:13:15+00:00","og_image":[{"width":2560,"height":1319,"url":"https:\/\/energycitizens.org\/wp-content\/uploads\/2020\/10\/9953ca303049c4009bc0c83973d10123-scaled.jpg","type":"image\/jpeg"}],"twitter_card":"summary_large_image","twitter_misc":{"Tiempo de lectura":"9 minutos"},"schema":{"@context":"https:\/\/schema.org","@graph":[{"@type":"WebPage","@id":"https:\/\/energycitizens.org\/definitions\/","url":"https:\/\/energycitizens.org\/definitions\/","name":"Definitions - Energy Citizens","isPartOf":{"@id":"https:\/\/energycitizens.org\/#website"},"primaryImageOfPage":{"@id":"https:\/\/energycitizens.org\/definitions\/#primaryimage"},"image":{"@id":"https:\/\/energycitizens.org\/definitions\/#primaryimage"},"thumbnailUrl":"https:\/\/energycitizens.org\/wp-content\/uploads\/2020\/10\/9953ca303049c4009bc0c83973d10123-scaled.jpg","datePublished":"2020-10-29T23:42:25+00:00","dateModified":"2020-11-03T15:13:15+00:00","breadcrumb":{"@id":"https:\/\/energycitizens.org\/definitions\/#breadcrumb"},"inLanguage":"es","potentialAction":[{"@type":"ReadAction","target":["https:\/\/energycitizens.org\/definitions\/"]}]},{"@type":"ImageObject","inLanguage":"es","@id":"https:\/\/energycitizens.org\/definitions\/#primaryimage","url":"https:\/\/energycitizens.org\/wp-content\/uploads\/2020\/10\/9953ca303049c4009bc0c83973d10123-scaled.jpg","contentUrl":"https:\/\/energycitizens.org\/wp-content\/uploads\/2020\/10\/9953ca303049c4009bc0c83973d10123-scaled.jpg","width":2560,"height":1319,"caption":"woman energy engineer consulting with colleague"},{"@type":"BreadcrumbList","@id":"https:\/\/energycitizens.org\/definitions\/#breadcrumb","itemListElement":[{"@type":"ListItem","position":1,"name":"Home","item":"https:\/\/energycitizens.org\/"},{"@type":"ListItem","position":2,"name":"Definitions"}]},{"@type":"WebSite","@id":"https:\/\/energycitizens.org\/#website","url":"https:\/\/energycitizens.org\/","name":"L\u00edderes de la Energ\u00eda","description":"","potentialAction":[{"@type":"SearchAction","target":{"@type":"EntryPoint","urlTemplate":"https:\/\/energycitizens.org\/?s={search_term_string}"},"query-input":{"@type":"PropertyValueSpecification","valueRequired":true,"valueName":"search_term_string"}}],"inLanguage":"es"}]}},"toolset-meta":{"page-options":{"page-header-description":{"type":"wysiwyg","raw":""},"page-content-background-image":{"type":"image","raw":"","attachment_id":null},"state-logo":{"type":"image","raw":"","attachment_id":null}}},"_links":{"self":[{"href":"https:\/\/energycitizens.org\/es\/wp-json\/wp\/v2\/pages\/440","targetHints":{"allow":["GET"]}}],"collection":[{"href":"https:\/\/energycitizens.org\/es\/wp-json\/wp\/v2\/pages"}],"about":[{"href":"https:\/\/energycitizens.org\/es\/wp-json\/wp\/v2\/types\/page"}],"author":[{"embeddable":true,"href":"https:\/\/energycitizens.org\/es\/wp-json\/wp\/v2\/users\/1"}],"replies":[{"embeddable":true,"href":"https:\/\/energycitizens.org\/es\/wp-json\/wp\/v2\/comments?post=440"}],"version-history":[{"count":0,"href":"https:\/\/energycitizens.org\/es\/wp-json\/wp\/v2\/pages\/440\/revisions"}],"wp:featuredmedia":[{"embeddable":true,"href":"https:\/\/energycitizens.org\/es\/wp-json\/wp\/v2\/media\/441"}],"wp:attachment":[{"href":"https:\/\/energycitizens.org\/es\/wp-json\/wp\/v2\/media?parent=440"}],"curies":[{"name":"gracias","href":"https:\/\/api.w.org\/{rel}","templated":true}]}}