{"id":5,"date":"2023-04-08T21:40:43","date_gmt":"2023-04-08T21:40:43","guid":{"rendered":"http:\/\/localhost:8080\/ec\/?page_id=5"},"modified":"2024-04-25T20:10:48","modified_gmt":"2024-04-25T20:10:48","slug":"mission","status":"publish","type":"page","link":"https:\/\/energycitizens.org\/es\/mission\/","title":{"rendered":"Misi\u00f3n"},"content":{"rendered":"<figure class=\"wp-block-embed alignright is-type-video is-provider-youtube wp-block-embed-youtube wp-embed-aspect-16-9 wp-has-aspect-ratio has-tablet-text-align-left has-mobile-text-align-justify\"><div class=\"wp-block-embed__wrapper\">\n<iframe loading=\"lazy\" title=\"\u00danase a los ciudadanos de la energ\u00eda\" width=\"500\" height=\"281\" src=\"https:\/\/www.youtube.com\/embed\/bRnkX4jn7mI?feature=oembed\" frameborder=\"0\" allow=\"accelerometer; autoplay; clipboard-write; encrypted-media; gyroscope; picture-in-picture; web-share\" referrerpolicy=\"strict-origin-when-cross-origin\" allowfullscreen><\/iframe>\n<\/div><\/figure>\n\n\n\n<p>La energ\u00eda est\u00e1 a nuestro alrededor y nos alimenta todos los d\u00edas, desde alimentar nuestros autom\u00f3viles hasta calentar nuestros hogares. L\u00edderes de la Energ\u00eda buscan alentar pol\u00edticas gubernamentales que ayuden a garantizar el acceso a energ\u00eda asequible y confiable y desafiar las pol\u00edticas que restringen el tipo de energ\u00eda que podemos usar, pueden aumentar los costos y, en \u00faltima instancia, pueden dejar a las personas atr\u00e1s.&nbsp;<br>&nbsp;<br>Respaldamos la energ\u00eda fabricada en Estados Unidos que fortalece nuestra vibrante y poderosa industria energ\u00e9tica local. El petr\u00f3leo y el gas son vitales para nuestra econom\u00eda y brindan empleos bien remunerados a millones de estadounidenses. Los L\u00edderes de la Energ\u00eda se compromete a defender a los empleados de petr\u00f3leo y gas y a promover pol\u00edticas que respalden el crecimiento y la estabilidad de la industria energ\u00e9tica y garanticen la seguridad energ\u00e9tica para todos.<br>&nbsp;<br>En todo el pa\u00eds, desde Colorado, Nuevo M\u00e9xico, Pensilvania y m\u00e1s all\u00e1, personas comunes como usted est\u00e1n teniendo un impacto claro en nuestras comunidades que se sentir\u00e1 en las generaciones venideras. Donde hay una lucha para apoyar la energ\u00eda y la seguridad energ\u00e9tica de fabricaci\u00f3n estadounidense, los L\u00edderes de la Energ\u00eda acepta el desaf\u00edo y ganan. \u00bfEst\u00e1 usted dentro?<\/p>","protected":false},"excerpt":{"rendered":"<p>Energy is all around us powering our every day from fueling our cars to heating our homes. Energy Citizens seek to encourage government policies that help ensure access to affordable and reliable energy and challenge policies that restrict the type of energy we can use, may increase costs, and ultimately could leave people behind.&nbsp;&nbsp;We stand [&hellip;]<\/p>\n","protected":false},"author":18,"featured_media":2426,"parent":0,"menu_order":0,"comment_status":"closed","ping_status":"closed","template":"page-mission.php","meta":{"_acf_changed":false,"_editorskit_title_hidden":false,"_editorskit_reading_time":0,"_editorskit_is_block_options_detached":false,"_editorskit_block_options_position":"{}","inline_featured_image":false,"footnotes":""},"class_list":["post-5","page","type-page","status-publish","has-post-thumbnail","hentry"],"acf":[],"yoast_head":"<!-- This site is optimized with the Yoast SEO plugin v27.2 - https:\/\/yoast.com\/product\/yoast-seo-wordpress\/ -->\n<title>Mission - Energy Citizens<\/title>\n<meta name=\"robots\" content=\"index, follow, max-snippet:-1, max-image-preview:large, max-video-preview:-1\" \/>\n<link rel=\"canonical\" href=\"https:\/\/energycitizens.org\/es\/mission\/\" \/>\n<meta property=\"og:locale\" content=\"es_MX\" \/>\n<meta property=\"og:type\" content=\"article\" \/>\n<meta property=\"og:title\" content=\"Mission - Energy Citizens\" \/>\n<meta property=\"og:description\" content=\"Energy is all around us powering our every day from fueling our cars to heating our homes. Energy Citizens seek to encourage government policies that help ensure access to affordable and reliable energy and challenge policies that restrict the type of energy we can use, may increase costs, and ultimately could leave people behind.&nbsp;&nbsp;We stand [&hellip;]\" \/>\n<meta property=\"og:url\" content=\"https:\/\/energycitizens.org\/es\/mission\/\" \/>\n<meta property=\"og:site_name\" content=\"Energy Citizens\" \/>\n<meta property=\"article:modified_time\" content=\"2024-04-25T20:10:48+00:00\" \/>\n<meta property=\"og:image\" content=\"https:\/\/energycitizens.org\/wp-content\/uploads\/2024\/04\/DSC07270-1920x600-1.jpg\" \/>\n\t<meta property=\"og:image:width\" content=\"1920\" \/>\n\t<meta property=\"og:image:height\" content=\"600\" \/>\n\t<meta property=\"og:image:type\" content=\"image\/jpeg\" \/>\n<meta name=\"twitter:card\" content=\"summary_large_image\" \/>\n<meta name=\"twitter:label1\" content=\"Tiempo de lectura\" \/>\n\t<meta name=\"twitter:data1\" content=\"2 minutos\" \/>\n<script type=\"application\/ld+json\" class=\"yoast-schema-graph\">{\"@context\":\"https:\/\/schema.org\",\"@graph\":[{\"@type\":\"WebPage\",\"@id\":\"https:\/\/energycitizens.org\/mission\/\",\"url\":\"https:\/\/energycitizens.org\/mission\/\",\"name\":\"Mission - Energy Citizens\",\"isPartOf\":{\"@id\":\"https:\/\/energycitizens.org\/#website\"},\"primaryImageOfPage\":{\"@id\":\"https:\/\/energycitizens.org\/mission\/#primaryimage\"},\"image\":{\"@id\":\"https:\/\/energycitizens.org\/mission\/#primaryimage\"},\"thumbnailUrl\":\"https:\/\/energycitizens.org\/wp-content\/uploads\/2024\/04\/DSC07270-1920x600-1.jpg\",\"datePublished\":\"2023-04-08T21:40:43+00:00\",\"dateModified\":\"2024-04-25T20:10:48+00:00\",\"breadcrumb\":{\"@id\":\"https:\/\/energycitizens.org\/mission\/#breadcrumb\"},\"inLanguage\":\"es\",\"potentialAction\":[{\"@type\":\"ReadAction\",\"target\":[\"https:\/\/energycitizens.org\/mission\/\"]}]},{\"@type\":\"ImageObject\",\"inLanguage\":\"es\",\"@id\":\"https:\/\/energycitizens.org\/mission\/#primaryimage\",\"url\":\"https:\/\/energycitizens.org\/wp-content\/uploads\/2024\/04\/DSC07270-1920x600-1.jpg\",\"contentUrl\":\"https:\/\/energycitizens.org\/wp-content\/uploads\/2024\/04\/DSC07270-1920x600-1.jpg\",\"width\":1920,\"height\":600},{\"@type\":\"BreadcrumbList\",\"@id\":\"https:\/\/energycitizens.org\/mission\/#breadcrumb\",\"itemListElement\":[{\"@type\":\"ListItem\",\"position\":1,\"name\":\"Home\",\"item\":\"https:\/\/energycitizens.org\/\"},{\"@type\":\"ListItem\",\"position\":2,\"name\":\"Mission\"}]},{\"@type\":\"WebSite\",\"@id\":\"https:\/\/energycitizens.org\/#website\",\"url\":\"https:\/\/energycitizens.org\/\",\"name\":\"Energy Citizens\",\"description\":\"\",\"potentialAction\":[{\"@type\":\"SearchAction\",\"target\":{\"@type\":\"EntryPoint\",\"urlTemplate\":\"https:\/\/energycitizens.org\/?s={search_term_string}\"},\"query-input\":{\"@type\":\"PropertyValueSpecification\",\"valueRequired\":true,\"valueName\":\"search_term_string\"}}],\"inLanguage\":\"es\"}]}<\/script>\n<!-- \/ Yoast SEO plugin. -->","yoast_head_json":{"title":"Misi\u00f3n - Ciudadanos de la Energ\u00eda","robots":{"index":"index","follow":"follow","max-snippet":"max-snippet:-1","max-image-preview":"max-image-preview:large","max-video-preview":"max-video-preview:-1"},"canonical":"https:\/\/energycitizens.org\/es\/mission\/","og_locale":"es_MX","og_type":"article","og_title":"Mission - Energy Citizens","og_description":"Energy is all around us powering our every day from fueling our cars to heating our homes. Energy Citizens seek to encourage government policies that help ensure access to affordable and reliable energy and challenge policies that restrict the type of energy we can use, may increase costs, and ultimately could leave people behind.&nbsp;&nbsp;We stand [&hellip;]","og_url":"https:\/\/energycitizens.org\/es\/mission\/","og_site_name":"Energy Citizens","article_modified_time":"2024-04-25T20:10:48+00:00","og_image":[{"width":1920,"height":600,"url":"https:\/\/energycitizens.org\/wp-content\/uploads\/2024\/04\/DSC07270-1920x600-1.jpg","type":"image\/jpeg"}],"twitter_card":"summary_large_image","twitter_misc":{"Tiempo de lectura":"2 minutos"},"schema":{"@context":"https:\/\/schema.org","@graph":[{"@type":"WebPage","@id":"https:\/\/energycitizens.org\/mission\/","url":"https:\/\/energycitizens.org\/mission\/","name":"Misi\u00f3n - Ciudadanos de la Energ\u00eda","isPartOf":{"@id":"https:\/\/energycitizens.org\/#website"},"primaryImageOfPage":{"@id":"https:\/\/energycitizens.org\/mission\/#primaryimage"},"image":{"@id":"https:\/\/energycitizens.org\/mission\/#primaryimage"},"thumbnailUrl":"https:\/\/energycitizens.org\/wp-content\/uploads\/2024\/04\/DSC07270-1920x600-1.jpg","datePublished":"2023-04-08T21:40:43+00:00","dateModified":"2024-04-25T20:10:48+00:00","breadcrumb":{"@id":"https:\/\/energycitizens.org\/mission\/#breadcrumb"},"inLanguage":"es","potentialAction":[{"@type":"ReadAction","target":["https:\/\/energycitizens.org\/mission\/"]}]},{"@type":"ImageObject","inLanguage":"es","@id":"https:\/\/energycitizens.org\/mission\/#primaryimage","url":"https:\/\/energycitizens.org\/wp-content\/uploads\/2024\/04\/DSC07270-1920x600-1.jpg","contentUrl":"https:\/\/energycitizens.org\/wp-content\/uploads\/2024\/04\/DSC07270-1920x600-1.jpg","width":1920,"height":600},{"@type":"BreadcrumbList","@id":"https:\/\/energycitizens.org\/mission\/#breadcrumb","itemListElement":[{"@type":"ListItem","position":1,"name":"Home","item":"https:\/\/energycitizens.org\/"},{"@type":"ListItem","position":2,"name":"Mission"}]},{"@type":"WebSite","@id":"https:\/\/energycitizens.org\/#website","url":"https:\/\/energycitizens.org\/","name":"L\u00edderes de la Energ\u00eda","description":"","potentialAction":[{"@type":"SearchAction","target":{"@type":"EntryPoint","urlTemplate":"https:\/\/energycitizens.org\/?s={search_term_string}"},"query-input":{"@type":"PropertyValueSpecification","valueRequired":true,"valueName":"search_term_string"}}],"inLanguage":"es"}]}},"toolset-meta":{"page-options":{"page-header-description":{"type":"wysiwyg","raw":"At Energy Citizens, we are passionate about giving a voice to the millions of everyday Americans who believe in the importance of reliable, affordable, and accessible American-made energy.\r\n\r\nEnergy Citizens is a movement of people, like you, across the country championing American-made energy and our nation\u2019s energy security."},"page-content-background-image":{"type":"image","raw":"https:\/\/energycitizens.org\/wp-content\/uploads\/2023\/05\/green-squiggle-bkgd.png","attachment_id":1592},"state-logo":{"type":"image","raw":"","attachment_id":null}}},"_links":{"self":[{"href":"https:\/\/energycitizens.org\/es\/wp-json\/wp\/v2\/pages\/5","targetHints":{"allow":["GET"]}}],"collection":[{"href":"https:\/\/energycitizens.org\/es\/wp-json\/wp\/v2\/pages"}],"about":[{"href":"https:\/\/energycitizens.org\/es\/wp-json\/wp\/v2\/types\/page"}],"author":[{"embeddable":true,"href":"https:\/\/energycitizens.org\/es\/wp-json\/wp\/v2\/users\/18"}],"replies":[{"embeddable":true,"href":"https:\/\/energycitizens.org\/es\/wp-json\/wp\/v2\/comments?post=5"}],"version-history":[{"count":0,"href":"https:\/\/energycitizens.org\/es\/wp-json\/wp\/v2\/pages\/5\/revisions"}],"wp:featuredmedia":[{"embeddable":true,"href":"https:\/\/energycitizens.org\/es\/wp-json\/wp\/v2\/media\/2426"}],"wp:attachment":[{"href":"https:\/\/energycitizens.org\/es\/wp-json\/wp\/v2\/media?parent=5"}],"curies":[{"name":"gracias","href":"https:\/\/api.w.org\/{rel}","templated":true}]}}