{"id":545,"date":"2021-01-25T00:24:24","date_gmt":"2021-01-25T00:24:24","guid":{"rendered":"https:\/\/energycitizens.org\/?page_id=545"},"modified":"2023-01-25T19:54:56","modified_gmt":"2023-01-25T19:54:56","slug":"industry-employees","status":"publish","type":"page","link":"https:\/\/energycitizens.org\/es\/industry-employees\/","title":{"rendered":"Empleados de la industria"},"content":{"rendered":"<h1 class=\"wp-block-heading\">Los trabajadores del gas natural y el petr\u00f3leo son la columna vertebral de lo que hacemos<\/h1>\n\n\n\n<h3 class=\"wp-block-heading\">\u00a1Queremos escuchar de ti!<\/h3>\n\n\n\n<div class=\"wp-block-columns is-layout-flex wp-container-core-columns-is-layout-9d6595d7 wp-block-columns-is-layout-flex\">\n<div class=\"wp-block-column is-layout-flow wp-block-column-is-layout-flow\">\n<p>Los empleados actuales y anteriores son una parte importante de esta red de base y queremos saber qu\u00e9 temas le preocupan m\u00e1s. Complete el formulario a continuaci\u00f3n con m\u00e1s informaci\u00f3n para hacernos saber c\u00f3mo brindarle un mejor servicio como ciudadano de la energ\u00eda. Explore nuestro sitio para obtener m\u00e1s informaci\u00f3n sobre problemas en su \u00e1rea en los que puede involucrarse o tomar medidas. Est\u00e9 atento a los boletines informativos, las oportunidades para participar y las actualizaciones de la industria. Gracias por ser un ciudadano de la energ\u00eda, usted es parte de una vasta red de personas apasionadas por mantener fuerte la industria del gas natural y el petr\u00f3leo.<\/p>\n<\/div>\n\n\n\n<div class=\"wp-block-column is-layout-flow wp-block-column-is-layout-flow\">\n<iframe frameborder=\"0\" style='width: 500px; height: 900px;!important;' src=\"https:\/\/app.formassembly.com\/forms\/view\/5041406?jsid=\"><\/iframe>\n<\/div>\n<\/div>\n\n\n\n<style>\n.wysiwyg h1{font-size:54px; line-height: 1.1}\n\nbody.page-template-3col .cover-photo{height: 375px}\n\n@media screen and (max-width: 720px){\n .wysiwyg h1 {\n    font-size: 36px;\n    line-height: 40px;\n }\n}\n<\/style>","protected":false},"excerpt":{"rendered":"<p>Natural Gas and Oil Workers Are the Backbone of What We Do We want to hear from you! Current and previous employees are an important part of this grassroots network and we want to know what issues you care about the most. Please complete the form below with some more information to let us know [&hellip;]<\/p>\n","protected":false},"author":1,"featured_media":1313,"parent":0,"menu_order":0,"comment_status":"closed","ping_status":"closed","template":"full-width-page.php","meta":{"_acf_changed":false,"_editorskit_title_hidden":false,"_editorskit_reading_time":1,"_editorskit_is_block_options_detached":false,"_editorskit_block_options_position":"{}","inline_featured_image":false,"footnotes":""},"class_list":["post-545","page","type-page","status-publish","has-post-thumbnail","hentry"],"acf":[],"yoast_head":"<!-- This site is optimized with the Yoast SEO plugin v27.2 - https:\/\/yoast.com\/product\/yoast-seo-wordpress\/ -->\n<title>Industry Employees - Energy Citizens<\/title>\n<meta name=\"robots\" content=\"index, follow, max-snippet:-1, max-image-preview:large, max-video-preview:-1\" \/>\n<link rel=\"canonical\" href=\"https:\/\/energycitizens.org\/es\/industry-employees\/\" \/>\n<meta property=\"og:locale\" content=\"es_MX\" \/>\n<meta property=\"og:type\" content=\"article\" \/>\n<meta property=\"og:title\" content=\"Industry Employees - Energy Citizens\" \/>\n<meta property=\"og:description\" content=\"Natural Gas and Oil Workers Are the Backbone of What We Do We want to hear from you! Current and previous employees are an important part of this grassroots network and we want to know what issues you care about the most. Please complete the form below with some more information to let us know [&hellip;]\" \/>\n<meta property=\"og:url\" content=\"https:\/\/energycitizens.org\/es\/industry-employees\/\" \/>\n<meta property=\"og:site_name\" content=\"Energy Citizens\" \/>\n<meta property=\"article:modified_time\" content=\"2023-01-25T19:54:56+00:00\" \/>\n<meta property=\"og:image\" content=\"https:\/\/energycitizens.org\/wp-content\/uploads\/2022\/11\/DSC06817-1296x687-1-1.jpg\" \/>\n\t<meta property=\"og:image:width\" content=\"1296\" \/>\n\t<meta property=\"og:image:height\" content=\"687\" \/>\n\t<meta property=\"og:image:type\" content=\"image\/jpeg\" \/>\n<meta name=\"twitter:card\" content=\"summary_large_image\" \/>\n<meta name=\"twitter:label1\" content=\"Tiempo de lectura\" \/>\n\t<meta name=\"twitter:data1\" content=\"1 minuto\" \/>\n<script type=\"application\/ld+json\" class=\"yoast-schema-graph\">{\"@context\":\"https:\/\/schema.org\",\"@graph\":[{\"@type\":\"WebPage\",\"@id\":\"https:\/\/energycitizens.org\/industry-employees\/\",\"url\":\"https:\/\/energycitizens.org\/industry-employees\/\",\"name\":\"Industry Employees - Energy Citizens\",\"isPartOf\":{\"@id\":\"https:\/\/energycitizens.org\/#website\"},\"primaryImageOfPage\":{\"@id\":\"https:\/\/energycitizens.org\/industry-employees\/#primaryimage\"},\"image\":{\"@id\":\"https:\/\/energycitizens.org\/industry-employees\/#primaryimage\"},\"thumbnailUrl\":\"https:\/\/energycitizens.org\/wp-content\/uploads\/2022\/11\/DSC06817-1296x687-1-1.jpg\",\"datePublished\":\"2021-01-25T00:24:24+00:00\",\"dateModified\":\"2023-01-25T19:54:56+00:00\",\"breadcrumb\":{\"@id\":\"https:\/\/energycitizens.org\/industry-employees\/#breadcrumb\"},\"inLanguage\":\"es\",\"potentialAction\":[{\"@type\":\"ReadAction\",\"target\":[\"https:\/\/energycitizens.org\/industry-employees\/\"]}]},{\"@type\":\"ImageObject\",\"inLanguage\":\"es\",\"@id\":\"https:\/\/energycitizens.org\/industry-employees\/#primaryimage\",\"url\":\"https:\/\/energycitizens.org\/wp-content\/uploads\/2022\/11\/DSC06817-1296x687-1-1.jpg\",\"contentUrl\":\"https:\/\/energycitizens.org\/wp-content\/uploads\/2022\/11\/DSC06817-1296x687-1-1.jpg\",\"width\":1296,\"height\":687},{\"@type\":\"BreadcrumbList\",\"@id\":\"https:\/\/energycitizens.org\/industry-employees\/#breadcrumb\",\"itemListElement\":[{\"@type\":\"ListItem\",\"position\":1,\"name\":\"Home\",\"item\":\"https:\/\/energycitizens.org\/\"},{\"@type\":\"ListItem\",\"position\":2,\"name\":\"Industry Employees\"}]},{\"@type\":\"WebSite\",\"@id\":\"https:\/\/energycitizens.org\/#website\",\"url\":\"https:\/\/energycitizens.org\/\",\"name\":\"Energy Citizens\",\"description\":\"\",\"potentialAction\":[{\"@type\":\"SearchAction\",\"target\":{\"@type\":\"EntryPoint\",\"urlTemplate\":\"https:\/\/energycitizens.org\/?s={search_term_string}\"},\"query-input\":{\"@type\":\"PropertyValueSpecification\",\"valueRequired\":true,\"valueName\":\"search_term_string\"}}],\"inLanguage\":\"es\"}]}<\/script>\n<!-- \/ Yoast SEO plugin. -->","yoast_head_json":{"title":"Industry Employees - Energy Citizens","robots":{"index":"index","follow":"follow","max-snippet":"max-snippet:-1","max-image-preview":"max-image-preview:large","max-video-preview":"max-video-preview:-1"},"canonical":"https:\/\/energycitizens.org\/es\/industry-employees\/","og_locale":"es_MX","og_type":"article","og_title":"Industry Employees - Energy Citizens","og_description":"Natural Gas and Oil Workers Are the Backbone of What We Do We want to hear from you! Current and previous employees are an important part of this grassroots network and we want to know what issues you care about the most. Please complete the form below with some more information to let us know [&hellip;]","og_url":"https:\/\/energycitizens.org\/es\/industry-employees\/","og_site_name":"Energy Citizens","article_modified_time":"2023-01-25T19:54:56+00:00","og_image":[{"width":1296,"height":687,"url":"https:\/\/energycitizens.org\/wp-content\/uploads\/2022\/11\/DSC06817-1296x687-1-1.jpg","type":"image\/jpeg"}],"twitter_card":"summary_large_image","twitter_misc":{"Tiempo de lectura":"1 minuto"},"schema":{"@context":"https:\/\/schema.org","@graph":[{"@type":"WebPage","@id":"https:\/\/energycitizens.org\/industry-employees\/","url":"https:\/\/energycitizens.org\/industry-employees\/","name":"Industry Employees - Energy Citizens","isPartOf":{"@id":"https:\/\/energycitizens.org\/#website"},"primaryImageOfPage":{"@id":"https:\/\/energycitizens.org\/industry-employees\/#primaryimage"},"image":{"@id":"https:\/\/energycitizens.org\/industry-employees\/#primaryimage"},"thumbnailUrl":"https:\/\/energycitizens.org\/wp-content\/uploads\/2022\/11\/DSC06817-1296x687-1-1.jpg","datePublished":"2021-01-25T00:24:24+00:00","dateModified":"2023-01-25T19:54:56+00:00","breadcrumb":{"@id":"https:\/\/energycitizens.org\/industry-employees\/#breadcrumb"},"inLanguage":"es","potentialAction":[{"@type":"ReadAction","target":["https:\/\/energycitizens.org\/industry-employees\/"]}]},{"@type":"ImageObject","inLanguage":"es","@id":"https:\/\/energycitizens.org\/industry-employees\/#primaryimage","url":"https:\/\/energycitizens.org\/wp-content\/uploads\/2022\/11\/DSC06817-1296x687-1-1.jpg","contentUrl":"https:\/\/energycitizens.org\/wp-content\/uploads\/2022\/11\/DSC06817-1296x687-1-1.jpg","width":1296,"height":687},{"@type":"BreadcrumbList","@id":"https:\/\/energycitizens.org\/industry-employees\/#breadcrumb","itemListElement":[{"@type":"ListItem","position":1,"name":"Home","item":"https:\/\/energycitizens.org\/"},{"@type":"ListItem","position":2,"name":"Industry Employees"}]},{"@type":"WebSite","@id":"https:\/\/energycitizens.org\/#website","url":"https:\/\/energycitizens.org\/","name":"L\u00edderes de la Energ\u00eda","description":"","potentialAction":[{"@type":"SearchAction","target":{"@type":"EntryPoint","urlTemplate":"https:\/\/energycitizens.org\/?s={search_term_string}"},"query-input":{"@type":"PropertyValueSpecification","valueRequired":true,"valueName":"search_term_string"}}],"inLanguage":"es"}]}},"toolset-meta":{"page-options":{"page-header-description":{"type":"wysiwyg","raw":""},"page-content-background-image":{"type":"image","raw":"","attachment_id":null},"state-logo":{"type":"image","raw":"","attachment_id":null}}},"_links":{"self":[{"href":"https:\/\/energycitizens.org\/es\/wp-json\/wp\/v2\/pages\/545","targetHints":{"allow":["GET"]}}],"collection":[{"href":"https:\/\/energycitizens.org\/es\/wp-json\/wp\/v2\/pages"}],"about":[{"href":"https:\/\/energycitizens.org\/es\/wp-json\/wp\/v2\/types\/page"}],"author":[{"embeddable":true,"href":"https:\/\/energycitizens.org\/es\/wp-json\/wp\/v2\/users\/1"}],"replies":[{"embeddable":true,"href":"https:\/\/energycitizens.org\/es\/wp-json\/wp\/v2\/comments?post=545"}],"version-history":[{"count":0,"href":"https:\/\/energycitizens.org\/es\/wp-json\/wp\/v2\/pages\/545\/revisions"}],"wp:featuredmedia":[{"embeddable":true,"href":"https:\/\/energycitizens.org\/es\/wp-json\/wp\/v2\/media\/1313"}],"wp:attachment":[{"href":"https:\/\/energycitizens.org\/es\/wp-json\/wp\/v2\/media?parent=545"}],"curies":[{"name":"gracias","href":"https:\/\/api.w.org\/{rel}","templated":true}]}}