{"id":673,"date":"2021-02-03T04:17:20","date_gmt":"2021-02-03T04:17:20","guid":{"rendered":"https:\/\/energycitizens.org\/?page_id=673"},"modified":"2021-10-12T15:05:30","modified_gmt":"2021-10-12T15:05:30","slug":"americas-natural-gas-and-oil-powering-colorados-recovery","status":"publish","type":"page","link":"https:\/\/energycitizens.org\/es\/americas-natural-gas-and-oil-powering-colorados-recovery\/","title":{"rendered":"El gas natural y el petr\u00f3leo de Estados Unidos: impulsando la recuperaci\u00f3n de Colorado"},"content":{"rendered":"<p><iframe loading=\"lazy\" src=\"https:\/\/www.youtube.com\/embed\/REYLUyPQvDQ\" width=\"100%\" height=\"275\" frameborder=\"0\" allowfullscreen=\"\"><\/iframe><\/p>\n<p class=\"has-text-align-justify\">Los operadores de energ\u00eda de Colorado han demostrado su resiliencia este a\u00f1o, entregando productos y combustibles esenciales y al mismo tiempo protegiendo la salud y la seguridad de nuestros trabajadores, comunidades y el medio ambiente.<\/p>\n\n<p><iframe style=\"border: none; width: 100%; min-height: 650px;\" src=\"https:\/\/api9.quorum.us\/sign_up\/3011\/?frameless=true&amp;\"><\/iframe><\/p>\n\n<p class=\"has-text-align-justify\">El desarrollo energ\u00e9tico en Colorado, acelerado por tecnolog\u00edas innovadoras, como la fracturaci\u00f3n hidr\u00e1ulica y la perforaci\u00f3n horizontal, ha ampliado el acceso a combustibles asequibles y confiables que calientan nuestros hogares, impulsan nuestros veh\u00edculos y hacen posible nuestra vida moderna.<\/p>\n<p class=\"has-text-align-justify\">Nuestra industria seguir\u00e1 liderando en este momento cr\u00edtico, hombro con hombro con los habitantes de Colorado para brindar seguridad energ\u00e9tica y soluciones ambientales, logrando avances hoy, ma\u00f1ana y para las generaciones venideras.<\/p>","protected":false},"excerpt":{"rendered":"<p>Colorado\u2019s energy operators have proven resilient this year, delivering essential products and fuels while protecting the health and safety of our workers, communities and the environment. Energy development in Colorado \u2013 accelerated by innovative technologies, like hydraulic fracturing and horizontal drilling \u2013 has expanded access to the affordable, reliable fuels that heat our homes, power [&hellip;]<\/p>\n","protected":false},"author":8,"featured_media":0,"parent":0,"menu_order":0,"comment_status":"closed","ping_status":"closed","template":"","meta":{"_acf_changed":false,"_editorskit_title_hidden":false,"_editorskit_reading_time":1,"_editorskit_is_block_options_detached":false,"_editorskit_block_options_position":"{}","inline_featured_image":false,"footnotes":""},"class_list":["post-673","page","type-page","status-publish","hentry"],"acf":[],"yoast_head":"<!-- This site is optimized with the Yoast SEO plugin v27.2 - https:\/\/yoast.com\/product\/yoast-seo-wordpress\/ -->\n<title>America\u2019s Natural Gas and Oil: Powering Colorado\u2019s Recovery - Energy Citizens<\/title>\n<meta name=\"robots\" content=\"index, follow, max-snippet:-1, max-image-preview:large, max-video-preview:-1\" \/>\n<link rel=\"canonical\" href=\"https:\/\/energycitizens.org\/es\/americas-natural-gas-and-oil-powering-colorados-recovery\/\" \/>\n<meta property=\"og:locale\" content=\"es_MX\" \/>\n<meta property=\"og:type\" content=\"article\" \/>\n<meta property=\"og:title\" content=\"America\u2019s Natural Gas and Oil: Powering Colorado\u2019s Recovery - Energy Citizens\" \/>\n<meta property=\"og:description\" content=\"Colorado\u2019s energy operators have proven resilient this year, delivering essential products and fuels while protecting the health and safety of our workers, communities and the environment. Energy development in Colorado \u2013 accelerated by innovative technologies, like hydraulic fracturing and horizontal drilling \u2013 has expanded access to the affordable, reliable fuels that heat our homes, power [&hellip;]\" \/>\n<meta property=\"og:url\" content=\"https:\/\/energycitizens.org\/es\/americas-natural-gas-and-oil-powering-colorados-recovery\/\" \/>\n<meta property=\"og:site_name\" content=\"Energy Citizens\" \/>\n<meta property=\"article:modified_time\" content=\"2021-10-12T15:05:30+00:00\" \/>\n<meta property=\"og:image\" content=\"https:\/\/energycitizens.org\/wp-content\/uploads\/2020\/10\/api.energy-citizens.share2_.png\" \/>\n\t<meta property=\"og:image:width\" content=\"1200\" \/>\n\t<meta property=\"og:image:height\" content=\"630\" \/>\n\t<meta property=\"og:image:type\" content=\"image\/png\" \/>\n<meta name=\"twitter:card\" content=\"summary_large_image\" \/>\n<meta name=\"twitter:label1\" content=\"Tiempo de lectura\" \/>\n\t<meta name=\"twitter:data1\" content=\"1 minuto\" \/>\n<script type=\"application\/ld+json\" class=\"yoast-schema-graph\">{\"@context\":\"https:\/\/schema.org\",\"@graph\":[{\"@type\":\"WebPage\",\"@id\":\"https:\/\/energycitizens.org\/americas-natural-gas-and-oil-powering-colorados-recovery\/\",\"url\":\"https:\/\/energycitizens.org\/americas-natural-gas-and-oil-powering-colorados-recovery\/\",\"name\":\"America\u2019s Natural Gas and Oil: Powering Colorado\u2019s Recovery - Energy Citizens\",\"isPartOf\":{\"@id\":\"https:\/\/energycitizens.org\/#website\"},\"datePublished\":\"2021-02-03T04:17:20+00:00\",\"dateModified\":\"2021-10-12T15:05:30+00:00\",\"breadcrumb\":{\"@id\":\"https:\/\/energycitizens.org\/americas-natural-gas-and-oil-powering-colorados-recovery\/#breadcrumb\"},\"inLanguage\":\"es\",\"potentialAction\":[{\"@type\":\"ReadAction\",\"target\":[\"https:\/\/energycitizens.org\/americas-natural-gas-and-oil-powering-colorados-recovery\/\"]}]},{\"@type\":\"BreadcrumbList\",\"@id\":\"https:\/\/energycitizens.org\/americas-natural-gas-and-oil-powering-colorados-recovery\/#breadcrumb\",\"itemListElement\":[{\"@type\":\"ListItem\",\"position\":1,\"name\":\"Home\",\"item\":\"https:\/\/energycitizens.org\/\"},{\"@type\":\"ListItem\",\"position\":2,\"name\":\"America\u2019s Natural Gas and Oil: Powering Colorado\u2019s Recovery\"}]},{\"@type\":\"WebSite\",\"@id\":\"https:\/\/energycitizens.org\/#website\",\"url\":\"https:\/\/energycitizens.org\/\",\"name\":\"Energy Citizens\",\"description\":\"\",\"potentialAction\":[{\"@type\":\"SearchAction\",\"target\":{\"@type\":\"EntryPoint\",\"urlTemplate\":\"https:\/\/energycitizens.org\/?s={search_term_string}\"},\"query-input\":{\"@type\":\"PropertyValueSpecification\",\"valueRequired\":true,\"valueName\":\"search_term_string\"}}],\"inLanguage\":\"es\"}]}<\/script>\n<!-- \/ Yoast SEO plugin. -->","yoast_head_json":{"title":"America\u2019s Natural Gas and Oil: Powering Colorado\u2019s Recovery - Energy Citizens","robots":{"index":"index","follow":"follow","max-snippet":"max-snippet:-1","max-image-preview":"max-image-preview:large","max-video-preview":"max-video-preview:-1"},"canonical":"https:\/\/energycitizens.org\/es\/americas-natural-gas-and-oil-powering-colorados-recovery\/","og_locale":"es_MX","og_type":"article","og_title":"America\u2019s Natural Gas and Oil: Powering Colorado\u2019s Recovery - Energy Citizens","og_description":"Colorado\u2019s energy operators have proven resilient this year, delivering essential products and fuels while protecting the health and safety of our workers, communities and the environment. Energy development in Colorado \u2013 accelerated by innovative technologies, like hydraulic fracturing and horizontal drilling \u2013 has expanded access to the affordable, reliable fuels that heat our homes, power [&hellip;]","og_url":"https:\/\/energycitizens.org\/es\/americas-natural-gas-and-oil-powering-colorados-recovery\/","og_site_name":"Energy Citizens","article_modified_time":"2021-10-12T15:05:30+00:00","og_image":[{"width":1200,"height":630,"url":"https:\/\/energycitizens.org\/wp-content\/uploads\/2020\/10\/api.energy-citizens.share2_.png","type":"image\/png"}],"twitter_card":"summary_large_image","twitter_misc":{"Tiempo de lectura":"1 minuto"},"schema":{"@context":"https:\/\/schema.org","@graph":[{"@type":"WebPage","@id":"https:\/\/energycitizens.org\/americas-natural-gas-and-oil-powering-colorados-recovery\/","url":"https:\/\/energycitizens.org\/americas-natural-gas-and-oil-powering-colorados-recovery\/","name":"America\u2019s Natural Gas and Oil: Powering Colorado\u2019s Recovery - Energy Citizens","isPartOf":{"@id":"https:\/\/energycitizens.org\/#website"},"datePublished":"2021-02-03T04:17:20+00:00","dateModified":"2021-10-12T15:05:30+00:00","breadcrumb":{"@id":"https:\/\/energycitizens.org\/americas-natural-gas-and-oil-powering-colorados-recovery\/#breadcrumb"},"inLanguage":"es","potentialAction":[{"@type":"ReadAction","target":["https:\/\/energycitizens.org\/americas-natural-gas-and-oil-powering-colorados-recovery\/"]}]},{"@type":"BreadcrumbList","@id":"https:\/\/energycitizens.org\/americas-natural-gas-and-oil-powering-colorados-recovery\/#breadcrumb","itemListElement":[{"@type":"ListItem","position":1,"name":"Home","item":"https:\/\/energycitizens.org\/"},{"@type":"ListItem","position":2,"name":"America\u2019s Natural Gas and Oil: Powering Colorado\u2019s Recovery"}]},{"@type":"WebSite","@id":"https:\/\/energycitizens.org\/#website","url":"https:\/\/energycitizens.org\/","name":"L\u00edderes de la Energ\u00eda","description":"","potentialAction":[{"@type":"SearchAction","target":{"@type":"EntryPoint","urlTemplate":"https:\/\/energycitizens.org\/?s={search_term_string}"},"query-input":{"@type":"PropertyValueSpecification","valueRequired":true,"valueName":"search_term_string"}}],"inLanguage":"es"}]}},"toolset-meta":{"page-options":{"page-header-description":{"type":"wysiwyg","raw":""},"page-content-background-image":{"type":"image","raw":"","attachment_id":null},"state-logo":{"type":"image","raw":"","attachment_id":null}}},"_links":{"self":[{"href":"https:\/\/energycitizens.org\/es\/wp-json\/wp\/v2\/pages\/673","targetHints":{"allow":["GET"]}}],"collection":[{"href":"https:\/\/energycitizens.org\/es\/wp-json\/wp\/v2\/pages"}],"about":[{"href":"https:\/\/energycitizens.org\/es\/wp-json\/wp\/v2\/types\/page"}],"author":[{"embeddable":true,"href":"https:\/\/energycitizens.org\/es\/wp-json\/wp\/v2\/users\/8"}],"replies":[{"embeddable":true,"href":"https:\/\/energycitizens.org\/es\/wp-json\/wp\/v2\/comments?post=673"}],"version-history":[{"count":0,"href":"https:\/\/energycitizens.org\/es\/wp-json\/wp\/v2\/pages\/673\/revisions"}],"wp:attachment":[{"href":"https:\/\/energycitizens.org\/es\/wp-json\/wp\/v2\/media?parent=673"}],"curies":[{"name":"gracias","href":"https:\/\/api.w.org\/{rel}","templated":true}]}}