{"id":895,"date":"2021-05-25T16:07:35","date_gmt":"2021-05-25T16:07:35","guid":{"rendered":"https:\/\/energycitizens.org\/?page_id=895"},"modified":"2022-08-16T14:01:15","modified_gmt":"2022-08-16T14:01:15","slug":"digital-partnerships","status":"publish","type":"page","link":"https:\/\/energycitizens.org\/es\/digital-partnerships\/","title":{"rendered":"Asociaciones digitales"},"content":{"rendered":"<p>Los ciudadanos de la energ\u00eda se est\u00e1n conectando en todo el pa\u00eds, de todo tipo de formas. El objetivo de lograr progreso ambiental, crecimiento econ\u00f3mico y seguridad nacional a trav\u00e9s de la energ\u00eda s\u00f3lo puede lograrse trabajando juntos. Gracias a los esfuerzos de los l\u00edderes y equipos de la industria, hemos podido recibir a algunas de las mentes m\u00e1s brillantes del pa\u00eds mientras discuten temas cruciales para el futuro de Estados Unidos.<\/p>\n\n\n\n<figure class=\"wp-block-embed is-type-video is-provider-youtube wp-block-embed-youtube wp-embed-aspect-16-9 wp-has-aspect-ratio\"><div class=\"wp-block-embed__wrapper\">\n<iframe loading=\"lazy\" title=\"Mujeres de Ohio en energ\u00eda debaten sobre el hidr\u00f3geno\" width=\"500\" height=\"281\" src=\"https:\/\/www.youtube.com\/embed\/yZzlEJnfIVQ?feature=oembed\" frameborder=\"0\" allow=\"accelerometer; autoplay; clipboard-write; encrypted-media; gyroscope; picture-in-picture; web-share\" referrerpolicy=\"strict-origin-when-cross-origin\" allowfullscreen><\/iframe>\n<\/div><\/figure>\n\n\n\n<hr class=\"wp-block-separator has-css-opacity\"\/>\n\n\n\n<div class=\"wp-block-columns is-layout-flex wp-container-core-columns-is-layout-9d6595d7 wp-block-columns-is-layout-flex\">\n<div class=\"wp-block-column is-layout-flow wp-block-column-is-layout-flow\">\n<figure class=\"wp-block-embed is-type-video is-provider-youtube wp-block-embed-youtube wp-embed-aspect-16-9 wp-has-aspect-ratio\"><div class=\"wp-block-embed__wrapper\">\n<iframe loading=\"lazy\" title=\"Foro de Mujeres y Energ\u00eda de Pensilvania\" width=\"500\" height=\"281\" src=\"https:\/\/www.youtube.com\/embed\/7lFSXC8oGt8?feature=oembed\" frameborder=\"0\" allow=\"accelerometer; autoplay; clipboard-write; encrypted-media; gyroscope; picture-in-picture; web-share\" referrerpolicy=\"strict-origin-when-cross-origin\" allowfullscreen><\/iframe>\n<\/div><\/figure>\n<\/div>\n\n\n\n<div class=\"wp-block-column is-layout-flow wp-block-column-is-layout-flow\">\n<figure class=\"wp-block-embed is-type-video is-provider-youtube wp-block-embed-youtube wp-embed-aspect-16-9 wp-has-aspect-ratio\"><div class=\"wp-block-embed__wrapper\">\n<iframe loading=\"lazy\" title=\"Mujeres en STEM\" width=\"500\" height=\"281\" src=\"https:\/\/www.youtube.com\/embed\/jNrn19CLI28?feature=oembed\" frameborder=\"0\" allow=\"accelerometer; autoplay; clipboard-write; encrypted-media; gyroscope; picture-in-picture; web-share\" referrerpolicy=\"strict-origin-when-cross-origin\" allowfullscreen><\/iframe>\n<\/div><\/figure>\n<\/div>\n<\/div>\n\n\n\n<hr class=\"wp-block-separator has-css-opacity\"\/>\n\n\n\n<div class=\"wp-block-columns is-layout-flex wp-container-core-columns-is-layout-9d6595d7 wp-block-columns-is-layout-flex\">\n<div class=\"wp-block-column is-layout-flow wp-block-column-is-layout-flow\">\n<figure class=\"wp-block-embed is-type-video is-provider-youtube wp-block-embed-youtube wp-embed-aspect-16-9 wp-has-aspect-ratio\"><div class=\"wp-block-embed__wrapper\">\n<iframe loading=\"lazy\" title=\"Foro energ\u00e9tico Keystone 2021\" width=\"500\" height=\"281\" src=\"https:\/\/www.youtube.com\/embed\/S215PQzX4hs?feature=oembed\" frameborder=\"0\" allow=\"accelerometer; autoplay; clipboard-write; encrypted-media; gyroscope; picture-in-picture; web-share\" referrerpolicy=\"strict-origin-when-cross-origin\" allowfullscreen><\/iframe>\n<\/div><\/figure>\n<\/div>\n\n\n\n<div class=\"wp-block-column is-layout-flow wp-block-column-is-layout-flow\">\n<figure class=\"wp-block-embed is-type-video is-provider-youtube wp-block-embed-youtube wp-embed-aspect-16-9 wp-has-aspect-ratio\"><div class=\"wp-block-embed__wrapper\">\n<iframe loading=\"lazy\" title=\"Pensamiento iterativo y escucha activa: llegar a puntos en com\u00fan\" width=\"500\" height=\"281\" src=\"https:\/\/www.youtube.com\/embed\/2TDekoTOpZU?feature=oembed\" frameborder=\"0\" allow=\"accelerometer; autoplay; clipboard-write; encrypted-media; gyroscope; picture-in-picture; web-share\" referrerpolicy=\"strict-origin-when-cross-origin\" allowfullscreen><\/iframe>\n<\/div><\/figure>\n<\/div>\n<\/div>\n\n\n\n<hr class=\"wp-block-separator has-css-opacity\"\/>\n\n\n\n<div class=\"wp-block-columns is-layout-flex wp-container-core-columns-is-layout-9d6595d7 wp-block-columns-is-layout-flex\">\n<div class=\"wp-block-column is-layout-flow wp-block-column-is-layout-flow\">\n<figure class=\"wp-block-embed is-type-video is-provider-youtube wp-block-embed-youtube wp-embed-aspect-16-9 wp-has-aspect-ratio\"><div class=\"wp-block-embed__wrapper\">\n<iframe loading=\"lazy\" title=\"EL PAPEL DE LA INDUSTRIA DEL GAS NATURAL Y EL PETR\u00d3LEO: ENFRENTAR EL CAMBIO CLIM\u00c1TICO Y PROPORCIONAR ENERG\u00cdA A EE. UU.\" width=\"500\" height=\"281\" src=\"https:\/\/www.youtube.com\/embed\/XnSSKlGl5Bw?feature=oembed\" frameborder=\"0\" allow=\"accelerometer; autoplay; clipboard-write; encrypted-media; gyroscope; picture-in-picture; web-share\" referrerpolicy=\"strict-origin-when-cross-origin\" allowfullscreen><\/iframe>\n<\/div><\/figure>\n<\/div>\n\n\n\n<div class=\"wp-block-column is-layout-flow wp-block-column-is-layout-flow\">\n<figure class=\"wp-block-embed is-type-video is-provider-youtube wp-block-embed-youtube wp-embed-aspect-16-9 wp-has-aspect-ratio\"><div class=\"wp-block-embed__wrapper\">\n<iframe loading=\"lazy\" title=\"Foro de energ\u00eda Keystone\" width=\"500\" height=\"281\" src=\"https:\/\/www.youtube.com\/embed\/ke3umzNaY98?feature=oembed\" frameborder=\"0\" allow=\"accelerometer; autoplay; clipboard-write; encrypted-media; gyroscope; picture-in-picture; web-share\" referrerpolicy=\"strict-origin-when-cross-origin\" allowfullscreen><\/iframe>\n<\/div><\/figure>\n<\/div>\n<\/div>\n\n\n\n<hr class=\"wp-block-separator has-css-opacity\"\/>\n\n\n\n<div class=\"wp-block-columns is-layout-flex wp-container-core-columns-is-layout-9d6595d7 wp-block-columns-is-layout-flex\">\n<div class=\"wp-block-column is-layout-flow wp-block-column-is-layout-flow\">\n<figure class=\"wp-block-embed is-type-video is-provider-youtube wp-block-embed-youtube wp-embed-aspect-16-9 wp-has-aspect-ratio\"><div class=\"wp-block-embed__wrapper\">\n<iframe loading=\"lazy\" title=\"Creando perspectivas inclusivas\" width=\"500\" height=\"281\" src=\"https:\/\/www.youtube.com\/embed\/xWA4rTjAphg?start=1&#038;feature=oembed\" frameborder=\"0\" allow=\"accelerometer; autoplay; clipboard-write; encrypted-media; gyroscope; picture-in-picture; web-share\" referrerpolicy=\"strict-origin-when-cross-origin\" allowfullscreen><\/iframe>\n<\/div><\/figure>\n<\/div>\n\n\n\n<div class=\"wp-block-column is-layout-flow wp-block-column-is-layout-flow\"><\/div>\n<\/div>\n\n\n\n<p>Estos foros son s\u00f3lo el comienzo del trabajo que los ciudadanos de la energ\u00eda como usted est\u00e1n haciendo en todo el pa\u00eds. Ya sea construyendo relaciones con organizaciones locales o ayudando a organizar movimientos nacionales, cada conexi\u00f3n que se establece es un paso m\u00e1s que Estados Unidos da hacia un futuro energ\u00e9tico pr\u00f3spero.<\/p>","protected":false},"excerpt":{"rendered":"<p>Energy Citizens are connecting all over the country, in all kinds of ways. The goal of achieving environmental progress, economic growth, and national security through energy is one that can only be met by working together. Thanks to the efforts of industry leaders and teams, we\u2019ve been able to host some of the country\u2019s brightest [&hellip;]<\/p>\n","protected":false},"author":1,"featured_media":0,"parent":0,"menu_order":0,"comment_status":"closed","ping_status":"closed","template":"","meta":{"_acf_changed":false,"_editorskit_title_hidden":false,"_editorskit_reading_time":1,"_editorskit_is_block_options_detached":false,"_editorskit_block_options_position":"{}","inline_featured_image":false,"footnotes":""},"class_list":["post-895","page","type-page","status-publish","hentry"],"acf":[],"yoast_head":"<!-- This site is optimized with the Yoast SEO plugin v27.2 - https:\/\/yoast.com\/product\/yoast-seo-wordpress\/ -->\n<title>Digital Partnerships - Energy Citizens<\/title>\n<meta name=\"robots\" content=\"index, follow, max-snippet:-1, max-image-preview:large, max-video-preview:-1\" \/>\n<link rel=\"canonical\" href=\"https:\/\/energycitizens.org\/es\/digital-partnerships\/\" \/>\n<meta property=\"og:locale\" content=\"es_MX\" \/>\n<meta property=\"og:type\" content=\"article\" \/>\n<meta property=\"og:title\" content=\"Digital Partnerships - Energy Citizens\" \/>\n<meta property=\"og:description\" content=\"Energy Citizens are connecting all over the country, in all kinds of ways. The goal of achieving environmental progress, economic growth, and national security through energy is one that can only be met by working together. Thanks to the efforts of industry leaders and teams, we\u2019ve been able to host some of the country\u2019s brightest [&hellip;]\" \/>\n<meta property=\"og:url\" content=\"https:\/\/energycitizens.org\/es\/digital-partnerships\/\" \/>\n<meta property=\"og:site_name\" content=\"Energy Citizens\" \/>\n<meta property=\"article:modified_time\" content=\"2022-08-16T14:01:15+00:00\" \/>\n<meta property=\"og:image\" content=\"https:\/\/energycitizens.org\/wp-content\/uploads\/2020\/10\/api.energy-citizens.share2_.png\" \/>\n\t<meta property=\"og:image:width\" content=\"1200\" \/>\n\t<meta property=\"og:image:height\" content=\"630\" \/>\n\t<meta property=\"og:image:type\" content=\"image\/png\" \/>\n<meta name=\"twitter:card\" content=\"summary_large_image\" \/>\n<meta name=\"twitter:label1\" content=\"Tiempo de lectura\" \/>\n\t<meta name=\"twitter:data1\" content=\"1 minuto\" \/>\n<script type=\"application\/ld+json\" class=\"yoast-schema-graph\">{\"@context\":\"https:\/\/schema.org\",\"@graph\":[{\"@type\":\"WebPage\",\"@id\":\"https:\/\/energycitizens.org\/digital-partnerships\/\",\"url\":\"https:\/\/energycitizens.org\/digital-partnerships\/\",\"name\":\"Digital Partnerships - Energy Citizens\",\"isPartOf\":{\"@id\":\"https:\/\/energycitizens.org\/#website\"},\"datePublished\":\"2021-05-25T16:07:35+00:00\",\"dateModified\":\"2022-08-16T14:01:15+00:00\",\"breadcrumb\":{\"@id\":\"https:\/\/energycitizens.org\/digital-partnerships\/#breadcrumb\"},\"inLanguage\":\"es\",\"potentialAction\":[{\"@type\":\"ReadAction\",\"target\":[\"https:\/\/energycitizens.org\/digital-partnerships\/\"]}]},{\"@type\":\"BreadcrumbList\",\"@id\":\"https:\/\/energycitizens.org\/digital-partnerships\/#breadcrumb\",\"itemListElement\":[{\"@type\":\"ListItem\",\"position\":1,\"name\":\"Home\",\"item\":\"https:\/\/energycitizens.org\/\"},{\"@type\":\"ListItem\",\"position\":2,\"name\":\"Digital Partnerships\"}]},{\"@type\":\"WebSite\",\"@id\":\"https:\/\/energycitizens.org\/#website\",\"url\":\"https:\/\/energycitizens.org\/\",\"name\":\"Energy Citizens\",\"description\":\"\",\"potentialAction\":[{\"@type\":\"SearchAction\",\"target\":{\"@type\":\"EntryPoint\",\"urlTemplate\":\"https:\/\/energycitizens.org\/?s={search_term_string}\"},\"query-input\":{\"@type\":\"PropertyValueSpecification\",\"valueRequired\":true,\"valueName\":\"search_term_string\"}}],\"inLanguage\":\"es\"}]}<\/script>\n<!-- \/ Yoast SEO plugin. -->","yoast_head_json":{"title":"Digital Partnerships - Energy Citizens","robots":{"index":"index","follow":"follow","max-snippet":"max-snippet:-1","max-image-preview":"max-image-preview:large","max-video-preview":"max-video-preview:-1"},"canonical":"https:\/\/energycitizens.org\/es\/digital-partnerships\/","og_locale":"es_MX","og_type":"article","og_title":"Digital Partnerships - Energy Citizens","og_description":"Energy Citizens are connecting all over the country, in all kinds of ways. The goal of achieving environmental progress, economic growth, and national security through energy is one that can only be met by working together. Thanks to the efforts of industry leaders and teams, we\u2019ve been able to host some of the country\u2019s brightest [&hellip;]","og_url":"https:\/\/energycitizens.org\/es\/digital-partnerships\/","og_site_name":"Energy Citizens","article_modified_time":"2022-08-16T14:01:15+00:00","og_image":[{"width":1200,"height":630,"url":"https:\/\/energycitizens.org\/wp-content\/uploads\/2020\/10\/api.energy-citizens.share2_.png","type":"image\/png"}],"twitter_card":"summary_large_image","twitter_misc":{"Tiempo de lectura":"1 minuto"},"schema":{"@context":"https:\/\/schema.org","@graph":[{"@type":"WebPage","@id":"https:\/\/energycitizens.org\/digital-partnerships\/","url":"https:\/\/energycitizens.org\/digital-partnerships\/","name":"Digital Partnerships - Energy Citizens","isPartOf":{"@id":"https:\/\/energycitizens.org\/#website"},"datePublished":"2021-05-25T16:07:35+00:00","dateModified":"2022-08-16T14:01:15+00:00","breadcrumb":{"@id":"https:\/\/energycitizens.org\/digital-partnerships\/#breadcrumb"},"inLanguage":"es","potentialAction":[{"@type":"ReadAction","target":["https:\/\/energycitizens.org\/digital-partnerships\/"]}]},{"@type":"BreadcrumbList","@id":"https:\/\/energycitizens.org\/digital-partnerships\/#breadcrumb","itemListElement":[{"@type":"ListItem","position":1,"name":"Home","item":"https:\/\/energycitizens.org\/"},{"@type":"ListItem","position":2,"name":"Digital Partnerships"}]},{"@type":"WebSite","@id":"https:\/\/energycitizens.org\/#website","url":"https:\/\/energycitizens.org\/","name":"L\u00edderes de la Energ\u00eda","description":"","potentialAction":[{"@type":"SearchAction","target":{"@type":"EntryPoint","urlTemplate":"https:\/\/energycitizens.org\/?s={search_term_string}"},"query-input":{"@type":"PropertyValueSpecification","valueRequired":true,"valueName":"search_term_string"}}],"inLanguage":"es"}]}},"toolset-meta":{"page-options":{"page-header-description":{"type":"wysiwyg","raw":""},"page-content-background-image":{"type":"image","raw":"","attachment_id":null},"state-logo":{"type":"image","raw":"","attachment_id":null}}},"_links":{"self":[{"href":"https:\/\/energycitizens.org\/es\/wp-json\/wp\/v2\/pages\/895","targetHints":{"allow":["GET"]}}],"collection":[{"href":"https:\/\/energycitizens.org\/es\/wp-json\/wp\/v2\/pages"}],"about":[{"href":"https:\/\/energycitizens.org\/es\/wp-json\/wp\/v2\/types\/page"}],"author":[{"embeddable":true,"href":"https:\/\/energycitizens.org\/es\/wp-json\/wp\/v2\/users\/1"}],"replies":[{"embeddable":true,"href":"https:\/\/energycitizens.org\/es\/wp-json\/wp\/v2\/comments?post=895"}],"version-history":[{"count":0,"href":"https:\/\/energycitizens.org\/es\/wp-json\/wp\/v2\/pages\/895\/revisions"}],"wp:attachment":[{"href":"https:\/\/energycitizens.org\/es\/wp-json\/wp\/v2\/media?parent=895"}],"curies":[{"name":"gracias","href":"https:\/\/api.w.org\/{rel}","templated":true}]}}