{"id":9,"date":"2023-04-08T21:40:59","date_gmt":"2023-04-08T21:40:59","guid":{"rendered":"http:\/\/localhost:8080\/ec\/?page_id=9"},"modified":"2024-07-01T12:31:31","modified_gmt":"2024-07-01T12:31:31","slug":"join-us","status":"publish","type":"page","link":"https:\/\/energycitizens.org\/es\/join-us\/","title":{"rendered":"\u00danete a nosotros"},"content":{"rendered":"<div style=\"height:20px\" aria-hidden=\"true\" class=\"wp-block-spacer\"><\/div>\n\n\n\n<div class=\"wp-block-columns is-layout-flex wp-container-core-columns-is-layout-9d6595d7 wp-block-columns-is-layout-flex\">\n<div class=\"wp-block-column is-layout-flow wp-block-column-is-layout-flow\">\n<script>\n  var style = 1, script = document.createElement(\"script\");\n  script.src=\"https:\/\/speak4.app\/lp\/c291c5\/\" + (style ? \"styled\" : \"plain\") + \"\/index.js?ts=\" + new Date().getTime();\n  document.currentScript.after(script);\n<\/script>\n<p style=\"font-size: 14px; line-height: 1.2\">Gracias por unirte a nuestra campa\u00f1a. Al proporcionar su n\u00famero de tel\u00e9fono y direcci\u00f3n de correo electr\u00f3nico, usted acepta recibir llamadas, mensajes de texto, correos electr\u00f3nicos y\/o mensajes pregrabados autom\u00e1ticos peri\u00f3dicos a ese n\u00famero de nuestra organizaci\u00f3n. Su consentimiento no es una condici\u00f3n para comprar. Se pueden aplicar tarifas de mensajes y datos. Env\u00ede AYUDA para obtener ayuda. Env\u00ede un mensaje de texto con STOP para optar por no participar. Hacer clic <a style=\"border-bottom: 1px solid #676b71\" href=\"https:\/\/www.api.org\/privacy\" target=\"_blank\" title=\"pol\u00edtica de privacidad\" rel=\"noopener\">aqu\u00ed<\/a> para leer nuestra Pol\u00edtica de Privacidad.\n<\/p>\n<\/div>\n\n\n\n<div class=\"wp-block-column is-layout-flow wp-block-column-is-layout-flow\">\n<div class=\"tb-youtube\" data-toolset-blocks-youtube=\"e1b7ca70a98bac8ba0a3db6a935c8605\"><div><iframe data-src=\"https:\/\/www.youtube.com\/embed\/yvdXG9eRTAc?rel=0&#038;toolset=1\" frameborder=\"0\" allow=\"accelerometer; autoplay; encrypted-media; gyroscope; picture-in-picture\" allowfullscreen><\/iframe><\/div><\/div>\n<\/div>\n<\/div>\n\n\n\n<style>\nbody.page .post-head-container-wrapper{\n  background-position: center 25%;\n}\n.page-template-default .post-head-container-wrapper::before{\n  background-color: rgba(0,0,0,0.75)\n}\n<\/style>","protected":false},"excerpt":{"rendered":"<p>Thank you for joining our campaign. By providing your phone number and email address you consent to receive periodic automated calls, texts, emails, and\/or prerecorded messages at that number from our organization. Your consent is not a condition to purchase. Message &#038; Data Rates May Apply. Text HELP for help. Text STOP to opt out. [&hellip;]<\/p>\n","protected":false},"author":18,"featured_media":2432,"parent":0,"menu_order":0,"comment_status":"closed","ping_status":"closed","template":"","meta":{"_acf_changed":false,"_editorskit_title_hidden":false,"_editorskit_reading_time":0,"_editorskit_is_block_options_detached":false,"_editorskit_block_options_position":"{}","inline_featured_image":false,"footnotes":""},"class_list":["post-9","page","type-page","status-publish","has-post-thumbnail","hentry"],"acf":[],"yoast_head":"<!-- This site is optimized with the Yoast SEO plugin v27.2 - https:\/\/yoast.com\/product\/yoast-seo-wordpress\/ -->\n<title>Join Us - Energy Citizens<\/title>\n<meta name=\"robots\" content=\"index, follow, max-snippet:-1, max-image-preview:large, max-video-preview:-1\" \/>\n<link rel=\"canonical\" href=\"https:\/\/energycitizens.org\/es\/join-us\/\" \/>\n<meta property=\"og:locale\" content=\"es_MX\" \/>\n<meta property=\"og:type\" content=\"article\" \/>\n<meta property=\"og:title\" content=\"Join Us - Energy Citizens\" \/>\n<meta property=\"og:description\" content=\"Thank you for joining our campaign. By providing your phone number and email address you consent to receive periodic automated calls, texts, emails, and\/or prerecorded messages at that number from our organization. Your consent is not a condition to purchase. Message &#038; Data Rates May Apply. Text HELP for help. Text STOP to opt out. [&hellip;]\" \/>\n<meta property=\"og:url\" content=\"https:\/\/energycitizens.org\/es\/join-us\/\" \/>\n<meta property=\"og:site_name\" content=\"Energy Citizens\" \/>\n<meta property=\"article:modified_time\" content=\"2024-07-01T12:31:31+00:00\" \/>\n<meta property=\"og:image\" content=\"https:\/\/energycitizens.org\/wp-content\/uploads\/2024\/04\/DSC07387-1.jpg\" \/>\n\t<meta property=\"og:image:width\" content=\"1920\" \/>\n\t<meta property=\"og:image:height\" content=\"600\" \/>\n\t<meta property=\"og:image:type\" content=\"image\/jpeg\" \/>\n<meta name=\"twitter:card\" content=\"summary_large_image\" \/>\n<meta name=\"twitter:label1\" content=\"Tiempo de lectura\" \/>\n\t<meta name=\"twitter:data1\" content=\"1 minuto\" \/>\n<script type=\"application\/ld+json\" class=\"yoast-schema-graph\">{\"@context\":\"https:\/\/schema.org\",\"@graph\":[{\"@type\":\"WebPage\",\"@id\":\"https:\/\/energycitizens.org\/join-us\/\",\"url\":\"https:\/\/energycitizens.org\/join-us\/\",\"name\":\"Join Us - Energy Citizens\",\"isPartOf\":{\"@id\":\"https:\/\/energycitizens.org\/#website\"},\"primaryImageOfPage\":{\"@id\":\"https:\/\/energycitizens.org\/join-us\/#primaryimage\"},\"image\":{\"@id\":\"https:\/\/energycitizens.org\/join-us\/#primaryimage\"},\"thumbnailUrl\":\"https:\/\/energycitizens.org\/wp-content\/uploads\/2024\/04\/DSC07387-1.jpg\",\"datePublished\":\"2023-04-08T21:40:59+00:00\",\"dateModified\":\"2024-07-01T12:31:31+00:00\",\"breadcrumb\":{\"@id\":\"https:\/\/energycitizens.org\/join-us\/#breadcrumb\"},\"inLanguage\":\"es\",\"potentialAction\":[{\"@type\":\"ReadAction\",\"target\":[\"https:\/\/energycitizens.org\/join-us\/\"]}]},{\"@type\":\"ImageObject\",\"inLanguage\":\"es\",\"@id\":\"https:\/\/energycitizens.org\/join-us\/#primaryimage\",\"url\":\"https:\/\/energycitizens.org\/wp-content\/uploads\/2024\/04\/DSC07387-1.jpg\",\"contentUrl\":\"https:\/\/energycitizens.org\/wp-content\/uploads\/2024\/04\/DSC07387-1.jpg\",\"width\":1920,\"height\":600},{\"@type\":\"BreadcrumbList\",\"@id\":\"https:\/\/energycitizens.org\/join-us\/#breadcrumb\",\"itemListElement\":[{\"@type\":\"ListItem\",\"position\":1,\"name\":\"Home\",\"item\":\"https:\/\/energycitizens.org\/\"},{\"@type\":\"ListItem\",\"position\":2,\"name\":\"Join Us\"}]},{\"@type\":\"WebSite\",\"@id\":\"https:\/\/energycitizens.org\/#website\",\"url\":\"https:\/\/energycitizens.org\/\",\"name\":\"Energy Citizens\",\"description\":\"\",\"potentialAction\":[{\"@type\":\"SearchAction\",\"target\":{\"@type\":\"EntryPoint\",\"urlTemplate\":\"https:\/\/energycitizens.org\/?s={search_term_string}\"},\"query-input\":{\"@type\":\"PropertyValueSpecification\",\"valueRequired\":true,\"valueName\":\"search_term_string\"}}],\"inLanguage\":\"es\"}]}<\/script>\n<!-- \/ Yoast SEO plugin. -->","yoast_head_json":{"title":"\u00danase a nosotros - Ciudadanos de la energ\u00eda","robots":{"index":"index","follow":"follow","max-snippet":"max-snippet:-1","max-image-preview":"max-image-preview:large","max-video-preview":"max-video-preview:-1"},"canonical":"https:\/\/energycitizens.org\/es\/join-us\/","og_locale":"es_MX","og_type":"article","og_title":"Join Us - Energy Citizens","og_description":"Thank you for joining our campaign. By providing your phone number and email address you consent to receive periodic automated calls, texts, emails, and\/or prerecorded messages at that number from our organization. Your consent is not a condition to purchase. Message &#038; Data Rates May Apply. Text HELP for help. Text STOP to opt out. [&hellip;]","og_url":"https:\/\/energycitizens.org\/es\/join-us\/","og_site_name":"Energy Citizens","article_modified_time":"2024-07-01T12:31:31+00:00","og_image":[{"width":1920,"height":600,"url":"https:\/\/energycitizens.org\/wp-content\/uploads\/2024\/04\/DSC07387-1.jpg","type":"image\/jpeg"}],"twitter_card":"summary_large_image","twitter_misc":{"Tiempo de lectura":"1 minuto"},"schema":{"@context":"https:\/\/schema.org","@graph":[{"@type":"WebPage","@id":"https:\/\/energycitizens.org\/join-us\/","url":"https:\/\/energycitizens.org\/join-us\/","name":"\u00danase a nosotros - Ciudadanos de la energ\u00eda","isPartOf":{"@id":"https:\/\/energycitizens.org\/#website"},"primaryImageOfPage":{"@id":"https:\/\/energycitizens.org\/join-us\/#primaryimage"},"image":{"@id":"https:\/\/energycitizens.org\/join-us\/#primaryimage"},"thumbnailUrl":"https:\/\/energycitizens.org\/wp-content\/uploads\/2024\/04\/DSC07387-1.jpg","datePublished":"2023-04-08T21:40:59+00:00","dateModified":"2024-07-01T12:31:31+00:00","breadcrumb":{"@id":"https:\/\/energycitizens.org\/join-us\/#breadcrumb"},"inLanguage":"es","potentialAction":[{"@type":"ReadAction","target":["https:\/\/energycitizens.org\/join-us\/"]}]},{"@type":"ImageObject","inLanguage":"es","@id":"https:\/\/energycitizens.org\/join-us\/#primaryimage","url":"https:\/\/energycitizens.org\/wp-content\/uploads\/2024\/04\/DSC07387-1.jpg","contentUrl":"https:\/\/energycitizens.org\/wp-content\/uploads\/2024\/04\/DSC07387-1.jpg","width":1920,"height":600},{"@type":"BreadcrumbList","@id":"https:\/\/energycitizens.org\/join-us\/#breadcrumb","itemListElement":[{"@type":"ListItem","position":1,"name":"Home","item":"https:\/\/energycitizens.org\/"},{"@type":"ListItem","position":2,"name":"Join Us"}]},{"@type":"WebSite","@id":"https:\/\/energycitizens.org\/#website","url":"https:\/\/energycitizens.org\/","name":"L\u00edderes de la Energ\u00eda","description":"","potentialAction":[{"@type":"SearchAction","target":{"@type":"EntryPoint","urlTemplate":"https:\/\/energycitizens.org\/?s={search_term_string}"},"query-input":{"@type":"PropertyValueSpecification","valueRequired":true,"valueName":"search_term_string"}}],"inLanguage":"es"}]}},"toolset-meta":{"page-options":{"page-header-description":{"type":"wysiwyg","raw":"Energy Citizens is a movement focused on keeping America #1 in energy production and putting America\u2019s national security first. We are a diverse community of Americans who strongly believe that, in order to have a better future, we need affordable, reliable, and safe energy.\r\n<h5>Citizens like you, raising their voices.<\/h5>"},"page-content-background-image":{"type":"image","raw":"https:\/\/energycitizens.org\/wp-content\/uploads\/2023\/05\/green-squiggle-bkgd.png","attachment_id":1592},"state-logo":{"type":"image","raw":"","attachment_id":null}}},"_links":{"self":[{"href":"https:\/\/energycitizens.org\/es\/wp-json\/wp\/v2\/pages\/9","targetHints":{"allow":["GET"]}}],"collection":[{"href":"https:\/\/energycitizens.org\/es\/wp-json\/wp\/v2\/pages"}],"about":[{"href":"https:\/\/energycitizens.org\/es\/wp-json\/wp\/v2\/types\/page"}],"author":[{"embeddable":true,"href":"https:\/\/energycitizens.org\/es\/wp-json\/wp\/v2\/users\/18"}],"replies":[{"embeddable":true,"href":"https:\/\/energycitizens.org\/es\/wp-json\/wp\/v2\/comments?post=9"}],"version-history":[{"count":0,"href":"https:\/\/energycitizens.org\/es\/wp-json\/wp\/v2\/pages\/9\/revisions"}],"wp:featuredmedia":[{"embeddable":true,"href":"https:\/\/energycitizens.org\/es\/wp-json\/wp\/v2\/media\/2432"}],"wp:attachment":[{"href":"https:\/\/energycitizens.org\/es\/wp-json\/wp\/v2\/media?parent=9"}],"curies":[{"name":"gracias","href":"https:\/\/api.w.org\/{rel}","templated":true}]}}