{"id":946,"date":"2021-06-22T14:05:58","date_gmt":"2021-06-22T14:05:58","guid":{"rendered":"https:\/\/energycitizens.org\/?page_id=946"},"modified":"2021-06-22T14:26:13","modified_gmt":"2021-06-22T14:26:13","slug":"what-you-should-know-about-government-mandates-for-electric-vehicles","status":"publish","type":"page","link":"https:\/\/energycitizens.org\/es\/what-you-should-know-about-government-mandates-for-electric-vehicles\/","title":{"rendered":"Lo que debe saber sobre los mandatos gubernamentales para veh\u00edculos el\u00e9ctricos"},"content":{"rendered":"<p class=\"has-text-align-justify\">Considerados como una forma de abordar el cambio clim\u00e1tico y reducir las emisiones, los veh\u00edculos el\u00e9ctricos (EV) est\u00e1n generando mucho revuelo hoy en d\u00eda. Pensilvania se encuentra entre otros estados que avanzan con el mandato de exigir a los concesionarios de autom\u00f3viles que tengan una cierta cantidad de veh\u00edculos el\u00e9ctricos. Para hacer frente a los riesgos del cambio clim\u00e1tico se requiere un enfoque en el que todos participen, a trav\u00e9s de tecnolog\u00edas innovadoras y un campo de juego nivelado que respalde la elecci\u00f3n de los consumidores. El sector del transporte es, quiz\u00e1s, donde Estados Unidos puede hacer mayor uso de una <a href=\"https:\/\/www.motortrend.com\/news\/future-gasoline-internal-combustion-engine-ice-technology\/\">mezcla de nuevas tecnolog\u00edas<\/a> para reducir las emisiones de gases de efecto invernadero, utilizando veh\u00edculos que funcionen con bater\u00edas y motores que funcionen con los combustibles m\u00e1s limpios a base de petr\u00f3leo que existen hoy en d\u00eda.<\/p>\n\n\n\n<p class=\"has-text-align-justify\">Todo tipo de veh\u00edculos producen emisiones a lo largo de su ciclo de vida. Cuando se trata de veh\u00edculos el\u00e9ctricos, <a href=\"https:\/\/dispatches.business-humanrights.org\/human-rights-in-the-mineral-supply-chains-of-electric-vehicles\/index.html\">miner\u00eda<\/a> y fabricar la bater\u00eda de litio del autom\u00f3vil y cargarla utilizando la red el\u00e9ctrica (a menudo alimentada por gas natural) requiere energ\u00eda que produce emisiones. <a href=\"https:\/\/www.conservamerica.org\/latest-news\/report-highlights-importance-of-policy-neutrality-in-decarbonizing-transportation-sector\">El t\u00e9rmino Veh\u00edculo de Cero Emisiones es un nombre inapropiado<\/a>.<\/p>\n\n\n\n<p class=\"has-text-align-justify\">Reci\u00e9n desde 2004, el <a href=\"https:\/\/www.epa.gov\/automotive-trends\">Econom\u00eda de combustible de autom\u00f3viles, camionetas y SUV nuevos.<\/a> ha aumentado un 29 por ciento y sus emisiones de di\u00f3xido de carbono relacionadas han disminuido un 24 por ciento. Adem\u00e1s, los veh\u00edculos el\u00e9ctricos h\u00edbridos y con motores de combusti\u00f3n interna avanzados pueden lograr <a href=\"https:\/\/static1.squarespace.com\/static\/5d0c9cc5b4fb470001e12e6d\/t\/5fd1580999fe644e8a504a54\/1607555090612\/CA+Tech+Neutral+Paper+-+12.20+%281%29.pdf\" class=\"ek-link\">reducciones comparables en las emisiones de gases de efecto invernadero<\/a> como veh\u00edculos el\u00e9ctricos con bater\u00eda completa y equipamiento similar.<\/p>\n\n\n\n<p class=\"has-text-align-justify\">Sin embargo, Pensilvania, as\u00ed como otros estados y el gobierno federal, est\u00e1n impulsando pol\u00edticas para subsidiar la infraestructura de carga relacionada con los veh\u00edculos el\u00e9ctricos. Lo que eso significa es que todos correr\u00e1n con los costos adicionales de construir y mantener estaciones de carga para veh\u00edculos el\u00e9ctricos, independientemente del tipo de veh\u00edculo que conduzcan.<\/p>\n\n\n\n<p class=\"has-text-align-justify\">Actualmente, los consumidores pueden reclamar un cr\u00e9dito fiscal federal de hasta $7,500 para compras de veh\u00edculos el\u00e9ctricos que califiquen, adem\u00e1s de una variedad de programas de reembolso del gobierno estatal, pero estos cr\u00e9ditos benefician desproporcionadamente a los hogares de ingresos altos, cuyos veh\u00edculos est\u00e1n efectivamente subsidiados por otros contribuyentes. En 2018, 97% de las solicitudes de cr\u00e9dito fiscal federal sobre la renta BEV fueron presentadas por contribuyentes que ganaban $100,000 o m\u00e1s, seg\u00fan <a href=\"https:\/\/www.irs.gov\/statistics\/soi-tax-stats-individual-income-tax-returns-publication-1304-complete-report#_sec2\">Datos de la encuesta del Servicio de Impuestos Internos<\/a>.<\/p>\n\n\n\n<p class=\"has-text-align-justify\">L\u00ednea de fondo: <a href=\"https:\/\/transportationfacts.org\/tax-credits\/\">Los contribuyentes y los consumidores soportan los costes<\/a> de incentivos para la compra de veh\u00edculos el\u00e9ctricos y desarrollo de infraestructura. Esto supone una carga injusta para quienes no tienen veh\u00edculos el\u00e9ctricos, haci\u00e9ndoles pagar por un producto que tal vez nunca utilicen. Si bien hay mucho espacio en las carreteras para todo tipo de veh\u00edculos, el mercado deber\u00eda estar impulsado por las preferencias, necesidades y asequibilidad de los consumidores, no por mandatos gubernamentales.<\/p>","protected":false},"excerpt":{"rendered":"<p>Touted as a way to tackle climate change and reduce emissions, electric vehicles (EVs) are generating a lot of buzz nowadays. Pennsylvania is among other states moving forward with a mandate to require car dealerships to carry a certain number of EVs. \u00a0Tackling the risks of climate change takes an all-hands-on-deck approach across innovative technologies [&hellip;]<\/p>\n","protected":false},"author":8,"featured_media":0,"parent":0,"menu_order":0,"comment_status":"closed","ping_status":"closed","template":"","meta":{"_acf_changed":false,"_editorskit_title_hidden":false,"_editorskit_reading_time":1,"_editorskit_is_block_options_detached":false,"_editorskit_block_options_position":"{}","inline_featured_image":false,"footnotes":""},"class_list":["post-946","page","type-page","status-publish","hentry"],"acf":[],"yoast_head":"<!-- This site is optimized with the Yoast SEO plugin v27.2 - https:\/\/yoast.com\/product\/yoast-seo-wordpress\/ -->\n<title>What You Should Know About Government Mandates for Electric Vehicles - Energy Citizens<\/title>\n<meta name=\"robots\" content=\"index, follow, max-snippet:-1, max-image-preview:large, max-video-preview:-1\" \/>\n<link rel=\"canonical\" href=\"https:\/\/energycitizens.org\/es\/what-you-should-know-about-government-mandates-for-electric-vehicles\/\" \/>\n<meta property=\"og:locale\" content=\"es_MX\" \/>\n<meta property=\"og:type\" content=\"article\" \/>\n<meta property=\"og:title\" content=\"What You Should Know About Government Mandates for Electric Vehicles - Energy Citizens\" \/>\n<meta property=\"og:description\" content=\"Touted as a way to tackle climate change and reduce emissions, electric vehicles (EVs) are generating a lot of buzz nowadays. Pennsylvania is among other states moving forward with a mandate to require car dealerships to carry a certain number of EVs. \u00a0Tackling the risks of climate change takes an all-hands-on-deck approach across innovative technologies [&hellip;]\" \/>\n<meta property=\"og:url\" content=\"https:\/\/energycitizens.org\/es\/what-you-should-know-about-government-mandates-for-electric-vehicles\/\" \/>\n<meta property=\"og:site_name\" content=\"Energy Citizens\" \/>\n<meta property=\"article:modified_time\" content=\"2021-06-22T14:26:13+00:00\" \/>\n<meta property=\"og:image\" content=\"https:\/\/energycitizens.org\/wp-content\/uploads\/2020\/10\/api.energy-citizens.share2_.png\" \/>\n\t<meta property=\"og:image:width\" content=\"1200\" \/>\n\t<meta property=\"og:image:height\" content=\"630\" \/>\n\t<meta property=\"og:image:type\" content=\"image\/png\" \/>\n<meta name=\"twitter:card\" content=\"summary_large_image\" \/>\n<meta name=\"twitter:label1\" content=\"Tiempo de lectura\" \/>\n\t<meta name=\"twitter:data1\" content=\"2 minutos\" \/>\n<script type=\"application\/ld+json\" class=\"yoast-schema-graph\">{\"@context\":\"https:\/\/schema.org\",\"@graph\":[{\"@type\":\"WebPage\",\"@id\":\"https:\/\/energycitizens.org\/what-you-should-know-about-government-mandates-for-electric-vehicles\/\",\"url\":\"https:\/\/energycitizens.org\/what-you-should-know-about-government-mandates-for-electric-vehicles\/\",\"name\":\"What You Should Know About Government Mandates for Electric Vehicles - Energy Citizens\",\"isPartOf\":{\"@id\":\"https:\/\/energycitizens.org\/#website\"},\"datePublished\":\"2021-06-22T14:05:58+00:00\",\"dateModified\":\"2021-06-22T14:26:13+00:00\",\"breadcrumb\":{\"@id\":\"https:\/\/energycitizens.org\/what-you-should-know-about-government-mandates-for-electric-vehicles\/#breadcrumb\"},\"inLanguage\":\"es\",\"potentialAction\":[{\"@type\":\"ReadAction\",\"target\":[\"https:\/\/energycitizens.org\/what-you-should-know-about-government-mandates-for-electric-vehicles\/\"]}]},{\"@type\":\"BreadcrumbList\",\"@id\":\"https:\/\/energycitizens.org\/what-you-should-know-about-government-mandates-for-electric-vehicles\/#breadcrumb\",\"itemListElement\":[{\"@type\":\"ListItem\",\"position\":1,\"name\":\"Home\",\"item\":\"https:\/\/energycitizens.org\/\"},{\"@type\":\"ListItem\",\"position\":2,\"name\":\"What You Should Know About Government Mandates for Electric Vehicles\"}]},{\"@type\":\"WebSite\",\"@id\":\"https:\/\/energycitizens.org\/#website\",\"url\":\"https:\/\/energycitizens.org\/\",\"name\":\"Energy Citizens\",\"description\":\"\",\"potentialAction\":[{\"@type\":\"SearchAction\",\"target\":{\"@type\":\"EntryPoint\",\"urlTemplate\":\"https:\/\/energycitizens.org\/?s={search_term_string}\"},\"query-input\":{\"@type\":\"PropertyValueSpecification\",\"valueRequired\":true,\"valueName\":\"search_term_string\"}}],\"inLanguage\":\"es\"}]}<\/script>\n<!-- \/ Yoast SEO plugin. -->","yoast_head_json":{"title":"What You Should Know About Government Mandates for Electric Vehicles - Energy Citizens","robots":{"index":"index","follow":"follow","max-snippet":"max-snippet:-1","max-image-preview":"max-image-preview:large","max-video-preview":"max-video-preview:-1"},"canonical":"https:\/\/energycitizens.org\/es\/what-you-should-know-about-government-mandates-for-electric-vehicles\/","og_locale":"es_MX","og_type":"article","og_title":"What You Should Know About Government Mandates for Electric Vehicles - Energy Citizens","og_description":"Touted as a way to tackle climate change and reduce emissions, electric vehicles (EVs) are generating a lot of buzz nowadays. Pennsylvania is among other states moving forward with a mandate to require car dealerships to carry a certain number of EVs. \u00a0Tackling the risks of climate change takes an all-hands-on-deck approach across innovative technologies [&hellip;]","og_url":"https:\/\/energycitizens.org\/es\/what-you-should-know-about-government-mandates-for-electric-vehicles\/","og_site_name":"Energy Citizens","article_modified_time":"2021-06-22T14:26:13+00:00","og_image":[{"width":1200,"height":630,"url":"https:\/\/energycitizens.org\/wp-content\/uploads\/2020\/10\/api.energy-citizens.share2_.png","type":"image\/png"}],"twitter_card":"summary_large_image","twitter_misc":{"Tiempo de lectura":"2 minutos"},"schema":{"@context":"https:\/\/schema.org","@graph":[{"@type":"WebPage","@id":"https:\/\/energycitizens.org\/what-you-should-know-about-government-mandates-for-electric-vehicles\/","url":"https:\/\/energycitizens.org\/what-you-should-know-about-government-mandates-for-electric-vehicles\/","name":"What You Should Know About Government Mandates for Electric Vehicles - Energy Citizens","isPartOf":{"@id":"https:\/\/energycitizens.org\/#website"},"datePublished":"2021-06-22T14:05:58+00:00","dateModified":"2021-06-22T14:26:13+00:00","breadcrumb":{"@id":"https:\/\/energycitizens.org\/what-you-should-know-about-government-mandates-for-electric-vehicles\/#breadcrumb"},"inLanguage":"es","potentialAction":[{"@type":"ReadAction","target":["https:\/\/energycitizens.org\/what-you-should-know-about-government-mandates-for-electric-vehicles\/"]}]},{"@type":"BreadcrumbList","@id":"https:\/\/energycitizens.org\/what-you-should-know-about-government-mandates-for-electric-vehicles\/#breadcrumb","itemListElement":[{"@type":"ListItem","position":1,"name":"Home","item":"https:\/\/energycitizens.org\/"},{"@type":"ListItem","position":2,"name":"What You Should Know About Government Mandates for Electric Vehicles"}]},{"@type":"WebSite","@id":"https:\/\/energycitizens.org\/#website","url":"https:\/\/energycitizens.org\/","name":"L\u00edderes de la Energ\u00eda","description":"","potentialAction":[{"@type":"SearchAction","target":{"@type":"EntryPoint","urlTemplate":"https:\/\/energycitizens.org\/?s={search_term_string}"},"query-input":{"@type":"PropertyValueSpecification","valueRequired":true,"valueName":"search_term_string"}}],"inLanguage":"es"}]}},"toolset-meta":{"page-options":{"page-header-description":{"type":"wysiwyg","raw":""},"page-content-background-image":{"type":"image","raw":"","attachment_id":null},"state-logo":{"type":"image","raw":"","attachment_id":null}}},"_links":{"self":[{"href":"https:\/\/energycitizens.org\/es\/wp-json\/wp\/v2\/pages\/946","targetHints":{"allow":["GET"]}}],"collection":[{"href":"https:\/\/energycitizens.org\/es\/wp-json\/wp\/v2\/pages"}],"about":[{"href":"https:\/\/energycitizens.org\/es\/wp-json\/wp\/v2\/types\/page"}],"author":[{"embeddable":true,"href":"https:\/\/energycitizens.org\/es\/wp-json\/wp\/v2\/users\/8"}],"replies":[{"embeddable":true,"href":"https:\/\/energycitizens.org\/es\/wp-json\/wp\/v2\/comments?post=946"}],"version-history":[{"count":0,"href":"https:\/\/energycitizens.org\/es\/wp-json\/wp\/v2\/pages\/946\/revisions"}],"wp:attachment":[{"href":"https:\/\/energycitizens.org\/es\/wp-json\/wp\/v2\/media?parent=946"}],"curies":[{"name":"gracias","href":"https:\/\/api.w.org\/{rel}","templated":true}]}}