{"id":998,"date":"2021-09-20T14:21:18","date_gmt":"2021-09-20T14:21:18","guid":{"rendered":"https:\/\/energycitizens.org\/?page_id=998"},"modified":"2021-09-20T14:21:44","modified_gmt":"2021-09-20T14:21:44","slug":"join-us-aauw","status":"publish","type":"page","link":"https:\/\/energycitizens.org\/es\/join-us-aauw\/","title":{"rendered":"\u00danete a nosotros"},"content":{"rendered":"<p><strong>L\u00edderes de la Energ\u00eda<\/strong> es un movimiento centrado en mantener a Estados Unidos #1 en la producci\u00f3n de energ\u00eda y poner la seguridad nacional de Estados Unidos en primer lugar. Somos una comunidad diversa de estadounidenses que creemos firmemente que, para tener un futuro mejor, necesitamos energ\u00eda asequible, confiable y segura.<\/p>\n\n\n\n<iframe src=\"https:\/\/actions.energycitizens.org\/sign_up\/4011\/?frameless=true&#038;\" style=\" width:100%; min-height: 800px;\"><\/iframe>","protected":false},"excerpt":{"rendered":"<p>L\u00edderes de la Energ\u00eda es un movimiento centrado en mantener a Estados Unidos #1 en la producci\u00f3n de energ\u00eda y anteponer la seguridad nacional de Estados Unidos. Somos una comunidad diversa de estadounidenses que creemos firmemente que, para tener un futuro mejor, necesitamos energ\u00eda asequible, confiable y segura.<\/p>","protected":false},"author":8,"featured_media":0,"parent":0,"menu_order":0,"comment_status":"closed","ping_status":"closed","template":"","meta":{"_acf_changed":false,"_editorskit_title_hidden":false,"_editorskit_reading_time":1,"_editorskit_is_block_options_detached":false,"_editorskit_block_options_position":"{}","inline_featured_image":false,"footnotes":""},"class_list":["post-998","page","type-page","status-publish","hentry"],"acf":[],"yoast_head":"<!-- This site is optimized with the Yoast SEO plugin v27.2 - https:\/\/yoast.com\/product\/yoast-seo-wordpress\/ -->\n<title>Join Us - Energy Citizens<\/title>\n<meta name=\"robots\" content=\"index, follow, max-snippet:-1, max-image-preview:large, max-video-preview:-1\" \/>\n<link rel=\"canonical\" href=\"https:\/\/energycitizens.org\/es\/join-us-aauw\/\" \/>\n<meta property=\"og:locale\" content=\"es_MX\" \/>\n<meta property=\"og:type\" content=\"article\" \/>\n<meta property=\"og:title\" content=\"Join Us - Energy Citizens\" \/>\n<meta property=\"og:description\" content=\"Energy Citizens is a movement focused on keeping America #1 in energy production and putting America\u2019s national security first. We are a diverse community of Americans who strongly believe that, in order to have a better future, we need affordable, reliable, and safe energy.\" \/>\n<meta property=\"og:url\" content=\"https:\/\/energycitizens.org\/es\/join-us-aauw\/\" \/>\n<meta property=\"og:site_name\" content=\"Energy Citizens\" \/>\n<meta property=\"article:modified_time\" content=\"2021-09-20T14:21:44+00:00\" \/>\n<meta property=\"og:image\" content=\"https:\/\/energycitizens.org\/wp-content\/uploads\/2020\/10\/api.energy-citizens.share2_.png\" \/>\n\t<meta property=\"og:image:width\" content=\"1200\" \/>\n\t<meta property=\"og:image:height\" content=\"630\" \/>\n\t<meta property=\"og:image:type\" content=\"image\/png\" \/>\n<meta name=\"twitter:card\" content=\"summary_large_image\" \/>\n<meta name=\"twitter:label1\" content=\"Tiempo de lectura\" \/>\n\t<meta name=\"twitter:data1\" content=\"1 minuto\" \/>\n<script type=\"application\/ld+json\" class=\"yoast-schema-graph\">{\"@context\":\"https:\/\/schema.org\",\"@graph\":[{\"@type\":\"WebPage\",\"@id\":\"https:\/\/energycitizens.org\/join-us-aauw\/\",\"url\":\"https:\/\/energycitizens.org\/join-us-aauw\/\",\"name\":\"Join Us - Energy Citizens\",\"isPartOf\":{\"@id\":\"https:\/\/energycitizens.org\/#website\"},\"datePublished\":\"2021-09-20T14:21:18+00:00\",\"dateModified\":\"2021-09-20T14:21:44+00:00\",\"breadcrumb\":{\"@id\":\"https:\/\/energycitizens.org\/join-us-aauw\/#breadcrumb\"},\"inLanguage\":\"es\",\"potentialAction\":[{\"@type\":\"ReadAction\",\"target\":[\"https:\/\/energycitizens.org\/join-us-aauw\/\"]}]},{\"@type\":\"BreadcrumbList\",\"@id\":\"https:\/\/energycitizens.org\/join-us-aauw\/#breadcrumb\",\"itemListElement\":[{\"@type\":\"ListItem\",\"position\":1,\"name\":\"Home\",\"item\":\"https:\/\/energycitizens.org\/\"},{\"@type\":\"ListItem\",\"position\":2,\"name\":\"Join Us\"}]},{\"@type\":\"WebSite\",\"@id\":\"https:\/\/energycitizens.org\/#website\",\"url\":\"https:\/\/energycitizens.org\/\",\"name\":\"Energy Citizens\",\"description\":\"\",\"potentialAction\":[{\"@type\":\"SearchAction\",\"target\":{\"@type\":\"EntryPoint\",\"urlTemplate\":\"https:\/\/energycitizens.org\/?s={search_term_string}\"},\"query-input\":{\"@type\":\"PropertyValueSpecification\",\"valueRequired\":true,\"valueName\":\"search_term_string\"}}],\"inLanguage\":\"es\"}]}<\/script>\n<!-- \/ Yoast SEO plugin. -->","yoast_head_json":{"title":"\u00danase a nosotros - Ciudadanos de la energ\u00eda","robots":{"index":"index","follow":"follow","max-snippet":"max-snippet:-1","max-image-preview":"max-image-preview:large","max-video-preview":"max-video-preview:-1"},"canonical":"https:\/\/energycitizens.org\/es\/join-us-aauw\/","og_locale":"es_MX","og_type":"article","og_title":"Join Us - Energy Citizens","og_description":"Energy Citizens is a movement focused on keeping America #1 in energy production and putting America\u2019s national security first. We are a diverse community of Americans who strongly believe that, in order to have a better future, we need affordable, reliable, and safe energy.","og_url":"https:\/\/energycitizens.org\/es\/join-us-aauw\/","og_site_name":"Energy Citizens","article_modified_time":"2021-09-20T14:21:44+00:00","og_image":[{"width":1200,"height":630,"url":"https:\/\/energycitizens.org\/wp-content\/uploads\/2020\/10\/api.energy-citizens.share2_.png","type":"image\/png"}],"twitter_card":"summary_large_image","twitter_misc":{"Tiempo de lectura":"1 minuto"},"schema":{"@context":"https:\/\/schema.org","@graph":[{"@type":"WebPage","@id":"https:\/\/energycitizens.org\/join-us-aauw\/","url":"https:\/\/energycitizens.org\/join-us-aauw\/","name":"\u00danase a nosotros - Ciudadanos de la energ\u00eda","isPartOf":{"@id":"https:\/\/energycitizens.org\/#website"},"datePublished":"2021-09-20T14:21:18+00:00","dateModified":"2021-09-20T14:21:44+00:00","breadcrumb":{"@id":"https:\/\/energycitizens.org\/join-us-aauw\/#breadcrumb"},"inLanguage":"es","potentialAction":[{"@type":"ReadAction","target":["https:\/\/energycitizens.org\/join-us-aauw\/"]}]},{"@type":"BreadcrumbList","@id":"https:\/\/energycitizens.org\/join-us-aauw\/#breadcrumb","itemListElement":[{"@type":"ListItem","position":1,"name":"Home","item":"https:\/\/energycitizens.org\/"},{"@type":"ListItem","position":2,"name":"Join Us"}]},{"@type":"WebSite","@id":"https:\/\/energycitizens.org\/#website","url":"https:\/\/energycitizens.org\/","name":"L\u00edderes de la Energ\u00eda","description":"","potentialAction":[{"@type":"SearchAction","target":{"@type":"EntryPoint","urlTemplate":"https:\/\/energycitizens.org\/?s={search_term_string}"},"query-input":{"@type":"PropertyValueSpecification","valueRequired":true,"valueName":"search_term_string"}}],"inLanguage":"es"}]}},"toolset-meta":{"page-options":{"page-header-description":{"type":"wysiwyg","raw":""},"page-content-background-image":{"type":"image","raw":"","attachment_id":null},"state-logo":{"type":"image","raw":"","attachment_id":null}}},"_links":{"self":[{"href":"https:\/\/energycitizens.org\/es\/wp-json\/wp\/v2\/pages\/998","targetHints":{"allow":["GET"]}}],"collection":[{"href":"https:\/\/energycitizens.org\/es\/wp-json\/wp\/v2\/pages"}],"about":[{"href":"https:\/\/energycitizens.org\/es\/wp-json\/wp\/v2\/types\/page"}],"author":[{"embeddable":true,"href":"https:\/\/energycitizens.org\/es\/wp-json\/wp\/v2\/users\/8"}],"replies":[{"embeddable":true,"href":"https:\/\/energycitizens.org\/es\/wp-json\/wp\/v2\/comments?post=998"}],"version-history":[{"count":0,"href":"https:\/\/energycitizens.org\/es\/wp-json\/wp\/v2\/pages\/998\/revisions"}],"wp:attachment":[{"href":"https:\/\/energycitizens.org\/es\/wp-json\/wp\/v2\/media?parent=998"}],"curies":[{"name":"gracias","href":"https:\/\/api.w.org\/{rel}","templated":true}]}}